{"id":135,"date":"2024-02-13T10:35:17","date_gmt":"2024-02-13T10:35:17","guid":{"rendered":"https:\/\/xstore.8theme.com\/elementor3\/grocery-mega-market\/?page_id=135"},"modified":"2025-02-22T16:29:36","modified_gmt":"2025-02-22T15:29:36","slug":"contact","status":"publish","type":"page","link":"https:\/\/www.theblackcowshop.com\/nl\/contact\/","title":{"rendered":"Contactez-nous"},"content":{"rendered":"<div data-elementor-type=\"wp-page\" data-elementor-id=\"135\" class=\"elementor elementor-135\" data-elementor-post-type=\"page\">\n\t\t\t\t<div class=\"elementor-element elementor-element-83e1f22 e-flex e-con-boxed e-con e-parent\" data-id=\"83e1f22\" data-element_type=\"container\" data-e-type=\"container\">\n\t\t\t\t\t<div class=\"e-con-inner\">\n\t\t\t\t\t<\/div>\n\t\t\t\t<\/div>\n\t\t\t\t<section class=\"elementor-section elementor-top-section elementor-element elementor-element-9645e83 elementor-section-stretched elementor-section-boxed elementor-section-height-default elementor-section-height-default\" data-id=\"9645e83\" data-element_type=\"section\" data-e-type=\"section\" data-settings=\"{&quot;stretch_section&quot;:&quot;section-stretched&quot;,&quot;background_background&quot;:&quot;classic&quot;}\">\n\t\t\t\t\t\t<div class=\"elementor-container elementor-column-gap-custom\">\n\t\t\t\t\t<div class=\"elementor-column elementor-col-100 elementor-top-column elementor-element elementor-element-ebd8ff2\" data-id=\"ebd8ff2\" data-element_type=\"column\" data-e-type=\"column\">\n\t\t\t<div class=\"elementor-widget-wrap elementor-element-populated\">\n\t\t\t\t\t\t<div class=\"elementor-element elementor-element-8e38473 elementor-widget elementor-widget-spacer\" data-id=\"8e38473\" data-element_type=\"widget\" data-e-type=\"widget\" data-widget_type=\"spacer.default\">\n\t\t\t\t<div class=\"elementor-widget-container\">\n\t\t\t\t\t\t\t<div class=\"elementor-spacer\">\n\t\t\t<div class=\"elementor-spacer-inner\"><\/div>\n\t\t<\/div>\n\t\t\t\t\t\t<\/div>\n\t\t\t\t<\/div>\n\t\t\t\t<div class=\"elementor-element elementor-element-f1e8b08 elementor-align-left elementor-widget elementor-widget-etheme_icon_box\" data-id=\"f1e8b08\" data-element_type=\"widget\" data-e-type=\"widget\" data-settings=\"{&quot;icon_type&quot;:&quot;text&quot;}\" data-widget_type=\"etheme_icon_box.default\">\n\t\t\t\t<div class=\"elementor-widget-container\">\n\t\t\t\t\t\t\t\t<div class=\"etheme-icon-box etheme-icon-box-icon-position-top\">\n        \n                            \n                <div class=\"etheme-icon-box-icon etheme-icon-box-icon-type-text\">\n        \n                                            <span>\u00c9choppe V\u00e9gane<\/span>\n                                \n                <\/div>\n            \n                <div class=\"etheme-icon-box-content\">\n\t\t\n                                        \n                    \t\t\n                                            <p class=\"etheme-icon-box-description\">\n                            Chaque samedi (11h \u00e0 16h30)\nRue du Capilone 1 6220 Fleurus\nBelgique\n                        <\/p>\n                    \n                            \n                <\/div>\n\t\t\t<\/div>\n\t\t\t\t\t\t<\/div>\n\t\t\t\t<\/div>\n\t\t\t\t<div class=\"elementor-element elementor-element-376912d elementor-align-left elementor-widget elementor-widget-etheme_icon_box\" data-id=\"376912d\" data-element_type=\"widget\" data-e-type=\"widget\" data-settings=\"{&quot;icon_type&quot;:&quot;text&quot;}\" data-widget_type=\"etheme_icon_box.default\">\n\t\t\t\t<div class=\"elementor-widget-container\">\n\t\t\t\t\t\t\t\t<div class=\"etheme-icon-box etheme-icon-box-icon-position-top\">\n        \n                            \n                <div class=\"etheme-icon-box-icon etheme-icon-box-icon-type-text\">\n        \n                                            <span>Contactez-nous !<\/span>\n                                \n                <\/div>\n            \n                <div class=\"etheme-icon-box-content\">\n\t\t\n                                        \n                    \t\t\n                                            <p class=\"etheme-icon-box-description\">\n                            Mail. info@theblackcowshop.be\n<br>Tel. +32 479 35 76 10                         <\/p>\n                    \n                            \n                <\/div>\n\t\t\t<\/div>\n\t\t\t\t\t\t<\/div>\n\t\t\t\t<\/div>\n\t\t\t\t<div class=\"elementor-element elementor-element-505ca9b elementor-widget elementor-widget-heading\" data-id=\"505ca9b\" data-element_type=\"widget\" data-e-type=\"widget\" data-widget_type=\"heading.default\">\n\t\t\t\t<div class=\"elementor-widget-container\">\n\t\t\t\t\t<h2 class=\"elementor-heading-title elementor-size-default\">Suivez-nous<\/h2>\t\t\t\t<\/div>\n\t\t\t\t<\/div>\n\t\t\t\t<div class=\"elementor-element elementor-element-8c86ac0 elementor-widget elementor-widget-etheme-follow\" data-id=\"8c86ac0\" data-element_type=\"widget\" data-e-type=\"widget\" data-widget_type=\"etheme-follow.default\">\n\t\t\t\t<div class=\"elementor-widget-container\">\n\t\t\t\t\t\n        <div class=\"et-follow-buttons buttons-size-large justify-content- icons-filled follow-668\">\n\n                                    <a href=\"https:\/\/www.facebook.com\/theblackcowshop\" class=\"follow-facebook\" target=\"_blank\" rel=\"nofollow noopener\">\n                            <i class=\"et-icon et-facebook\"><\/i>\n                                                            <span class=\"screen-reader-text\">Facebook<\/span>\n                                                    <\/a>\n                                            <a href=\"http:\/\/instagram.com\/theblackcowshop\/\" class=\"follow-instagram\" target=\"_blank\" rel=\"nofollow noopener\">\n                            <i class=\"et-icon et-instagram\"><\/i>\n                                                            <span class=\"screen-reader-text\">Instagram<\/span>\n                                                    <\/a>\n                                            <a href=\"https:\/\/www.linkedin.com\/company\/theblackcowshop\/\" class=\"follow-linkedin\" target=\"_blank\" rel=\"nofollow noopener\">\n                            <i class=\"et-icon et-linkedin\"><\/i>\n                                                            <span class=\"screen-reader-text\">Linkedin<\/span>\n                                                    <\/a>\n                                            <a href=\"http:\/\/tiktok.com\/@theblackcowshop\" class=\"follow-tik-tok\" target=\"_blank\" rel=\"nofollow noopener\">\n                            <i class=\"et-icon et-tik-tok\"><\/i>\n                                                            <span class=\"screen-reader-text\">Tik-tok<\/span>\n                                                    <\/a>\n                    \n        <\/div>\n\n        \t\t\t\t<\/div>\n\t\t\t\t<\/div>\n\t\t\t\t\t<\/div>\n\t\t<\/div>\n\t\t\t\t\t<\/div>\n\t\t<\/section>\n\t\t\t\t<\/div>","protected":false},"excerpt":{"rendered":"<p>\u00c9choppe V\u00e9gane Chaque samedi (11h \u00e0 16h30) Rue du Capilone 1 6220 Fleurus Belgique Contactez-nous ! Mail. info@theblackcowshop.be Tel. +32 479 35 76 10 Suivez-nous&#8230;<\/p>","protected":false},"author":1,"featured_media":0,"parent":0,"menu_order":0,"comment_status":"closed","ping_status":"closed","template":"","meta":{"_acf_changed":false,"footnotes":""},"class_list":["post-135","page","type-page","status-publish","hentry"],"acf":[],"_links":{"self":[{"href":"https:\/\/www.theblackcowshop.com\/nl\/wp-json\/wp\/v2\/pages\/135","targetHints":{"allow":["GET"]}}],"collection":[{"href":"https:\/\/www.theblackcowshop.com\/nl\/wp-json\/wp\/v2\/pages"}],"about":[{"href":"https:\/\/www.theblackcowshop.com\/nl\/wp-json\/wp\/v2\/types\/page"}],"author":[{"embeddable":true,"href":"https:\/\/www.theblackcowshop.com\/nl\/wp-json\/wp\/v2\/users\/1"}],"replies":[{"embeddable":true,"href":"https:\/\/www.theblackcowshop.com\/nl\/wp-json\/wp\/v2\/comments?post=135"}],"version-history":[{"count":7,"href":"https:\/\/www.theblackcowshop.com\/nl\/wp-json\/wp\/v2\/pages\/135\/revisions"}],"predecessor-version":[{"id":29387,"href":"https:\/\/www.theblackcowshop.com\/nl\/wp-json\/wp\/v2\/pages\/135\/revisions\/29387"}],"wp:attachment":[{"href":"https:\/\/www.theblackcowshop.com\/nl\/wp-json\/wp\/v2\/media?parent=135"}],"curies":[{"name":"wp","href":"https:\/\/api.w.org\/{rel}","templated":true}]}}