{"id":23861,"date":"2024-08-28T08:17:12","date_gmt":"2024-08-28T06:17:12","guid":{"rendered":"https:\/\/www.theblackcowshop.com\/?page_id=23861"},"modified":"2024-08-28T08:22:03","modified_gmt":"2024-08-28T06:22:03","slug":"mentions-legales","status":"publish","type":"page","link":"https:\/\/www.theblackcowshop.com\/nl\/mentions-legales\/","title":{"rendered":"Mentions l\u00e9gales"},"content":{"rendered":"<h3>Mentions L\u00e9gales<\/h3>\n<p><strong>Nom de l\u2019entreprise :<\/strong> The Black Cow Shop<br \/><strong>Num\u00e9ro d\u2019entreprise :<\/strong> 0753.621.209<br \/><strong>Num\u00e9ro de l\u2019unit\u00e9 d\u2019\u00e9tablissement :<\/strong> 2.306.347.917<br \/><strong>Statut de l\u2019entit\u00e9 :<\/strong> Actif<br \/><strong>Date de d\u00e9but d&rsquo;activit\u00e9 :<\/strong> 1 octobre 2020<br \/><strong>Adresse du si\u00e8ge social :<\/strong> Rue de Goz\u00e9e (BST) 11, 6531 Thuin, Belgique<br \/><strong>Num\u00e9ro de t\u00e9l\u00e9phone :<\/strong> +32 479 35 76 10<br \/><strong>Adresse email :<\/strong> <a rel=\"noopener\">info@theblackcowshop.be<\/a><br \/><strong>Site web :<\/strong> <a href=\"https:\/\/www.theblackcowshop.com\/nl\/\" target=\"_new\" rel=\"noopener\">https:\/\/www.theblackcowshop.com\/<\/a><\/p>\n<p><strong>Directeur de la publication :<\/strong> In\u00e8s Lazzerini<br \/><strong>H\u00e9bergeur du site :<\/strong> OVH, 2 rue Kellermann, 59100 Roubaix, France, T\u00e9l\u00e9phone : +33 9 72 10 10 07<\/p>\n<p><strong>Propri\u00e9t\u00e9 intellectuelle :<\/strong><br \/>Tous les contenus pr\u00e9sents sur le site (textes, images, logos) sont prot\u00e9g\u00e9s par les droits d&rsquo;auteur et sont la propri\u00e9t\u00e9 exclusive de The Black Cow Shop. Toute reproduction, distribution ou utilisation de ces contenus sans autorisation est interdite.<\/p>","protected":false},"excerpt":{"rendered":"<p>Mentions L\u00e9gales Nom de l\u2019entreprise : The Black Cow ShopNum\u00e9ro d\u2019entreprise : 0753.621.209Num\u00e9ro de l\u2019unit\u00e9 d\u2019\u00e9tablissement : 2.306.347.917Statut de l\u2019entit\u00e9 : ActifDate de d\u00e9but d&rsquo;activit\u00e9&#8230;<\/p>","protected":false},"author":1,"featured_media":0,"parent":0,"menu_order":0,"comment_status":"closed","ping_status":"closed","template":"","meta":{"_acf_changed":false,"footnotes":""},"class_list":["post-23861","page","type-page","status-publish","hentry"],"acf":[],"_links":{"self":[{"href":"https:\/\/www.theblackcowshop.com\/nl\/wp-json\/wp\/v2\/pages\/23861","targetHints":{"allow":["GET"]}}],"collection":[{"href":"https:\/\/www.theblackcowshop.com\/nl\/wp-json\/wp\/v2\/pages"}],"about":[{"href":"https:\/\/www.theblackcowshop.com\/nl\/wp-json\/wp\/v2\/types\/page"}],"author":[{"embeddable":true,"href":"https:\/\/www.theblackcowshop.com\/nl\/wp-json\/wp\/v2\/users\/1"}],"replies":[{"embeddable":true,"href":"https:\/\/www.theblackcowshop.com\/nl\/wp-json\/wp\/v2\/comments?post=23861"}],"version-history":[{"count":0,"href":"https:\/\/www.theblackcowshop.com\/nl\/wp-json\/wp\/v2\/pages\/23861\/revisions"}],"wp:attachment":[{"href":"https:\/\/www.theblackcowshop.com\/nl\/wp-json\/wp\/v2\/media?parent=23861"}],"curies":[{"name":"wp","href":"https:\/\/api.w.org\/{rel}","templated":true}]}}