{"id":30182,"date":"2025-05-12T13:59:44","date_gmt":"2025-05-12T11:59:44","guid":{"rendered":"https:\/\/www.theblackcowshop.com\/?page_id=30182"},"modified":"2025-05-12T15:05:11","modified_gmt":"2025-05-12T13:05:11","slug":"veganotheque","status":"publish","type":"page","link":"https:\/\/www.theblackcowshop.com\/nl\/veganotheque\/","title":{"rendered":"Veganoth\u00e8que"},"content":{"rendered":"<div data-elementor-type=\"wp-page\" data-elementor-id=\"30182\" class=\"elementor elementor-30182\" data-elementor-post-type=\"page\">\n\t\t\t\t<div class=\"elementor-element elementor-element-4b1e3e6 e-flex e-con-boxed e-con e-parent\" data-id=\"4b1e3e6\" data-element_type=\"container\" data-e-type=\"container\">\n\t\t\t\t\t<div class=\"e-con-inner\">\n\t\t<div class=\"elementor-element elementor-element-b167cfc e-con-full e-flex e-con e-child\" data-id=\"b167cfc\" data-element_type=\"container\" data-e-type=\"container\">\n\t\t\t\t<div class=\"elementor-element elementor-element-a1e0d71 elementor-widget elementor-widget-heading\" data-id=\"a1e0d71\" data-element_type=\"widget\" data-e-type=\"widget\" data-widget_type=\"heading.default\">\n\t\t\t\t<div class=\"elementor-widget-container\">\n\t\t\t\t\t<h1 class=\"elementor-heading-title elementor-size-default\">Veganoth\u00e8que, le r\u00e9pertoire v\u00e9gane<\/h1>\t\t\t\t<\/div>\n\t\t\t\t<\/div>\n\t\t\t\t<\/div>\n\t\t<div class=\"elementor-element elementor-element-24498e5 e-con-full e-flex e-con e-child\" data-id=\"24498e5\" data-element_type=\"container\" data-e-type=\"container\">\n\t\t<div class=\"elementor-element elementor-element-d9aab7c e-con-full e-flex e-con e-child\" data-id=\"d9aab7c\" data-element_type=\"container\" data-e-type=\"container\">\n\t\t\t\t<div class=\"elementor-element elementor-element-672e013 elementor-widget__width-initial elementor-widget elementor-widget-banner\" data-id=\"672e013\" data-element_type=\"widget\" data-e-type=\"widget\" data-widget_type=\"banner.default\">\n\t\t\t\t<div class=\"elementor-widget-container\">\n\t\t\t\t\t        <div id=\"banner-6219\" class=\"banner  cursor-pointer banner-type-2 et_image-with-hover et_image-hover-2 with-diagonal valign-middle font-style-dark\" onclick=\"window.location='https:\/\/www.theblackcowshop.com\/recettes-vegan\/'\">\n\n\t\t\t\n\t\t\t\t<img loading=\"lazy\" decoding=\"async\" width=\"1169\" height=\"876\" src=\"https:\/\/www.theblackcowshop.com\/wp-content\/uploads\/xstore\/xstore-placeholder.png\" data-src=\"https:\/\/www.theblackcowshop.com\/wp-content\/uploads\/2025\/05\/Capture-decran-2025-02-11-180502-1.png\" class=\"lazyload lazyload-simple et-lazyload-fadeIn\" alt=\"steak vegan belgique planted recette\" data-srcset=\"https:\/\/www.theblackcowshop.com\/wp-content\/uploads\/2025\/05\/Capture-decran-2025-02-11-180502-1.png 1169w, https:\/\/www.theblackcowshop.com\/wp-content\/uploads\/2025\/05\/Capture-decran-2025-02-11-180502-1-300x225.png 300w, https:\/\/www.theblackcowshop.com\/wp-content\/uploads\/2025\/05\/Capture-decran-2025-02-11-180502-1-1024x767.png 1024w, https:\/\/www.theblackcowshop.com\/wp-content\/uploads\/2025\/05\/Capture-decran-2025-02-11-180502-1-768x576.png 768w, https:\/\/www.theblackcowshop.com\/wp-content\/uploads\/2025\/05\/Capture-decran-2025-02-11-180502-1-16x12.png 16w, https:\/\/www.theblackcowshop.com\/wp-content\/uploads\/2025\/05\/Capture-decran-2025-02-11-180502-1-600x450.png 600w, https:\/\/www.theblackcowshop.com\/wp-content\/uploads\/2025\/05\/Capture-decran-2025-02-11-180502-1-1x1.png 1w, https:\/\/www.theblackcowshop.com\/wp-content\/uploads\/2025\/05\/Capture-decran-2025-02-11-180502-1-10x7.png 10w\" data-sizes=\"(max-width: 1169px) 100vw, 1169px\" \/>                <div class=\"banner-content\">\n\n\t\t\t\t\t<h2 class=\"banner-title\"><span>Recettes Vegan<\/span><\/h2>                    <div class=\"content-inner\">\n\n\t\t\t\t\t\t\n                    <\/div>\n\t\t\t\t\t                    <div class=\"button-wrap\">\n\n\t\t\t\t\t\t\n\t\t\t\t\t\t\n                        <div onclick=\"window.location='https:\/\/www.theblackcowshop.com\/recettes-vegan\/'\" class=\"banner-button btn medium inline-block  cursor-pointer\">\n\t\t\t\t\t\tD\u00e9couvrez Nos Id\u00e9es De Recettes V\u00e9g\u00e9taliennes &gt;                    <\/div>\n\n                <\/div>\n\t\t\t        <\/div>\n\n\t\t        <\/div>\n\n\t\t\t\t\t\t<\/div>\n\t\t\t\t<\/div>\n\t\t\t\t<\/div>\n\t\t<div class=\"elementor-element elementor-element-8375787 e-con-full e-flex e-con e-child\" data-id=\"8375787\" data-element_type=\"container\" data-e-type=\"container\">\n\t\t\t\t<div class=\"elementor-element elementor-element-7dcaa33 elementor-widget__width-initial elementor-widget elementor-widget-banner\" data-id=\"7dcaa33\" data-element_type=\"widget\" data-e-type=\"widget\" data-settings=\"{&quot;use_default_tags&quot;:&quot;no&quot;}\" data-widget_type=\"banner.default\">\n\t\t\t\t<div class=\"elementor-widget-container\">\n\t\t\t\t\t        <div id=\"banner-3002\" class=\"banner  banner-type-2 et_image-with-hover et_image-hover-2 with-diagonal valign-middle font-style-dark\" >\n\n\t\t\t\n\t\t\t\t<img loading=\"lazy\" decoding=\"async\" width=\"1591\" height=\"1193\" src=\"https:\/\/www.theblackcowshop.com\/wp-content\/uploads\/xstore\/xstore-placeholder.png\" data-src=\"https:\/\/www.theblackcowshop.com\/wp-content\/uploads\/2025\/05\/LRAInesEdith-\u00a9-Katia-AR-2022-2-scaled.jpg\" class=\"lazyload lazyload-simple et-lazyload-fadeIn\" alt=\"repertoire vegan liste belgique animaux\" data-srcset=\"https:\/\/www.theblackcowshop.com\/wp-content\/uploads\/2025\/05\/LRAInesEdith-\u00a9-Katia-AR-2022-2-scaled.jpg 1591w, https:\/\/www.theblackcowshop.com\/wp-content\/uploads\/2025\/05\/LRAInesEdith-\u00a9-Katia-AR-2022-2-300x225.jpg 300w, https:\/\/www.theblackcowshop.com\/wp-content\/uploads\/2025\/05\/LRAInesEdith-\u00a9-Katia-AR-2022-2-1024x768.jpg 1024w, https:\/\/www.theblackcowshop.com\/wp-content\/uploads\/2025\/05\/LRAInesEdith-\u00a9-Katia-AR-2022-2-768x576.jpg 768w, https:\/\/www.theblackcowshop.com\/wp-content\/uploads\/2025\/05\/LRAInesEdith-\u00a9-Katia-AR-2022-2-1536x1152.jpg 1536w, https:\/\/www.theblackcowshop.com\/wp-content\/uploads\/2025\/05\/LRAInesEdith-\u00a9-Katia-AR-2022-2-2048x1536.jpg 2048w, https:\/\/www.theblackcowshop.com\/wp-content\/uploads\/2025\/05\/LRAInesEdith-\u00a9-Katia-AR-2022-2-16x12.jpg 16w, https:\/\/www.theblackcowshop.com\/wp-content\/uploads\/2025\/05\/LRAInesEdith-\u00a9-Katia-AR-2022-2-600x450.jpg 600w, https:\/\/www.theblackcowshop.com\/wp-content\/uploads\/2025\/05\/LRAInesEdith-\u00a9-Katia-AR-2022-2-1x1.jpg 1w, https:\/\/www.theblackcowshop.com\/wp-content\/uploads\/2025\/05\/LRAInesEdith-\u00a9-Katia-AR-2022-2-10x7.jpg 10w\" data-sizes=\"(max-width: 1591px) 100vw, 1591px\" \/>                <div class=\"banner-content\">\n\n\t\t\t\t\t<h2 class=\"banner-title\"><span>R\u00e9pertoires<\/span><\/h2>                    <div class=\"content-inner\">\n\n\t\t\t\t\t\t\n                    <\/div>\n\t\t\t\t\t                    <div class=\"button-wrap\">\n\n\t\t\t\t\t\t\n\t\t\t\t\t\t\n                        <div class=\"banner-button btn medium inline-block\">\n\t\t\t\t\t\tD\u00e9couvrez Nos Listes Pratiques &gt;                    <\/div>\n\n                <\/div>\n\t\t\t        <\/div>\n\n\t\t        <\/div>\n\n\t\t\t\t\t\t<\/div>\n\t\t\t\t<\/div>\n\t\t\t\t<\/div>\n\t\t\t\t<\/div>\n\t\t\t\t\t<\/div>\n\t\t\t\t<\/div>\n\t\t\t\t<\/div>","protected":false},"excerpt":{"rendered":"<p>Veganoth\u00e8que, le r\u00e9pertoire v\u00e9gane Recettes Vegan D\u00e9couvrez Nos Id\u00e9es De Recettes V\u00e9g\u00e9taliennes &gt; R\u00e9pertoires D\u00e9couvrez Nos Listes Pratiques &gt;<\/p>","protected":false},"author":1,"featured_media":0,"parent":0,"menu_order":0,"comment_status":"closed","ping_status":"closed","template":"","meta":{"_acf_changed":false,"footnotes":""},"class_list":["post-30182","page","type-page","status-publish","hentry"],"acf":[],"_links":{"self":[{"href":"https:\/\/www.theblackcowshop.com\/nl\/wp-json\/wp\/v2\/pages\/30182","targetHints":{"allow":["GET"]}}],"collection":[{"href":"https:\/\/www.theblackcowshop.com\/nl\/wp-json\/wp\/v2\/pages"}],"about":[{"href":"https:\/\/www.theblackcowshop.com\/nl\/wp-json\/wp\/v2\/types\/page"}],"author":[{"embeddable":true,"href":"https:\/\/www.theblackcowshop.com\/nl\/wp-json\/wp\/v2\/users\/1"}],"replies":[{"embeddable":true,"href":"https:\/\/www.theblackcowshop.com\/nl\/wp-json\/wp\/v2\/comments?post=30182"}],"version-history":[{"count":16,"href":"https:\/\/www.theblackcowshop.com\/nl\/wp-json\/wp\/v2\/pages\/30182\/revisions"}],"predecessor-version":[{"id":30218,"href":"https:\/\/www.theblackcowshop.com\/nl\/wp-json\/wp\/v2\/pages\/30182\/revisions\/30218"}],"wp:attachment":[{"href":"https:\/\/www.theblackcowshop.com\/nl\/wp-json\/wp\/v2\/media?parent=30182"}],"curies":[{"name":"wp","href":"https:\/\/api.w.org\/{rel}","templated":true}]}}