{"id":13320,"date":"2024-10-31T19:27:18","date_gmt":"2024-10-31T18:27:18","guid":{"rendered":"https:\/\/www.theblackcowshop.com\/?post_type=product&#038;p=13320"},"modified":"2026-03-12T14:02:56","modified_gmt":"2026-03-12T13:02:56","slug":"assaisonnement-vegetal-boeuf-bourguignon-100g-maitres-veganiers","status":"publish","type":"product","link":"https:\/\/www.theblackcowshop.com\/nl\/product\/assaisonnement-vegetal-boeuf-bourguignon-100g-maitres-veganiers\/","title":{"rendered":"Assaisonnement \u201cGo\u00fbt Boeuf Bourguignon\u201d 75g &#8211; V\u00e9T\u00e9Jal"},"content":{"rendered":"<p><strong>Donnez un go\u00fbt de boeuf bourguignon (et surtout sans vache !!!) \u00e0 tous vos plats ! D\u00e9gustez-le dans la marinade de votre tofu, avec nos prot\u00e9ines de soja ou dans tout autre plat en sauce\u00a0 ! Soyez cr\u00e9atifs ! Tenez-vous pr\u00eats, les assaisonnements VEGAHIMSA vont litt\u00e9ralement r\u00e9volutionner votre cuisine v\u00e9g\u00e9tale \ud83e\udd29<\/strong><\/p>\n<p><span style=\"text-decoration: underline\">Ingr\u00e9dients<\/span> : Amidon de ma\u00efs*, sel, extrait de levure*, oignon*, persil*, curcuma*, ar\u00f4mes naturels, ail*<\/p>\n<p><em>Sans gluten, sans ar\u00f4mes artificiels, sans glutamate et sans sucre ajout\u00e9<\/em><\/p>\n<p><span style=\"text-decoration: underline\">Conseil d&rsquo;utilisation<\/span> : M\u00e9langez 20g pour 1l d\u2019eau. Avec nos bouillons, \u00e9laborez \u00e9galement des fonds de sauce rapides et savoureux : il suffit de les faire frire avec vos aromates avant de d\u00e9glacer !<\/p>\n<p><span style=\"text-decoration: underline\">Valeurs nutritionnelles pour 100 g<\/span> :<\/p>\n<div class=\"valeurs-nutritionnelles\">\n<div class=\"valeurs-nutritionnelles\">\n<div class=\"valeurs-nutritionnelles\">\n<div class=\"valeurs-nutritionnelles\">\n<div class=\"valeurs-nutritionnelles\">Energie : <span class=\"unite\">799 kJ \/ 191 kcal<br \/>\n<\/span>Mati\u00e8res grasses : <span class=\"unite\">0,3 g<br \/>\n<\/span>dont acide gras satur\u00e9s : <span class=\"unite\">0 g<br \/>\n<\/span>Glucides : 46.4<span class=\"unite\"> g<br \/>\n<\/span>dont sucres : <span class=\"unite\">0,6 g<br \/>\n<\/span>Prot\u00e9ines : <span class=\"unite\">0,5 g<br \/>\n<\/span>Sel : <span class=\"unite\">45 g<\/span><\/div>\n<div class=\"valeurs-nutritionnelles\"><em><br \/>\n\u00c0 conserver au sec et \u00e0 l\u2019abri de la chaleur<\/em><\/div>\n<\/div>\n<div><\/div>\n<div>Produit : Assaisonnement V\u00e9g\u00e9tal Sans Boeuf Bourguignon<br \/>\nProducteur : Ecoid\u00e9es SAS<br \/>\nProduit \u00e0 : R<span class=\"elementor-icon-list-text\">ue F\u00e9lix Dournay 2,\u00a0<\/span><span class=\"elementor-icon-list-text\">67250 SOULTZ SOUS FORETS (FR)<\/span><\/div>\n<\/div>\n<\/div>\n<\/div>","protected":false},"excerpt":{"rendered":"<p><strong>Donnez un go\u00fbt de boeuf bourguignon \u00e0 tous vos plats ! \u2764 <\/strong>D\u00e9gustez-le dans la marinade de votre tofu, avec nos prot\u00e9ines de soja ou dans tout autre plat en sauce\u00a0 ! Soyez cr\u00e9atifs ! Tenez-vous pr\u00eats, les assaisonnements VEGAHIMSA vont litt\u00e9ralement r\u00e9volutionner votre cuisine v\u00e9g\u00e9tale \ud83e\udd29<\/p>","protected":false},"featured_media":27061,"template":"","meta":{"_acf_changed":false},"etheme_brands":[{"term_id":677,"name":"V\u00e9T\u00e9Jal","slug":"vetejal","term_group":0,"term_taxonomy_id":677,"taxonomy":"brand","description":"","parent":0,"count":9,"filter":"raw"}],"product_brand":[],"product_cat":[395,15,372],"product_tag":[],"class_list":{"0":"post-13320","1":"product","2":"type-product","3":"status-publish","4":"has-post-thumbnail","6":"brand-vetejal","7":"product_cat-sauces-condiments-vegan","8":"product_cat-tout","9":"product_cat-epicerie-vegan","11":"first","12":"instock","13":"taxable","14":"shipping-taxable","15":"purchasable","16":"product-type-simple"},"supplier_id":null,"supplier_sku":"","barcode":null,"atum_controlled":true,"out_stock_date":null,"out_stock_threshold":null,"inheritable":false,"inbound_stock":0,"stock_on_hold":0,"sold_today":0,"sales_last_days":0,"reserved_stock":0,"customer_returns":0,"warehouse_damage":0,"lost_in_post":0,"other_logs":0,"out_stock_days":0,"lost_sales":0,"has_location":false,"update_date":"2026-04-30T00:17:17","atum_locations":[],"atum_stock_status":"instock","restock_status":false,"low_stock_amount":"","sales_update_date":"2026-04-30T00:17:17","calc_backorders":null,"acf":[],"_links":{"self":[{"href":"https:\/\/www.theblackcowshop.com\/nl\/wp-json\/wp\/v2\/product\/13320","targetHints":{"allow":["GET"]}}],"collection":[{"href":"https:\/\/www.theblackcowshop.com\/nl\/wp-json\/wp\/v2\/product"}],"about":[{"href":"https:\/\/www.theblackcowshop.com\/nl\/wp-json\/wp\/v2\/types\/product"}],"version-history":[{"count":4,"href":"https:\/\/www.theblackcowshop.com\/nl\/wp-json\/wp\/v2\/product\/13320\/revisions"}],"predecessor-version":[{"id":32066,"href":"https:\/\/www.theblackcowshop.com\/nl\/wp-json\/wp\/v2\/product\/13320\/revisions\/32066"}],"wp:featuredmedia":[{"embeddable":true,"href":"https:\/\/www.theblackcowshop.com\/nl\/wp-json\/wp\/v2\/media\/27061"}],"wp:attachment":[{"href":"https:\/\/www.theblackcowshop.com\/nl\/wp-json\/wp\/v2\/media?parent=13320"}],"wp:term":[{"taxonomy":"brand","embeddable":true,"href":"https:\/\/www.theblackcowshop.com\/nl\/wp-json\/wp\/v2\/etheme_brands?post=13320"},{"taxonomy":"product_brand","embeddable":true,"href":"https:\/\/www.theblackcowshop.com\/nl\/wp-json\/wp\/v2\/product_brand?post=13320"},{"taxonomy":"product_cat","embeddable":true,"href":"https:\/\/www.theblackcowshop.com\/nl\/wp-json\/wp\/v2\/product_cat?post=13320"},{"taxonomy":"product_tag","embeddable":true,"href":"https:\/\/www.theblackcowshop.com\/nl\/wp-json\/wp\/v2\/product_tag?post=13320"}],"curies":[{"name":"wp","href":"https:\/\/api.w.org\/{rel}","templated":true}]}}