{"id":14127,"date":"2024-10-31T19:27:41","date_gmt":"2024-10-31T18:27:41","guid":{"rendered":"https:\/\/www.theblackcowshop.com\/?post_type=product&#038;p=14127"},"modified":"2026-01-27T16:49:38","modified_gmt":"2026-01-27T15:49:38","slug":"assaisonnement-creme-truffe-100g-maitres-veganiers","status":"publish","type":"product","link":"https:\/\/www.theblackcowshop.com\/nl\/product\/assaisonnement-creme-truffe-100g-maitres-veganiers\/","title":{"rendered":"Assaisonnement \u00ab\u00a0Go\u00fbt Cr\u00e8me de Truffe\u00a0\u00bb 100g &#8211; Les Ma\u00eetres V\u00e9ganiers"},"content":{"rendered":"<p><span style=\"text-decoration: underline\">Ingr\u00e9dients<\/span> : Farine de ma\u00efs*, sel, ar\u00f4mes naturels, poivre noir*.<\/p>\n<p><em>Sans gluten, sans ar\u00f4mes artificiels, sans glutamate et sans sucre ajout\u00e9<\/em><\/p>\n<p><span style=\"text-decoration: underline\">Utilisation<\/span> : Incorporez dans tous vos plats comme une \u00e9pice ou m\u00e9langez simplement nos assaisonnements \u00e0 la cr\u00e8me de votre choix pour r\u00e9aliser des sauces extraordinaires !<\/p>\n<p><span style=\"text-decoration: underline\">Valeurs nutritionnelles pour 100 g<\/span> :<\/p>\n<div class=\"valeurs-nutritionnelles\">\n<div class=\"valeurs-nutritionnelles\">\n<div class=\"valeurs-nutritionnelles\">\n<div class=\"valeurs-nutritionnelles\">\n<div class=\"valeurs-nutritionnelles\">Energie : 1206<span class=\"unite\"> kJ \/ 288 kcal<br \/>\n<\/span>Mati\u00e8res grasses : 4<span class=\"unite\">\u00a0g<br \/>\n<\/span>dont acide gras satur\u00e9s : <span class=\"unite\">0 g<br \/>\n<\/span>Glucides : 58.6<span class=\"unite\">\u00a0g<br \/>\n<\/span>dont sucres : <span class=\"unite\">0 g<br \/>\n<\/span>Prot\u00e9ines : 7<span class=\"unite\">\u00a0g<br \/>\n<\/span>Sel : 12.5<span class=\"unite\"> g<\/span><\/div>\n<\/div>\n<\/div>\n<\/div>\n<\/div>\n<p><em>\u00c0 conserver au sec et \u00e0 l\u2019abri de la chaleur<\/em><\/p>\n<p>Produit : Assaisonnement V\u00e9g\u00e9tal Cr\u00e8me de Truffe<br \/>\nProducteur : Ecoid\u00e9es SAS<br \/>\nProduit \u00e0 : R<span class=\"elementor-icon-list-text\">ue F\u00e9lix Dournay 2,\u00a0<\/span><span class=\"elementor-icon-list-text\">67250 SOULTZ SOUS FORETS (FR)<\/span><\/p>","protected":false},"excerpt":{"rendered":"<p>Donnez une d\u00e9licate saveur de truffe* \u00e0 toutes vos pr\u00e9parations ! Saupoudrez-le en fin de cuisson ou m\u00e9langez-le \u00e0 du lait v\u00e9g\u00e9tal pour en faire une divine cr\u00e8me onctueuse.<\/p>\n<p>*<em>Le go\u00fbt de truffe contenu dans ce produit n&rsquo;est pas issu de l&rsquo;exploitation de cochons ou de chiens truffiers <\/em>\ud83d\ude09<\/p>","protected":false},"featured_media":25382,"template":"","meta":{"_acf_changed":false},"etheme_brands":[{"term_id":465,"name":"Les Ma\u00eetres Veganiers","slug":"les-maitres-veganiers","term_group":0,"term_taxonomy_id":465,"taxonomy":"brand","description":"","parent":0,"count":1,"filter":"raw"}],"product_brand":[],"product_cat":[395,15,372],"product_tag":[],"class_list":{"0":"post-14127","1":"product","2":"type-product","3":"status-publish","4":"has-post-thumbnail","6":"brand-les-maitres-veganiers","7":"product_cat-sauces-condiments-vegan","8":"product_cat-tout","9":"product_cat-epicerie-vegan","11":"first","12":"instock","13":"taxable","14":"shipping-taxable","15":"purchasable","16":"product-type-simple"},"supplier_id":null,"supplier_sku":"","barcode":null,"atum_controlled":true,"out_stock_date":null,"out_stock_threshold":null,"inheritable":false,"inbound_stock":0,"stock_on_hold":0,"sold_today":0,"sales_last_days":0,"reserved_stock":0,"customer_returns":0,"warehouse_damage":0,"lost_in_post":0,"other_logs":0,"out_stock_days":0,"lost_sales":0,"has_location":false,"update_date":"2026-04-30T00:17:17","atum_locations":[],"atum_stock_status":"instock","restock_status":false,"low_stock_amount":"","sales_update_date":"2026-04-30T00:17:17","calc_backorders":null,"acf":[],"_links":{"self":[{"href":"https:\/\/www.theblackcowshop.com\/nl\/wp-json\/wp\/v2\/product\/14127","targetHints":{"allow":["GET"]}}],"collection":[{"href":"https:\/\/www.theblackcowshop.com\/nl\/wp-json\/wp\/v2\/product"}],"about":[{"href":"https:\/\/www.theblackcowshop.com\/nl\/wp-json\/wp\/v2\/types\/product"}],"version-history":[{"count":3,"href":"https:\/\/www.theblackcowshop.com\/nl\/wp-json\/wp\/v2\/product\/14127\/revisions"}],"predecessor-version":[{"id":32067,"href":"https:\/\/www.theblackcowshop.com\/nl\/wp-json\/wp\/v2\/product\/14127\/revisions\/32067"}],"wp:featuredmedia":[{"embeddable":true,"href":"https:\/\/www.theblackcowshop.com\/nl\/wp-json\/wp\/v2\/media\/25382"}],"wp:attachment":[{"href":"https:\/\/www.theblackcowshop.com\/nl\/wp-json\/wp\/v2\/media?parent=14127"}],"wp:term":[{"taxonomy":"brand","embeddable":true,"href":"https:\/\/www.theblackcowshop.com\/nl\/wp-json\/wp\/v2\/etheme_brands?post=14127"},{"taxonomy":"product_brand","embeddable":true,"href":"https:\/\/www.theblackcowshop.com\/nl\/wp-json\/wp\/v2\/product_brand?post=14127"},{"taxonomy":"product_cat","embeddable":true,"href":"https:\/\/www.theblackcowshop.com\/nl\/wp-json\/wp\/v2\/product_cat?post=14127"},{"taxonomy":"product_tag","embeddable":true,"href":"https:\/\/www.theblackcowshop.com\/nl\/wp-json\/wp\/v2\/product_tag?post=14127"}],"curies":[{"name":"wp","href":"https:\/\/api.w.org\/{rel}","templated":true}]}}