{"id":14422,"date":"2024-10-31T19:28:16","date_gmt":"2024-10-31T18:28:16","guid":{"rendered":"https:\/\/www.theblackcowshop.com\/?post_type=product&#038;p=14422"},"modified":"2026-03-12T14:02:56","modified_gmt":"2026-03-12T13:02:56","slug":"raclette-ail-piment-200g-new-roots","status":"publish","type":"product","link":"https:\/\/www.theblackcowshop.com\/nl\/product\/raclette-ail-piment-200g-new-roots\/","title":{"rendered":"Raclette Ail-Piment 200g &#8211; Sp\u00e9cialit\u00e9s V\u00e9ganes Suisses &#8211; New Roots"},"content":{"rendered":"<h1>Alternative vegan au fromage \u00e0 raclette \u00e0 l&rsquo;ail et au piment<\/h1>\n<p><span style=\"text-decoration: underline;\">Ingr\u00e9dients<\/span> : Pr\u00e9paration ferment\u00e9e de l\u00e9gumineuses 72% (eau, pois chiches 12%, <strong>LUPIN<\/strong>), graisse de coco, amidon, flocons de tomates, ail (0.6%), piment (0.2%), sel, poudre d&rsquo;enveloppes de psyllium, \u00e9paississant: carragh\u00e9nane d&rsquo;algues rouges, extrait de levure.<\/p>\n<p>Allerg\u00e8nes : Contient du <strong>LUPIN<\/strong>. Peut contenir des traces de<strong> fruits \u00e0 coque<\/strong>.<\/p>\n<p><em>\u00c0 conserver au r\u00e9frig\u00e9rateur \u00e0 +7\u00b0C maximum<br \/>\n\u00c0 consommer dans les 3-4 jours apr\u00e8s ouverture<\/em><\/p>\n<p><span style=\"text-decoration: underline;\">Valeurs nutritionnelles pour 100g<\/span> :<br \/>\nEnergie <span class=\"unite\">880 kJ \/ 213 kcal<br \/>\n<\/span>Mati\u00e8res grasses <span class=\"unite\">17 g<br \/>\n<\/span>&#8211; dont acide gras satur\u00e9s <span class=\"unite\">15 g<br \/>\n<\/span>Glucides <span class=\"unite\">11 g<br \/>\n<\/span>&#8211; dont sucres <span class=\"unite\">&lt; 1 g<br \/>\n<\/span>Prot\u00e9ines <span class=\"unite\">3,6 g<br \/>\n<\/span>Sel <span class=\"unite\">1,2 g<\/span><\/p>\n<p>Produit : La Raclette Ail-Piment<br \/>\nProducteur : New Roots<br \/>\nOrigine : Suisse<\/p>","protected":false},"excerpt":{"rendered":"<p>Alternative v\u00e9g\u00e9tale au fromage \u00e0 raclette \u00e0 l&rsquo;ail et au piment, \u00e0 base de lupin et pois chiches, produite artisanalement en Suisse !<\/p>","protected":false},"featured_media":25409,"template":"","meta":{"_acf_changed":false},"etheme_brands":[{"term_id":488,"name":"New Roots","slug":"new-roots","term_group":0,"term_taxonomy_id":488,"taxonomy":"brand","description":"","parent":0,"count":4,"filter":"raw"}],"product_brand":[],"product_cat":[738,740,741,15,370],"product_tag":[],"class_list":{"0":"post-14422","1":"product","2":"type-product","3":"status-publish","4":"has-post-thumbnail","6":"brand-new-roots","7":"product_cat-alternative-vegan-fromage-affine","8":"product_cat-alternative-vegan-fromage-en-tranches","9":"product_cat-raclette-fondue-vegan","10":"product_cat-tout","11":"product_cat-alternatives-vegan-fromage","13":"first","14":"outofstock","15":"taxable","16":"shipping-taxable","17":"purchasable","18":"product-type-simple"},"supplier_id":null,"supplier_sku":"","barcode":null,"atum_controlled":true,"out_stock_date":"2026-03-11 14:33:37","out_stock_threshold":null,"inheritable":false,"inbound_stock":0,"stock_on_hold":0,"sold_today":0,"sales_last_days":0,"reserved_stock":0,"customer_returns":0,"warehouse_damage":0,"lost_in_post":0,"other_logs":0,"out_stock_days":34,"lost_sales":43,"has_location":false,"update_date":"2026-04-15T00:02:31","atum_locations":[],"atum_stock_status":"outofstock","restock_status":false,"low_stock_amount":"","sales_update_date":"2026-04-15T00:02:31","calc_backorders":null,"acf":[],"_links":{"self":[{"href":"https:\/\/www.theblackcowshop.com\/nl\/wp-json\/wp\/v2\/product\/14422","targetHints":{"allow":["GET"]}}],"collection":[{"href":"https:\/\/www.theblackcowshop.com\/nl\/wp-json\/wp\/v2\/product"}],"about":[{"href":"https:\/\/www.theblackcowshop.com\/nl\/wp-json\/wp\/v2\/types\/product"}],"version-history":[{"count":4,"href":"https:\/\/www.theblackcowshop.com\/nl\/wp-json\/wp\/v2\/product\/14422\/revisions"}],"predecessor-version":[{"id":29118,"href":"https:\/\/www.theblackcowshop.com\/nl\/wp-json\/wp\/v2\/product\/14422\/revisions\/29118"}],"wp:featuredmedia":[{"embeddable":true,"href":"https:\/\/www.theblackcowshop.com\/nl\/wp-json\/wp\/v2\/media\/25409"}],"wp:attachment":[{"href":"https:\/\/www.theblackcowshop.com\/nl\/wp-json\/wp\/v2\/media?parent=14422"}],"wp:term":[{"taxonomy":"brand","embeddable":true,"href":"https:\/\/www.theblackcowshop.com\/nl\/wp-json\/wp\/v2\/etheme_brands?post=14422"},{"taxonomy":"product_brand","embeddable":true,"href":"https:\/\/www.theblackcowshop.com\/nl\/wp-json\/wp\/v2\/product_brand?post=14422"},{"taxonomy":"product_cat","embeddable":true,"href":"https:\/\/www.theblackcowshop.com\/nl\/wp-json\/wp\/v2\/product_cat?post=14422"},{"taxonomy":"product_tag","embeddable":true,"href":"https:\/\/www.theblackcowshop.com\/nl\/wp-json\/wp\/v2\/product_tag?post=14422"}],"curies":[{"name":"wp","href":"https:\/\/api.w.org\/{rel}","templated":true}]}}