{"id":14443,"date":"2024-10-31T19:28:30","date_gmt":"2024-10-31T18:28:30","guid":{"rendered":"https:\/\/www.theblackcowshop.com\/?post_type=product&#038;p=14443"},"modified":"2026-04-14T13:20:59","modified_gmt":"2026-04-14T11:20:59","slug":"gondino-nature-150g","status":"publish","type":"product","link":"https:\/\/www.theblackcowshop.com\/nl\/product\/gondino-nature-150g\/","title":{"rendered":"Gondino Affin\u00e9 150g &#8211; Style Parmesan Vegan \u00e0 R\u00e2per &#8211; Pangea Food"},"content":{"rendered":"<h1>Alternative v\u00e9g\u00e9tale au parmesan, \u00e0 r\u00e2per<\/h1>\n<p><span style=\"text-decoration: underline;\">Ingr\u00e9dients<\/span> : <span style=\"font-weight: 400;\">Eau, amidon de pomme de terre *, huile de noix de coco *, farine de pois chiche * (10,8%), levure alimentaire, sel de mer entier, ar\u00f4mes naturels<\/span><\/p>\n<p>Allerg\u00e8nes : <i><span style=\"font-weight: 400;\"> Peut contenir des traces de <strong>c\u00e9leri<\/strong>.<\/span><\/i><\/p>\n<p><em>\u00c0 conserver au r\u00e9frig\u00e9rateur<\/em><\/p>\n<p>Produit : Gondino Aged<br \/>\nProducteur : Gondino<br \/>\nOrigine : Italie<\/p>","protected":false},"excerpt":{"rendered":"<p>La meilleure alternative au parmesan \u00e0 r\u00e2per ! Le GONDINO s&rsquo;utilise comme du parmesan : \u00e0 r\u00e2per sur des p\u00e2tes, dans un plat au four ou \u00e0 couper en fines tranches sur une planche ap\u00e9ro !<\/p>\n<p>&nbsp;<\/p>","protected":false},"featured_media":30092,"template":"","meta":{"_acf_changed":false},"etheme_brands":[{"term_id":444,"name":"Pangea Food","slug":"pangea-food","term_group":0,"term_taxonomy_id":444,"taxonomy":"brand","description":"","parent":0,"count":6,"filter":"raw"}],"product_brand":[],"product_cat":[738,15,370],"product_tag":[],"class_list":{"0":"post-14443","1":"product","2":"type-product","3":"status-publish","4":"has-post-thumbnail","6":"brand-pangea-food","7":"product_cat-alternative-vegan-fromage-affine","8":"product_cat-tout","9":"product_cat-alternatives-vegan-fromage","11":"first","12":"instock","13":"taxable","14":"shipping-taxable","15":"purchasable","16":"product-type-simple"},"supplier_id":null,"supplier_sku":"","barcode":null,"atum_controlled":true,"out_stock_date":null,"out_stock_threshold":null,"inheritable":false,"inbound_stock":0,"stock_on_hold":0,"sold_today":0,"sales_last_days":0,"reserved_stock":0,"customer_returns":0,"warehouse_damage":0,"lost_in_post":0,"other_logs":0,"out_stock_days":0,"lost_sales":0,"has_location":false,"update_date":"2026-04-14T11:21:00","atum_locations":[],"atum_stock_status":"instock","restock_status":false,"low_stock_amount":"","sales_update_date":"2026-04-14T00:01:50","calc_backorders":null,"acf":[],"_links":{"self":[{"href":"https:\/\/www.theblackcowshop.com\/nl\/wp-json\/wp\/v2\/product\/14443","targetHints":{"allow":["GET"]}}],"collection":[{"href":"https:\/\/www.theblackcowshop.com\/nl\/wp-json\/wp\/v2\/product"}],"about":[{"href":"https:\/\/www.theblackcowshop.com\/nl\/wp-json\/wp\/v2\/types\/product"}],"version-history":[{"count":3,"href":"https:\/\/www.theblackcowshop.com\/nl\/wp-json\/wp\/v2\/product\/14443\/revisions"}],"predecessor-version":[{"id":30398,"href":"https:\/\/www.theblackcowshop.com\/nl\/wp-json\/wp\/v2\/product\/14443\/revisions\/30398"}],"wp:featuredmedia":[{"embeddable":true,"href":"https:\/\/www.theblackcowshop.com\/nl\/wp-json\/wp\/v2\/media\/30092"}],"wp:attachment":[{"href":"https:\/\/www.theblackcowshop.com\/nl\/wp-json\/wp\/v2\/media?parent=14443"}],"wp:term":[{"taxonomy":"brand","embeddable":true,"href":"https:\/\/www.theblackcowshop.com\/nl\/wp-json\/wp\/v2\/etheme_brands?post=14443"},{"taxonomy":"product_brand","embeddable":true,"href":"https:\/\/www.theblackcowshop.com\/nl\/wp-json\/wp\/v2\/product_brand?post=14443"},{"taxonomy":"product_cat","embeddable":true,"href":"https:\/\/www.theblackcowshop.com\/nl\/wp-json\/wp\/v2\/product_cat?post=14443"},{"taxonomy":"product_tag","embeddable":true,"href":"https:\/\/www.theblackcowshop.com\/nl\/wp-json\/wp\/v2\/product_tag?post=14443"}],"curies":[{"name":"wp","href":"https:\/\/api.w.org\/{rel}","templated":true}]}}