{"id":14756,"date":"2024-10-31T19:29:15","date_gmt":"2024-10-31T18:29:15","guid":{"rendered":"https:\/\/www.theblackcowshop.com\/?post_type=product&#038;p=14756"},"modified":"2026-04-17T15:27:03","modified_gmt":"2026-04-17T13:27:03","slug":"marcellino-250g-veggie-karma","status":"publish","type":"product","link":"https:\/\/www.theblackcowshop.com\/nl\/product\/marcellino-250g-veggie-karma\/","title":{"rendered":"Marcellino 250g &#8211; Alternative Ricotta Aux Herbes &#8211; Veggie Karma"},"content":{"rendered":"<p><span style=\"text-decoration: underline;\">Ingr\u00e9dients<\/span> : Boisson de <strong>soja<\/strong>* (96%), vinaigre de cidre de pomme*, sel de mer, ciboulette* (0,2%), basilic* (0,2%), huile d&rsquo;olive extra vierge* (*Issu de l&rsquo;agriculture biologique)<\/p>\n<p><span style=\"text-decoration: underline;\">Allerg\u00e8nes<\/span> : Contient du SOJA. Peut contenir des traces de NOIX, FRUITS \u00c0 COQUE, LUPIN.<br \/>\n<strong><br \/>\n<\/strong><em>Convient \u00e0 : intol\u00e9rants au lactose, v\u00e9g\u00e9tariens, v\u00e9g\u00e9taliens, coeliaques.<\/em><strong><br \/>\n<\/strong><\/p>\n<p><em>\u00c0 conserver au r\u00e9frig\u00e9rateur (entre 2 et 10\u00b0).<\/em><\/p>\n<p>Produit: Marcellino<br \/>\nProducteur: Veggie Karma<br \/>\nOrigine: Barcelona, Espagne<\/p>","protected":false},"excerpt":{"rendered":"<p>Alternative v\u00e9g\u00e9tale \u00e0 la ricotta fum\u00e9e et aux herbes, de la marque <strong>Veggie Karma<\/strong><\/p>","protected":false},"featured_media":25476,"template":"","meta":{"_acf_changed":false},"etheme_brands":[{"term_id":438,"name":"Veggie Karma","slug":"veggie-karma","term_group":0,"term_taxonomy_id":438,"taxonomy":"brand","description":"Veggie Karma offre une gamme diversifi\u00e9e de produits v\u00e9g\u00e9taliens, allant des substituts de viande aux plats pr\u00e9par\u00e9s. Leur mission est de promouvoir un mode de vie sain et respectueux de l'environnement gr\u00e2ce \u00e0 une alimentation \u00e0 base de plantes.\r\n\r\n","parent":0,"count":10,"filter":"raw"}],"product_brand":[],"product_cat":[738,15,370],"product_tag":[],"class_list":{"0":"post-14756","1":"product","2":"type-product","3":"status-publish","4":"has-post-thumbnail","6":"brand-veggie-karma","7":"product_cat-alternative-vegan-fromage-affine","8":"product_cat-tout","9":"product_cat-alternatives-vegan-fromage","11":"first","12":"instock","13":"taxable","14":"shipping-taxable","15":"purchasable","16":"product-type-simple"},"supplier_id":null,"supplier_sku":"","barcode":null,"atum_controlled":true,"out_stock_date":null,"out_stock_threshold":null,"inheritable":false,"inbound_stock":0,"stock_on_hold":0,"sold_today":0,"sales_last_days":0,"reserved_stock":0,"customer_returns":0,"warehouse_damage":0,"lost_in_post":0,"other_logs":0,"out_stock_days":104,"lost_sales":0,"has_location":false,"update_date":"2026-04-17T13:27:05","atum_locations":[],"atum_stock_status":"instock","restock_status":false,"low_stock_amount":"","sales_update_date":"2026-04-17T00:03:44","calc_backorders":null,"acf":[],"_links":{"self":[{"href":"https:\/\/www.theblackcowshop.com\/nl\/wp-json\/wp\/v2\/product\/14756","targetHints":{"allow":["GET"]}}],"collection":[{"href":"https:\/\/www.theblackcowshop.com\/nl\/wp-json\/wp\/v2\/product"}],"about":[{"href":"https:\/\/www.theblackcowshop.com\/nl\/wp-json\/wp\/v2\/types\/product"}],"version-history":[{"count":4,"href":"https:\/\/www.theblackcowshop.com\/nl\/wp-json\/wp\/v2\/product\/14756\/revisions"}],"predecessor-version":[{"id":30897,"href":"https:\/\/www.theblackcowshop.com\/nl\/wp-json\/wp\/v2\/product\/14756\/revisions\/30897"}],"wp:featuredmedia":[{"embeddable":true,"href":"https:\/\/www.theblackcowshop.com\/nl\/wp-json\/wp\/v2\/media\/25476"}],"wp:attachment":[{"href":"https:\/\/www.theblackcowshop.com\/nl\/wp-json\/wp\/v2\/media?parent=14756"}],"wp:term":[{"taxonomy":"brand","embeddable":true,"href":"https:\/\/www.theblackcowshop.com\/nl\/wp-json\/wp\/v2\/etheme_brands?post=14756"},{"taxonomy":"product_brand","embeddable":true,"href":"https:\/\/www.theblackcowshop.com\/nl\/wp-json\/wp\/v2\/product_brand?post=14756"},{"taxonomy":"product_cat","embeddable":true,"href":"https:\/\/www.theblackcowshop.com\/nl\/wp-json\/wp\/v2\/product_cat?post=14756"},{"taxonomy":"product_tag","embeddable":true,"href":"https:\/\/www.theblackcowshop.com\/nl\/wp-json\/wp\/v2\/product_tag?post=14756"}],"curies":[{"name":"wp","href":"https:\/\/api.w.org\/{rel}","templated":true}]}}