{"id":14817,"date":"2024-10-31T19:29:19","date_gmt":"2024-10-31T18:29:19","guid":{"rendered":"https:\/\/www.theblackcowshop.com\/?post_type=product&#038;p=14817"},"modified":"2026-03-31T13:43:21","modified_gmt":"2026-03-31T11:43:21","slug":"solmon-fume-100g-ocean-kiss","status":"publish","type":"product","link":"https:\/\/www.theblackcowshop.com\/nl\/product\/solmon-fume-100g-ocean-kiss\/","title":{"rendered":"Solmon Fum\u00e9 100g &#8211; Alternative Vegan Saumon Fum\u00e9 &#8211; Ocean Kiss"},"content":{"rendered":"<h1>Alternative v\u00e9g\u00e9tale au saumon fum\u00e9 en tranches<\/h1>\n<p><span style=\"text-decoration: underline;\">Ingr\u00e9dients<\/span> : <span style=\"font-weight: 400;\">Eau, maltodextrine de ma\u00efs, prot\u00e9ines de pois, huiles v\u00e9g\u00e9tales (colza, lin), extrait d\u2019algues marines (huile de <\/span><i><span style=\"font-weight: 400;\">Schizochytrium sp., Ascophyllum nodosum<\/span><\/i><span style=\"font-weight: 400;\">, Agar-agar) 1%, fibres v\u00e9g\u00e9tales (citron, carotte, bambou), farine de konjac, sel de mer r\u00e9duit en sodium, \u00e9paississant : xanthane, ar\u00f4me, colorants : extrait de paprika, b\u00eata-carot\u00e8ne, carbonate de calcium.<\/span><\/p>\n<ul>\n<li><span style=\"font-weight: 400;\">\u00c0 base d&rsquo;algues marines : une solution d&rsquo;avenir, naturellement abondante et riche en nutriments !<\/span><\/li>\n<li><span style=\"font-weight: 400;\">Source de prot\u00e9ines : 11% des AJR (Apports Journaliers Recommand\u00e9s)<\/span><\/li>\n<li><span style=\"font-weight: 400;\">Riche en om\u00e9gas 3 (dont EPA\/DHA) : 22% des ANC (Apports Nutritionnels Conseill\u00e9s)<\/span><\/li>\n<li><span style=\"font-weight: 400;\">-60% de sel par rapport \u00e0 la moyenne des saumons fum\u00e9s du march\u00e9.<\/span><\/li>\n<li><span style=\"font-weight: 400;\">NUTRISCORE B &#8211; EXCELLENT SUR YUKA ! \ud83e\udd73<\/span><\/li>\n<\/ul>\n<p><i><span style=\"font-weight: 400;\">\u00c0 conserver entre 0\u00b0 et 4\u00b0. \u00c0 consommer rapidement apr\u00e8s ouverture.<br \/>\nNe pas congeler. Ne pas mettre au micro-ondes.<br \/>\n<\/span><\/i><\/p>\n<p><span style=\"text-decoration: underline;\"><span style=\"font-weight: 400;\">Valeurs nutritionnelles pour 100g<\/span><\/span><span style=\"font-weight: 400;\"> :<\/span><span style=\"font-weight: 400;\"><br \/>\n<\/span><span style=\"font-weight: 400;\">Energie : 570 kJ \/ 136 kcal<\/span><span style=\"font-weight: 400;\"><br \/>\n<\/span><span style=\"font-weight: 400;\">Mati\u00e8res grasses : 6,3 g<\/span><span style=\"font-weight: 400;\"><br \/>\n<\/span><span style=\"font-weight: 400;\">dont acide gras satur\u00e9s : 0,6 g<\/span><span style=\"font-weight: 400;\"><br \/>\n<\/span><span style=\"font-weight: 400;\">Glucides : 12,7 g<\/span><span style=\"font-weight: 400;\"><br \/>\n<\/span><span style=\"font-weight: 400;\">dont sucres : 1,1 g<\/span><span style=\"font-weight: 400;\"><br \/>\n<\/span><span style=\"font-weight: 400;\">Fibres : 5,4 g<\/span><span style=\"font-weight: 400;\"><br \/>\n<\/span><span style=\"font-weight: 400;\">Prot\u00e9ines : 1,3 g<\/span><span style=\"font-weight: 400;\"><br \/>\n<\/span><span style=\"font-weight: 400;\">Sel : 1,4g\u00a0<\/span><\/p>\n<p><span style=\"font-weight: 400;\">Produit : Solmon 100g<\/span><span style=\"font-weight: 400;\"><br \/>\n<\/span><span style=\"font-weight: 400;\">Producteur : Ocean Kiss<\/span><span style=\"font-weight: 400;\"><br \/>\n<\/span><span style=\"font-weight: 400;\">Origine : France<\/span><\/p>","protected":false},"excerpt":{"rendered":"<p>Alternative v\u00e9g\u00e9tale au saumon fum\u00e9 de la marque fran\u00e7aise <strong>Ocean Kiss<\/strong><\/p>","protected":false},"featured_media":25483,"template":"","meta":{"_acf_changed":false},"etheme_brands":[{"term_id":505,"name":"Ocean Kiss","slug":"ocean-kiss","term_group":0,"term_taxonomy_id":505,"taxonomy":"brand","description":"","parent":0,"count":1,"filter":"raw"}],"product_brand":[],"product_cat":[15,392],"product_tag":[],"class_list":{"0":"post-14817","1":"product","2":"type-product","3":"status-publish","4":"has-post-thumbnail","6":"brand-ocean-kiss","7":"product_cat-tout","8":"product_cat-alternative-vegan-poisson","10":"first","11":"instock","12":"taxable","13":"shipping-taxable","14":"purchasable","15":"product-type-simple"},"supplier_id":null,"supplier_sku":"","barcode":null,"atum_controlled":true,"out_stock_date":null,"out_stock_threshold":null,"inheritable":false,"inbound_stock":0,"stock_on_hold":0,"sold_today":0,"sales_last_days":0,"reserved_stock":0,"customer_returns":0,"warehouse_damage":0,"lost_in_post":0,"other_logs":0,"out_stock_days":0,"lost_sales":0,"has_location":false,"update_date":"2026-04-30T00:17:17","atum_locations":[],"atum_stock_status":"instock","restock_status":false,"low_stock_amount":"","sales_update_date":"2026-04-30T00:17:17","calc_backorders":null,"acf":[],"_links":{"self":[{"href":"https:\/\/www.theblackcowshop.com\/nl\/wp-json\/wp\/v2\/product\/14817","targetHints":{"allow":["GET"]}}],"collection":[{"href":"https:\/\/www.theblackcowshop.com\/nl\/wp-json\/wp\/v2\/product"}],"about":[{"href":"https:\/\/www.theblackcowshop.com\/nl\/wp-json\/wp\/v2\/types\/product"}],"version-history":[{"count":4,"href":"https:\/\/www.theblackcowshop.com\/nl\/wp-json\/wp\/v2\/product\/14817\/revisions"}],"predecessor-version":[{"id":30943,"href":"https:\/\/www.theblackcowshop.com\/nl\/wp-json\/wp\/v2\/product\/14817\/revisions\/30943"}],"wp:featuredmedia":[{"embeddable":true,"href":"https:\/\/www.theblackcowshop.com\/nl\/wp-json\/wp\/v2\/media\/25483"}],"wp:attachment":[{"href":"https:\/\/www.theblackcowshop.com\/nl\/wp-json\/wp\/v2\/media?parent=14817"}],"wp:term":[{"taxonomy":"brand","embeddable":true,"href":"https:\/\/www.theblackcowshop.com\/nl\/wp-json\/wp\/v2\/etheme_brands?post=14817"},{"taxonomy":"product_brand","embeddable":true,"href":"https:\/\/www.theblackcowshop.com\/nl\/wp-json\/wp\/v2\/product_brand?post=14817"},{"taxonomy":"product_cat","embeddable":true,"href":"https:\/\/www.theblackcowshop.com\/nl\/wp-json\/wp\/v2\/product_cat?post=14817"},{"taxonomy":"product_tag","embeddable":true,"href":"https:\/\/www.theblackcowshop.com\/nl\/wp-json\/wp\/v2\/product_tag?post=14817"}],"curies":[{"name":"wp","href":"https:\/\/api.w.org\/{rel}","templated":true}]}}