{"id":15750,"date":"2024-10-31T19:30:33","date_gmt":"2024-10-31T18:30:33","guid":{"rendered":"https:\/\/www.theblackcowshop.com\/?post_type=product&#038;p=15750"},"modified":"2026-04-18T16:25:00","modified_gmt":"2026-04-18T14:25:00","slug":"cookie-chocolat-cacahuete-50g-rhythm-108","status":"publish","type":"product","link":"https:\/\/www.theblackcowshop.com\/nl\/product\/cookie-chocolat-cacahuete-50g-rhythm-108\/","title":{"rendered":"Cookie Chocolat-Beurre de Cacahu\u00e8te 50g &#8211; Rhythm108"},"content":{"rendered":"<p><span style=\"text-decoration: underline;\">Ingr\u00e9dients<\/span> : <b>Cacahu\u00e8tes<\/b><span style=\"font-weight: 400;\"> (21%)*, sucre de canne*, p\u00e9pites de chocolat noir (15%)* (sucre de canne*, p\u00e2te de cacao*, beurre de cacao*, l\u00e9cithine de tournesol*), farine d&rsquo;<\/span><b>avoine<\/b><span style=\"font-weight: 400;\"> sans gluten*, huile de coco*, farine de riz*, poudre de cacao (4%)*, amidon de manioc*, glyc\u00e9rine v\u00e9g\u00e9tale*, fibre d&rsquo;agave*, eau, levure chimique (cr\u00e8me de tartre, bicarbonate de sodium), l\u00e9cithine de tournesol*, sel. (<\/span><span style=\"font-weight: 400;\">*issus de l\u2019agriculture biologique)<\/span><\/p>\n<p><strong>Allerg\u00e8nes : Contient FRUITS \u00c0 COQUE (CACAHU\u00c8TES) et AVOINE.<br \/>\n<\/strong><b>Peut contenir des traces d&rsquo;arachides et d&rsquo;autres fruits \u00e0 coque.<\/b><\/p>\n<p><em>\u00c0 conserver dans un endroit frais et sec.<\/em><\/p>\n<p>Produit : Vegan Chocolate Peanut Butter Soft-Baked Filled Cookie<br \/>\nProducteur : Rhythm 108<br \/>\nOrigine : Satigny, Suisse<\/p>","protected":false},"excerpt":{"rendered":"<p>Ingr\u00e9dients : Cacahu\u00e8tes (21%)*, sucre de canne*, p\u00e9pites de chocolat noir (15%)* (sucre de canne*, p\u00e2te de cacao*, beurre de cacao*, l\u00e9cithine de tournesol*), farine&#8230;<\/p>","protected":false},"featured_media":25596,"template":"","meta":{"_acf_changed":false},"etheme_brands":[{"term_id":449,"name":"Rhythm 108","slug":"rhythm-108","term_group":0,"term_taxonomy_id":449,"taxonomy":"brand","description":"","parent":0,"count":9,"filter":"raw"}],"product_brand":[],"product_cat":[399,15,372],"product_tag":[],"class_list":{"0":"post-15750","1":"product","2":"type-product","3":"status-publish","4":"has-post-thumbnail","6":"brand-rhythm-108","7":"product_cat-gateaux-biscuits-vegan","8":"product_cat-tout","9":"product_cat-epicerie-vegan","11":"first","12":"instock","13":"taxable","14":"shipping-taxable","15":"purchasable","16":"product-type-simple"},"supplier_id":null,"supplier_sku":"","barcode":null,"atum_controlled":true,"out_stock_date":null,"out_stock_threshold":null,"inheritable":false,"inbound_stock":0,"stock_on_hold":0,"sold_today":0,"sales_last_days":0,"reserved_stock":0,"customer_returns":0,"warehouse_damage":0,"lost_in_post":0,"other_logs":0,"out_stock_days":0,"lost_sales":0,"has_location":false,"update_date":"2026-04-24T00:08:50","atum_locations":[],"atum_stock_status":"instock","restock_status":false,"low_stock_amount":"","sales_update_date":"2026-04-24T00:08:50","calc_backorders":null,"acf":[],"_links":{"self":[{"href":"https:\/\/www.theblackcowshop.com\/nl\/wp-json\/wp\/v2\/product\/15750","targetHints":{"allow":["GET"]}}],"collection":[{"href":"https:\/\/www.theblackcowshop.com\/nl\/wp-json\/wp\/v2\/product"}],"about":[{"href":"https:\/\/www.theblackcowshop.com\/nl\/wp-json\/wp\/v2\/types\/product"}],"version-history":[{"count":1,"href":"https:\/\/www.theblackcowshop.com\/nl\/wp-json\/wp\/v2\/product\/15750\/revisions"}],"predecessor-version":[{"id":28786,"href":"https:\/\/www.theblackcowshop.com\/nl\/wp-json\/wp\/v2\/product\/15750\/revisions\/28786"}],"wp:featuredmedia":[{"embeddable":true,"href":"https:\/\/www.theblackcowshop.com\/nl\/wp-json\/wp\/v2\/media\/25596"}],"wp:attachment":[{"href":"https:\/\/www.theblackcowshop.com\/nl\/wp-json\/wp\/v2\/media?parent=15750"}],"wp:term":[{"taxonomy":"brand","embeddable":true,"href":"https:\/\/www.theblackcowshop.com\/nl\/wp-json\/wp\/v2\/etheme_brands?post=15750"},{"taxonomy":"product_brand","embeddable":true,"href":"https:\/\/www.theblackcowshop.com\/nl\/wp-json\/wp\/v2\/product_brand?post=15750"},{"taxonomy":"product_cat","embeddable":true,"href":"https:\/\/www.theblackcowshop.com\/nl\/wp-json\/wp\/v2\/product_cat?post=15750"},{"taxonomy":"product_tag","embeddable":true,"href":"https:\/\/www.theblackcowshop.com\/nl\/wp-json\/wp\/v2\/product_tag?post=15750"}],"curies":[{"name":"wp","href":"https:\/\/api.w.org\/{rel}","templated":true}]}}