{"id":15786,"date":"2024-10-31T19:30:41","date_gmt":"2024-10-31T18:30:41","guid":{"rendered":"https:\/\/www.theblackcowshop.com\/?post_type=product&#038;p=15786"},"modified":"2025-12-21T23:35:42","modified_gmt":"2025-12-21T22:35:42","slug":"veg1-b12-orange-90-comprimes","status":"publish","type":"product","link":"https:\/\/www.theblackcowshop.com\/nl\/product\/veg1-b12-orange-90-comprimes\/","title":{"rendered":"Veg1 Orange &#8211; Compl\u00e9ment Multivitamine dont Vit. B12 (90 comprim\u00e9s)"},"content":{"rendered":"<p><em>Plus d&rsquo;infos sur la vitamine B12 : <a href=\"https:\/\/vegan-pratique.fr\/conseils-nutrition-vegetalienne\/la-vitamine-b12\/\" target=\"_blank\" rel=\"noopener\"><strong>La vitamine B12, fiche nutrition &#8211; Vegan Pratique (vegan-pratique.fr)<\/strong><\/a><\/em><\/p>\n<p><span style=\"text-decoration: underline\">Ingr\u00e9dients<\/span> : <span style=\"font-weight: 400\">Sucre, dextrose, agent \u00e9paississant (gomme xanthane), agent de charge (cellulose microcrystalline), acide st\u00e9arique, L-s\u00e9l\u00e9nom\u00e9thionine (S\u00e9l\u00e9nium), pr\u00e9paration de lichen chol\u00e9calcif\u00e9rol (D3), agent anti-agglom\u00e9rant (dioxyde de silicium),\u00a0 ar\u00f4me (orange), chlorhydrate de pyridoxine (B6), riboflavine (B2), acide folique, iodure de potassium (iode), cyanocobalamine (B12).<\/span><\/p>\n<p><span style=\"font-weight: 400\">Vitamine B12: 25 \u00b5g (1000 %)<br \/>\n<\/span><span style=\"font-weight: 400\">Iodine: 150 \u00b5g (100 %)<br \/>\n<\/span><span style=\"font-weight: 400\">Vitamine D (D3): 20 \u00b5g (400 %)<br \/>\n<\/span><span style=\"font-weight: 400\">Vitamine B2: 1,6 mg (114 %)<br \/>\n<\/span><span style=\"font-weight: 400\">Vitamine B6: 2 mg (143 %)<br \/>\n<\/span><span style=\"font-weight: 400\">Acide Folique: 200 \u00b5g (100%)<br \/>\n<\/span><span style=\"font-weight: 400\">Selenium: 60 \u00b5g (109 %)<\/span><\/p>\n<p><span style=\"font-weight: 400\"><span style=\"text-decoration: underline\">Posologie \/ dose recommand\u00e9e<\/span> :<br \/>\n<\/span><span style=\"font-weight: 400\">&#8211; 1 comprim\u00e9 par jour pour les adultes<br \/>\n<\/span><span style=\"font-weight: 400\">&#8211; \u00bd comprim\u00e9 par jour pour les enfants de 3 \u00e0 12 ans.<\/span><\/p>\n<p><strong>Il est conseill\u00e9 de m\u00e2cher \/ croquer le comprim\u00e9 pour une meilleure absorption.<\/strong><\/p>\n<p><em>\u00c0 conserver dans un endroit frais et sec.<\/em><\/p>\n<p>Produit : Veg 1 Orange 90 comprim\u00e9s<br \/>\nProducteur : Vegan Society<br \/>\nOrigine : Royaume-Uni<\/p>","protected":false},"excerpt":{"rendered":"<p>Plus d&rsquo;infos sur la vitamine B12 : La vitamine B12, fiche nutrition &#8211; Vegan Pratique (vegan-pratique.fr) Ingr\u00e9dients : Sucre, dextrose, agent \u00e9paississant (gomme xanthane), agent&#8230;<\/p>","protected":false},"featured_media":25611,"template":"","meta":{"_acf_changed":false},"etheme_brands":[{"term_id":452,"name":"Veg1","slug":"veg1","term_group":0,"term_taxonomy_id":452,"taxonomy":"brand","description":"","parent":0,"count":4,"filter":"raw"}],"product_brand":[],"product_cat":[403,15,372],"product_tag":[],"class_list":{"0":"post-15786","1":"product","2":"type-product","3":"status-publish","4":"has-post-thumbnail","6":"brand-veg1","7":"product_cat-complements-alimentaires-vegan","8":"product_cat-tout","9":"product_cat-epicerie-vegan","11":"first","12":"outofstock","13":"taxable","14":"shipping-taxable","15":"purchasable","16":"product-type-simple"},"supplier_id":null,"supplier_sku":"","barcode":null,"atum_controlled":true,"out_stock_date":"2025-12-21 23:35:42","out_stock_threshold":null,"inheritable":false,"inbound_stock":0,"stock_on_hold":0,"sold_today":0,"sales_last_days":0,"reserved_stock":0,"customer_returns":0,"warehouse_damage":0,"lost_in_post":0,"other_logs":0,"out_stock_days":118,"lost_sales":632,"has_location":false,"update_date":"2026-04-19T00:05:22","atum_locations":[],"atum_stock_status":"outofstock","restock_status":false,"low_stock_amount":"","sales_update_date":"2026-04-19T00:05:22","calc_backorders":null,"acf":[],"_links":{"self":[{"href":"https:\/\/www.theblackcowshop.com\/nl\/wp-json\/wp\/v2\/product\/15786","targetHints":{"allow":["GET"]}}],"collection":[{"href":"https:\/\/www.theblackcowshop.com\/nl\/wp-json\/wp\/v2\/product"}],"about":[{"href":"https:\/\/www.theblackcowshop.com\/nl\/wp-json\/wp\/v2\/types\/product"}],"version-history":[{"count":2,"href":"https:\/\/www.theblackcowshop.com\/nl\/wp-json\/wp\/v2\/product\/15786\/revisions"}],"predecessor-version":[{"id":29327,"href":"https:\/\/www.theblackcowshop.com\/nl\/wp-json\/wp\/v2\/product\/15786\/revisions\/29327"}],"wp:featuredmedia":[{"embeddable":true,"href":"https:\/\/www.theblackcowshop.com\/nl\/wp-json\/wp\/v2\/media\/25611"}],"wp:attachment":[{"href":"https:\/\/www.theblackcowshop.com\/nl\/wp-json\/wp\/v2\/media?parent=15786"}],"wp:term":[{"taxonomy":"brand","embeddable":true,"href":"https:\/\/www.theblackcowshop.com\/nl\/wp-json\/wp\/v2\/etheme_brands?post=15786"},{"taxonomy":"product_brand","embeddable":true,"href":"https:\/\/www.theblackcowshop.com\/nl\/wp-json\/wp\/v2\/product_brand?post=15786"},{"taxonomy":"product_cat","embeddable":true,"href":"https:\/\/www.theblackcowshop.com\/nl\/wp-json\/wp\/v2\/product_cat?post=15786"},{"taxonomy":"product_tag","embeddable":true,"href":"https:\/\/www.theblackcowshop.com\/nl\/wp-json\/wp\/v2\/product_tag?post=15786"}],"curies":[{"name":"wp","href":"https:\/\/api.w.org\/{rel}","templated":true}]}}