{"id":15828,"date":"2024-10-31T19:30:47","date_gmt":"2024-10-31T18:30:47","guid":{"rendered":"https:\/\/www.theblackcowshop.com\/?post_type=product&#038;p=15828"},"modified":"2026-04-04T17:26:22","modified_gmt":"2026-04-04T15:26:22","slug":"burgers-natures-heura-200g","status":"publish","type":"product","link":"https:\/\/www.theblackcowshop.com\/nl\/product\/burgers-natures-heura-200g\/","title":{"rendered":"Burgers Natures 2x100g &#8211; Heura"},"content":{"rendered":"<p><span style=\"text-decoration: underline\">Ingr\u00e9dients<\/span> : Eau, prot\u00e9ine de pois 21,8%, huile d&rsquo;olive extra vierge 4,5%, concentr\u00e9 v\u00e9g\u00e9tal (betterave, carotte, pomme), fibre v\u00e9g\u00e9tale, extrait de levure, ar\u00f4mes, stabilisant (m\u00e9thyl cellulose), sel, antioxydant (acide ascorbique), vinaigre d&rsquo;alcool, fer et vitamine B12.<\/p>\n<p><strong><span style=\"text-decoration: underline\">Allerg\u00e8nes<\/span> : Peut contenir des traces de SOJA et GLUTEN.<\/strong><\/p>\n<p><em>\u00c0 conserver au frais entre 0\u00b0C et 4\u00b0C. <span style=\"font-weight: 400\">Apr\u00e8s ouverture, \u00e0 consommer dans les 24 heures. <strong>Produit d\u00e9congel\u00e9, ne pas recongeler.<\/strong><\/span><\/em><\/p>\n<p><span style=\"text-decoration: underline\">Valeurs nutritionnelles pour 100g<\/span> :<br \/>\nEnergie 863 kJ \/ 207 kcal<br \/>\nMati\u00e8res grasses 12 g<br \/>\ndont satur\u00e9es 3 g<br \/>\nGlucides 4.2 g<br \/>\ndont sucres 0.7 g<br \/>\nProt\u00e9ines 19 g<br \/>\nSodium 0.98 g<\/p>\n<p>Produit en : Espagne<\/p>","protected":false},"excerpt":{"rendered":"<p>Ingr\u00e9dients : Eau, prot\u00e9ine de pois 21,8%, huile d&rsquo;olive extra vierge 4,5%, concentr\u00e9 v\u00e9g\u00e9tal (betterave, carotte, pomme), fibre v\u00e9g\u00e9tale, extrait de levure, ar\u00f4mes, stabilisant (m\u00e9thyl&#8230;<\/p>","protected":false},"featured_media":28981,"template":"","meta":{"_acf_changed":false},"etheme_brands":[{"term_id":501,"name":"Heura Foods","slug":"heura-foods","term_group":0,"term_taxonomy_id":501,"taxonomy":"brand","description":"","parent":0,"count":3,"filter":"raw"}],"product_brand":[],"product_cat":[710,15,702,375],"product_tag":[],"class_list":{"0":"post-15828","1":"product","2":"type-product","3":"status-publish","4":"has-post-thumbnail","6":"brand-heura-foods","7":"product_cat-alternative-vegan-viande","8":"product_cat-tout","9":"product_cat-nouveau","10":"product_cat-alternative-vegan-viande-boucherie","12":"first","13":"instock","14":"taxable","15":"shipping-taxable","16":"purchasable","17":"product-type-simple"},"supplier_id":null,"supplier_sku":"","barcode":null,"atum_controlled":true,"out_stock_date":null,"out_stock_threshold":null,"inheritable":false,"inbound_stock":0,"stock_on_hold":0,"sold_today":0,"sales_last_days":0,"reserved_stock":0,"customer_returns":0,"warehouse_damage":0,"lost_in_post":0,"other_logs":0,"out_stock_days":0,"lost_sales":0,"has_location":false,"update_date":"2026-04-07T00:33:18","atum_locations":[],"atum_stock_status":"instock","restock_status":false,"low_stock_amount":"","sales_update_date":"2026-04-07T00:33:18","calc_backorders":null,"acf":[],"_links":{"self":[{"href":"https:\/\/www.theblackcowshop.com\/nl\/wp-json\/wp\/v2\/product\/15828","targetHints":{"allow":["GET"]}}],"collection":[{"href":"https:\/\/www.theblackcowshop.com\/nl\/wp-json\/wp\/v2\/product"}],"about":[{"href":"https:\/\/www.theblackcowshop.com\/nl\/wp-json\/wp\/v2\/types\/product"}],"version-history":[{"count":10,"href":"https:\/\/www.theblackcowshop.com\/nl\/wp-json\/wp\/v2\/product\/15828\/revisions"}],"predecessor-version":[{"id":32070,"href":"https:\/\/www.theblackcowshop.com\/nl\/wp-json\/wp\/v2\/product\/15828\/revisions\/32070"}],"wp:featuredmedia":[{"embeddable":true,"href":"https:\/\/www.theblackcowshop.com\/nl\/wp-json\/wp\/v2\/media\/28981"}],"wp:attachment":[{"href":"https:\/\/www.theblackcowshop.com\/nl\/wp-json\/wp\/v2\/media?parent=15828"}],"wp:term":[{"taxonomy":"brand","embeddable":true,"href":"https:\/\/www.theblackcowshop.com\/nl\/wp-json\/wp\/v2\/etheme_brands?post=15828"},{"taxonomy":"product_brand","embeddable":true,"href":"https:\/\/www.theblackcowshop.com\/nl\/wp-json\/wp\/v2\/product_brand?post=15828"},{"taxonomy":"product_cat","embeddable":true,"href":"https:\/\/www.theblackcowshop.com\/nl\/wp-json\/wp\/v2\/product_cat?post=15828"},{"taxonomy":"product_tag","embeddable":true,"href":"https:\/\/www.theblackcowshop.com\/nl\/wp-json\/wp\/v2\/product_tag?post=15828"}],"curies":[{"name":"wp","href":"https:\/\/api.w.org\/{rel}","templated":true}]}}