{"id":17234,"date":"2024-10-31T19:34:01","date_gmt":"2024-10-31T18:34:01","guid":{"rendered":"https:\/\/www.theblackcowshop.com\/?post_type=product&#038;p=17234"},"modified":"2026-03-06T15:54:02","modified_gmt":"2026-03-06T14:54:02","slug":"dark-chocolate-peanuts-80g-doisy-dam","status":"publish","type":"product","link":"https:\/\/www.theblackcowshop.com\/nl\/product\/dark-chocolate-peanuts-80g-doisy-dam\/","title":{"rendered":"N&#038;Ns Cacahu\u00e8tes Enrob\u00e9es de Chocolat 80g &#8211; Doisy&#038;Dam"},"content":{"rendered":"<p><span style=\"text-decoration: underline;\">Ingr\u00e9dients<\/span> : Chocolat noir (sucre, p\u00e2te de cacao, beurre de cacao, ar\u00f4me naturel de vanille, \u00e9mulsifiant : l\u00e9cithine de <span style=\"text-decoration: underline;\"><strong>soja<\/strong><\/span>), sucre, <span style=\"text-decoration: underline;\"><strong>arachides<\/strong><\/span> (<span style=\"text-decoration: underline;\"><strong>arachides<\/strong><\/span>, huile de tournesol), \u00e9paississant : gomme arabique ; colorants : carbonate de calcium, sulfate de calcium, extrait de betterave, extrait d&rsquo;anatto, curcumine, chlorophylle ; dextrine de tapioca, ar\u00f4me naturel de vanille, agent d&rsquo;enrobage : cire de carnauba ; sirop de glucose d\u00e9shydrat\u00e9. (Cacao : 50% minimum)<\/p>\n<p><strong><span style=\"text-decoration: underline;\">Allerg\u00e8nes<\/span> : Contient du soja et des fruits \u00e0 coque (arachides, cacahu\u00e8tes). Peut contenir des traces de c\u00e9r\u00e9ales contenant du gluten, du lait (y compris le lactose), des \u0153ufs, du s\u00e9same et des fruits \u00e0 coque.<\/strong><\/p>\n<p><em>\u00c0 conserver dans un endroit frais et sec.<\/em><\/p>\n<p>Produit : doisy &amp; dam dark chocolate peanuts, 80g<br \/>\nProduit par : Nurture Brands , Fondamenta Zen 4938, 30121 Venedig , IT<\/p>","protected":false},"excerpt":{"rendered":"<p>Ingr\u00e9dients : Chocolat noir (sucre, p\u00e2te de cacao, beurre de cacao, ar\u00f4me naturel de vanille, \u00e9mulsifiant : l\u00e9cithine de soja), sucre, arachides (arachides, huile de&#8230;<\/p>","protected":false},"featured_media":25885,"template":"","meta":{"_acf_changed":false},"etheme_brands":[{"term_id":463,"name":"Doisy &amp; Dam","slug":"doisy-dam","term_group":0,"term_taxonomy_id":463,"taxonomy":"brand","description":"","parent":0,"count":4,"filter":"raw"}],"product_brand":[],"product_cat":[713,15,372],"product_tag":[],"class_list":{"0":"post-17234","1":"product","2":"type-product","3":"status-publish","4":"has-post-thumbnail","6":"brand-doisy-dam","7":"product_cat-confiseries-bonbons-vegan","8":"product_cat-tout","9":"product_cat-epicerie-vegan","11":"first","12":"outofstock","13":"taxable","14":"shipping-taxable","15":"purchasable","16":"product-type-simple"},"supplier_id":null,"supplier_sku":"","barcode":null,"atum_controlled":true,"out_stock_date":"2026-03-06 15:54:02","out_stock_threshold":null,"inheritable":false,"inbound_stock":0,"stock_on_hold":0,"sold_today":0,"sales_last_days":0,"reserved_stock":0,"customer_returns":0,"warehouse_damage":0,"lost_in_post":0,"other_logs":0,"out_stock_days":41,"lost_sales":52,"has_location":false,"update_date":"2026-04-17T00:03:48","atum_locations":[],"atum_stock_status":"outofstock","restock_status":false,"low_stock_amount":"","sales_update_date":"2026-04-17T00:03:48","calc_backorders":null,"acf":[],"_links":{"self":[{"href":"https:\/\/www.theblackcowshop.com\/nl\/wp-json\/wp\/v2\/product\/17234","targetHints":{"allow":["GET"]}}],"collection":[{"href":"https:\/\/www.theblackcowshop.com\/nl\/wp-json\/wp\/v2\/product"}],"about":[{"href":"https:\/\/www.theblackcowshop.com\/nl\/wp-json\/wp\/v2\/types\/product"}],"version-history":[{"count":1,"href":"https:\/\/www.theblackcowshop.com\/nl\/wp-json\/wp\/v2\/product\/17234\/revisions"}],"predecessor-version":[{"id":28811,"href":"https:\/\/www.theblackcowshop.com\/nl\/wp-json\/wp\/v2\/product\/17234\/revisions\/28811"}],"wp:featuredmedia":[{"embeddable":true,"href":"https:\/\/www.theblackcowshop.com\/nl\/wp-json\/wp\/v2\/media\/25885"}],"wp:attachment":[{"href":"https:\/\/www.theblackcowshop.com\/nl\/wp-json\/wp\/v2\/media?parent=17234"}],"wp:term":[{"taxonomy":"brand","embeddable":true,"href":"https:\/\/www.theblackcowshop.com\/nl\/wp-json\/wp\/v2\/etheme_brands?post=17234"},{"taxonomy":"product_brand","embeddable":true,"href":"https:\/\/www.theblackcowshop.com\/nl\/wp-json\/wp\/v2\/product_brand?post=17234"},{"taxonomy":"product_cat","embeddable":true,"href":"https:\/\/www.theblackcowshop.com\/nl\/wp-json\/wp\/v2\/product_cat?post=17234"},{"taxonomy":"product_tag","embeddable":true,"href":"https:\/\/www.theblackcowshop.com\/nl\/wp-json\/wp\/v2\/product_tag?post=17234"}],"curies":[{"name":"wp","href":"https:\/\/api.w.org\/{rel}","templated":true}]}}