{"id":18303,"date":"2024-10-31T19:36:03","date_gmt":"2024-10-31T18:36:03","guid":{"rendered":"https:\/\/www.theblackcowshop.com\/?post_type=product&#038;p=18303"},"modified":"2026-03-12T14:03:26","modified_gmt":"2026-03-12T13:03:26","slug":"barre-caramel-nougat-chocolat-50g-buttermilk","status":"publish","type":"product","link":"https:\/\/www.theblackcowshop.com\/nl\/product\/barre-caramel-nougat-chocolat-50g-buttermilk\/","title":{"rendered":"Barre Nougat-Caramel 50g &#8211; Buttermilk"},"content":{"rendered":"<p><span style=\"text-decoration: underline;\">Ingr\u00e9dients<\/span> : sucre, sirop de glucose, beurre de cacao, poudre de riz (sirop de riz s\u00e9ch\u00e9, amidon de riz, farine de riz), p\u00e2te de cacao, huile de coco, eau, sucre brun, sirop dor\u00e9, poudre de cacao, sel marin, \u00e9mulsifiant : l\u00e9cithine de tournesol, prot\u00e9ines de pois hydrolys\u00e9es, ar\u00f4mes naturels.<\/p>\n<p><strong><span style=\"text-decoration: underline;\">Allerg\u00e8nes<\/span>\u00a0: fabriqu\u00e9 dans une usine qui utilise du soja, des cacahu\u00e8tes et des noix comme ingr\u00e9dients.<\/strong><\/p>\n<p><span style=\"text-decoration: underline;\">Informations nutritionnelles<\/span> pour 100g :<br \/>\nEnergie 1804kj \/ 432kcal<br \/>\nLipides 21g<br \/>\n&#8211; dont satur\u00e9s 14g<br \/>\nGlucides 58g<br \/>\n&#8211; dont sucres 44g<br \/>\nProt\u00e9ines 1.9g<br \/>\nSel 0.52g<\/p>\n<p>Produit : Caramel Nougat Choccy Bar<br \/>\nOrigine : UK<\/p>","protected":false},"excerpt":{"rendered":"<p>Ingr\u00e9dients : sucre, sirop de glucose, beurre de cacao, poudre de riz (sirop de riz s\u00e9ch\u00e9, amidon de riz, farine de riz), p\u00e2te de cacao,&#8230;<\/p>","protected":false},"featured_media":26053,"template":"","meta":{"_acf_changed":false},"etheme_brands":[{"term_id":460,"name":"Buttermilk","slug":"buttermilk","term_group":0,"term_taxonomy_id":460,"taxonomy":"brand","description":"","parent":0,"count":4,"filter":"raw"}],"product_brand":[],"product_cat":[711,15,372],"product_tag":[],"class_list":{"0":"post-18303","1":"product","2":"type-product","3":"status-publish","4":"has-post-thumbnail","6":"brand-buttermilk","7":"product_cat-barres-chocolatees-vegan","8":"product_cat-tout","9":"product_cat-epicerie-vegan","11":"first","12":"outofstock","13":"taxable","14":"shipping-taxable","15":"purchasable","16":"product-type-simple"},"supplier_id":null,"supplier_sku":"","barcode":null,"atum_controlled":true,"out_stock_date":"2026-03-12 14:03:25","out_stock_threshold":null,"inheritable":false,"inbound_stock":0,"stock_on_hold":0,"sold_today":0,"sales_last_days":0,"reserved_stock":0,"customer_returns":0,"warehouse_damage":0,"lost_in_post":0,"other_logs":0,"out_stock_days":34,"lost_sales":0,"has_location":false,"update_date":"2026-04-16T00:02:40","atum_locations":[],"atum_stock_status":"outofstock","restock_status":false,"low_stock_amount":"","sales_update_date":"2026-04-16T00:02:40","calc_backorders":null,"acf":[],"_links":{"self":[{"href":"https:\/\/www.theblackcowshop.com\/nl\/wp-json\/wp\/v2\/product\/18303","targetHints":{"allow":["GET"]}}],"collection":[{"href":"https:\/\/www.theblackcowshop.com\/nl\/wp-json\/wp\/v2\/product"}],"about":[{"href":"https:\/\/www.theblackcowshop.com\/nl\/wp-json\/wp\/v2\/types\/product"}],"version-history":[{"count":3,"href":"https:\/\/www.theblackcowshop.com\/nl\/wp-json\/wp\/v2\/product\/18303\/revisions"}],"predecessor-version":[{"id":32330,"href":"https:\/\/www.theblackcowshop.com\/nl\/wp-json\/wp\/v2\/product\/18303\/revisions\/32330"}],"wp:featuredmedia":[{"embeddable":true,"href":"https:\/\/www.theblackcowshop.com\/nl\/wp-json\/wp\/v2\/media\/26053"}],"wp:attachment":[{"href":"https:\/\/www.theblackcowshop.com\/nl\/wp-json\/wp\/v2\/media?parent=18303"}],"wp:term":[{"taxonomy":"brand","embeddable":true,"href":"https:\/\/www.theblackcowshop.com\/nl\/wp-json\/wp\/v2\/etheme_brands?post=18303"},{"taxonomy":"product_brand","embeddable":true,"href":"https:\/\/www.theblackcowshop.com\/nl\/wp-json\/wp\/v2\/product_brand?post=18303"},{"taxonomy":"product_cat","embeddable":true,"href":"https:\/\/www.theblackcowshop.com\/nl\/wp-json\/wp\/v2\/product_cat?post=18303"},{"taxonomy":"product_tag","embeddable":true,"href":"https:\/\/www.theblackcowshop.com\/nl\/wp-json\/wp\/v2\/product_tag?post=18303"}],"curies":[{"name":"wp","href":"https:\/\/api.w.org\/{rel}","templated":true}]}}