{"id":19238,"date":"2024-10-31T19:38:06","date_gmt":"2024-10-31T18:38:06","guid":{"rendered":"https:\/\/www.theblackcowshop.com\/?post_type=product&#038;p=19238"},"modified":"2026-04-25T11:51:16","modified_gmt":"2026-04-25T09:51:16","slug":"vego-crisp-40g-vego","status":"publish","type":"product","link":"https:\/\/www.theblackcowshop.com\/nl\/product\/vego-crisp-40g-vego\/","title":{"rendered":"Vego Crisp 40g &#8211; Chocolat Au Riz Souffl\u00e9 40g &#8211; Vego"},"content":{"rendered":"<p><span style=\"text-decoration: underline;\">Ingr\u00e9dients<\/span> : Sucre de canne*, p\u00e2te de cacao*, p\u00e2te de <span style=\"text-decoration: underline;\"><strong>noisettes<\/strong><\/span>* (17%), riz souffl\u00e9* (farine de riz*, sucre de canne*, sel) (15%), beurre de cacao*, \u00e9mulsifiant : l\u00e9cithine* (tournesol), extrait de vanille*. (* = certifi\u00e9 biologique) (Cacao : 31% minimum)<\/p>\n<p><strong><span style=\"text-decoration: underline;\">Allerg\u00e8nes<\/span> : Contient des noisettes. Peut contenir des traces d&rsquo;autres fruits \u00e0 coque et de lait (y compris le lactose).<\/strong><\/p>\n<p><span style=\"text-decoration: underline;\">Valeurs nutritionnelles pour 100g<\/span> :<br \/>\nEnergie 2146 kJ \/ 514 kcal<br \/>\nMati\u00e8res grasses 28 g<br \/>\ndont : acides gras satur\u00e9s 11 g<br \/>\nGlucides 56 g<br \/>\ndont : sucres\u00a041 g<br \/>\nProt\u00e9ines 7,0 g<br \/>\nSel 0,10 g<\/p>\n<p>Produit par : VEGO Good Food GmbH, Dennewitzstra\u00dfe 40, 10783 Berlin<\/p>","protected":false},"excerpt":{"rendered":"<p>Ingr\u00e9dients : Sucre de canne*, p\u00e2te de cacao*, p\u00e2te de noisettes* (17%), riz souffl\u00e9* (farine de riz*, sucre de canne*, sel) (15%), beurre de cacao*,&#8230;<\/p>","protected":false},"featured_media":26262,"template":"","meta":{"_acf_changed":false},"etheme_brands":[{"term_id":459,"name":"Vego","slug":"vego","term_group":0,"term_taxonomy_id":459,"taxonomy":"brand","description":"","parent":0,"count":2,"filter":"raw"}],"product_brand":[],"product_cat":[711,15,372],"product_tag":[],"class_list":{"0":"post-19238","1":"product","2":"type-product","3":"status-publish","4":"has-post-thumbnail","6":"brand-vego","7":"product_cat-barres-chocolatees-vegan","8":"product_cat-tout","9":"product_cat-epicerie-vegan","11":"first","12":"instock","13":"taxable","14":"shipping-taxable","15":"purchasable","16":"product-type-simple"},"supplier_id":null,"supplier_sku":"","barcode":null,"atum_controlled":true,"out_stock_date":null,"out_stock_threshold":null,"inheritable":false,"inbound_stock":0,"stock_on_hold":0,"sold_today":0,"sales_last_days":4,"reserved_stock":0,"customer_returns":0,"warehouse_damage":0,"lost_in_post":0,"other_logs":0,"out_stock_days":0,"lost_sales":0,"has_location":false,"update_date":"2026-04-28T20:46:49","atum_locations":[],"atum_stock_status":"instock","restock_status":false,"low_stock_amount":"","sales_update_date":"2026-04-28T20:46:49","calc_backorders":null,"acf":[],"_links":{"self":[{"href":"https:\/\/www.theblackcowshop.com\/nl\/wp-json\/wp\/v2\/product\/19238","targetHints":{"allow":["GET"]}}],"collection":[{"href":"https:\/\/www.theblackcowshop.com\/nl\/wp-json\/wp\/v2\/product"}],"about":[{"href":"https:\/\/www.theblackcowshop.com\/nl\/wp-json\/wp\/v2\/types\/product"}],"version-history":[{"count":1,"href":"https:\/\/www.theblackcowshop.com\/nl\/wp-json\/wp\/v2\/product\/19238\/revisions"}],"predecessor-version":[{"id":28741,"href":"https:\/\/www.theblackcowshop.com\/nl\/wp-json\/wp\/v2\/product\/19238\/revisions\/28741"}],"wp:featuredmedia":[{"embeddable":true,"href":"https:\/\/www.theblackcowshop.com\/nl\/wp-json\/wp\/v2\/media\/26262"}],"wp:attachment":[{"href":"https:\/\/www.theblackcowshop.com\/nl\/wp-json\/wp\/v2\/media?parent=19238"}],"wp:term":[{"taxonomy":"brand","embeddable":true,"href":"https:\/\/www.theblackcowshop.com\/nl\/wp-json\/wp\/v2\/etheme_brands?post=19238"},{"taxonomy":"product_brand","embeddable":true,"href":"https:\/\/www.theblackcowshop.com\/nl\/wp-json\/wp\/v2\/product_brand?post=19238"},{"taxonomy":"product_cat","embeddable":true,"href":"https:\/\/www.theblackcowshop.com\/nl\/wp-json\/wp\/v2\/product_cat?post=19238"},{"taxonomy":"product_tag","embeddable":true,"href":"https:\/\/www.theblackcowshop.com\/nl\/wp-json\/wp\/v2\/product_tag?post=19238"}],"curies":[{"name":"wp","href":"https:\/\/api.w.org\/{rel}","templated":true}]}}