{"id":21811,"date":"2024-10-31T19:39:22","date_gmt":"2024-10-31T18:39:22","guid":{"rendered":"https:\/\/www.theblackcowshop.com\/?post_type=product&#038;p=21811"},"modified":"2026-04-18T16:14:43","modified_gmt":"2026-04-18T14:14:43","slug":"filet-saumon-vegetal-100g-revo-foods","status":"publish","type":"product","link":"https:\/\/www.theblackcowshop.com\/nl\/product\/filet-saumon-vegetal-100g-revo-foods\/","title":{"rendered":"Filet de Saumon V\u00e9g\u00e9tal 100g &#8211; Revo Foods"},"content":{"rendered":"<p><span style=\"text-decoration: underline;\">Ingr\u00e9dients<\/span> : Mycoprot\u00e9ines (32,8 %), extrudat de prot\u00e9ines de <span style=\"text-decoration: underline;\"><strong>soja<\/strong><\/span> (eau, concentr\u00e9 de prot\u00e9ines de <span style=\"text-decoration: underline;\"><strong>soja<\/strong><\/span>), eau, huile de canola, <span style=\"text-decoration: underline;\"><strong>prot\u00e9ines de colza<\/strong><\/span>, prot\u00e9ines de pomme de terre, ar\u00f4mes, g\u00e9lifiants : m\u00e9thylcellulose, carragh\u00e9nane ; sel, huile riche en DHA et EPA de la microalgue Schizochytrium sp., \u00e9paississant : konjac ; vitamines (vitamine B6, acide folique, vitamine B12), acidifiant : acide citrique ; colorant : b\u00eata-carot\u00e8ne.<\/p>\n<p><strong><span style=\"text-decoration: underline;\">Allerg\u00e8nes<\/span> : Contient du soja. Les prot\u00e9ines de colza peuvent provoquer des r\u00e9actions allergiques chez les consommateurs allergiques \u00e0 la moutarde et \u00e0 ses produits d\u00e9riv\u00e9s.<\/strong><\/p>\n<p><em>\u00c0 conserver au r\u00e9frig\u00e9rateur entre +2 \u00b0C et 6 \u00b0C. Apr\u00e8s ouverture, \u00e0 consommer dans les 24H.<\/em><\/p>\n<p><span style=\"text-decoration: underline;\">Instructions de cuisson<\/span> :<\/p>\n<ul>\n<li>Avant la cuisson du FILET, l&#8217;emballage doit \u00eatre compl\u00e8tement retir\u00e9.<\/li>\n<li><span style=\"text-decoration: underline;\">Au FOUR<\/span> : Cuire le FILET au four \u00e0 chaleur tournante pendant 14 \u00e0 16 minutes \u00e0 200 \u00b0C.<\/li>\n<li><span style=\"text-decoration: underline;\">\u00c0 la PO\u00caLE<\/span> : Faites chauffer la po\u00eale \u00e0 temp\u00e9rature moyenne-basse et ajoutez-y un peu d&rsquo;huile. Faites frire chaque c\u00f4t\u00e9 pendant 3-4 minutes avec le couvercle jusqu&rsquo;\u00e0 ce que la FILET devienne dor\u00e9e.<\/li>\n<li><span style=\"text-decoration: underline;\">Au AIRFRYER<\/span> : Pr\u00e9chauffer le airfryer \u00e0 200\u00b0C et faire frire le FILET pendant 8-10 minutes.<\/li>\n<\/ul>\n<p><span style=\"text-decoration: underline;\">Valeurs nutritionnelles pour 100g<\/span> :<\/p>\n<p>\u00c9nergie (kj) 915<br \/>\n\u00c9nergie (kcal) 219<br \/>\nLipides (g) 16,5<br \/>\ndont satur\u00e9s (g) 1,7<br \/>\nGlucides (g) 1,2<br \/>\ndont sucres (g) 0<br \/>\nFibres (g) 5,0<br \/>\nProt\u00e9ines (g) 13,9<br \/>\nSel (g) 0,85<\/p>\n<p>Acides gras om\u00e9ga-3 (g) 1,3<br \/>\ndont DHA (mg) 137<br \/>\ndont EPA (mg) 87<\/p>\n<p>Acide folique (\u03bcg) 90<br \/>\nVitamine B6 (mg) 0,55<br \/>\nVitamine B12 (\u03bcg) 0,98<\/p>\n<p><em>Produit en Autriche <\/em><em>par REVO FOODS<\/em><\/p>","protected":false},"excerpt":{"rendered":"<p>Innovation v\u00e9g\u00e9tale ! D\u00e9couvrez cette alternative v\u00e9g\u00e9tale au filet de saumon plus vraie que nature gr\u00e2ce aux prouesses de l&rsquo;impression 3D. En plus d&rsquo;\u00eatre 100% v\u00e9g\u00e9tal, ce filet est :<\/p>\n<ul>\n<li><em>Fabriqu\u00e9 \u00e0 partir de mycoprot\u00e9ines de champignons (myc\u00e9lium ferment\u00e9)<\/em><\/li>\n<li><em>\u00c0 base d&rsquo;huile de microalgue riche en DHA et EPA<\/em><\/li>\n<li><em>Riche en prot\u00e9ines, om\u00e9ga-3 et en vit. B6, B9 et B12<\/em><\/li>\n<li><em>Contient tous les acides amin\u00e9s essentiels \ud83c\udf3f<\/em><\/li>\n<\/ul>","protected":false},"featured_media":26376,"template":"","meta":{"_acf_changed":false},"etheme_brands":[{"term_id":498,"name":"Revo Foods","slug":"revo-foods","term_group":0,"term_taxonomy_id":498,"taxonomy":"brand","description":"","parent":0,"count":4,"filter":"raw"}],"product_brand":[],"product_cat":[15,392],"product_tag":[],"class_list":{"0":"post-21811","1":"product","2":"type-product","3":"status-publish","4":"has-post-thumbnail","6":"brand-revo-foods","7":"product_cat-tout","8":"product_cat-alternative-vegan-poisson","10":"first","11":"instock","12":"taxable","13":"shipping-taxable","14":"purchasable","15":"product-type-simple"},"supplier_id":null,"supplier_sku":"","barcode":null,"atum_controlled":true,"out_stock_date":null,"out_stock_threshold":null,"inheritable":false,"inbound_stock":0,"stock_on_hold":1,"sold_today":0,"sales_last_days":1,"reserved_stock":0,"customer_returns":0,"warehouse_damage":0,"lost_in_post":0,"other_logs":0,"out_stock_days":0,"lost_sales":0,"has_location":false,"update_date":"2026-04-21T00:06:58","atum_locations":[],"atum_stock_status":"instock","restock_status":false,"low_stock_amount":0,"sales_update_date":"2026-04-21T00:06:58","calc_backorders":null,"acf":[],"_links":{"self":[{"href":"https:\/\/www.theblackcowshop.com\/nl\/wp-json\/wp\/v2\/product\/21811","targetHints":{"allow":["GET"]}}],"collection":[{"href":"https:\/\/www.theblackcowshop.com\/nl\/wp-json\/wp\/v2\/product"}],"about":[{"href":"https:\/\/www.theblackcowshop.com\/nl\/wp-json\/wp\/v2\/types\/product"}],"version-history":[{"count":6,"href":"https:\/\/www.theblackcowshop.com\/nl\/wp-json\/wp\/v2\/product\/21811\/revisions"}],"predecessor-version":[{"id":30089,"href":"https:\/\/www.theblackcowshop.com\/nl\/wp-json\/wp\/v2\/product\/21811\/revisions\/30089"}],"wp:featuredmedia":[{"embeddable":true,"href":"https:\/\/www.theblackcowshop.com\/nl\/wp-json\/wp\/v2\/media\/26376"}],"wp:attachment":[{"href":"https:\/\/www.theblackcowshop.com\/nl\/wp-json\/wp\/v2\/media?parent=21811"}],"wp:term":[{"taxonomy":"brand","embeddable":true,"href":"https:\/\/www.theblackcowshop.com\/nl\/wp-json\/wp\/v2\/etheme_brands?post=21811"},{"taxonomy":"product_brand","embeddable":true,"href":"https:\/\/www.theblackcowshop.com\/nl\/wp-json\/wp\/v2\/product_brand?post=21811"},{"taxonomy":"product_cat","embeddable":true,"href":"https:\/\/www.theblackcowshop.com\/nl\/wp-json\/wp\/v2\/product_cat?post=21811"},{"taxonomy":"product_tag","embeddable":true,"href":"https:\/\/www.theblackcowshop.com\/nl\/wp-json\/wp\/v2\/product_tag?post=21811"}],"curies":[{"name":"wp","href":"https:\/\/api.w.org\/{rel}","templated":true}]}}