{"id":26796,"date":"2024-11-07T15:43:13","date_gmt":"2024-11-07T14:43:13","guid":{"rendered":"https:\/\/www.theblackcowshop.com\/?post_type=product&#038;p=26796"},"modified":"2026-04-17T15:27:03","modified_gmt":"2026-04-17T13:27:03","slug":"karmage-vin-blanc-200g-veggie-karma","status":"publish","type":"product","link":"https:\/\/www.theblackcowshop.com\/nl\/product\/karmage-vin-blanc-200g-veggie-karma\/","title":{"rendered":"Karmage Vin Blanc 200g &#8211; Style Parmesan &#8211; Veggie Karma"},"content":{"rendered":"<p>Alternative vegan au fromage \u00e0 base de lupin et aromatis\u00e9e \u00e0 la r\u00e9duction de vin blanc ! \ud83e\udd42<\/p>\n<p>Super original, son go\u00fbt est tout \u00e0 fait diff\u00e9rent de ce que l&rsquo;on connait en terme d&rsquo;alternative v\u00e9g\u00e9tale au fromage. C&rsquo;est un vromage \u00e0 p\u00e2te dure et \u00e0 la saveur douce gr\u00e2ce au vin blanc. Ces affin\u00e9s v\u00e9g\u00e9taux, compos\u00e9s de lupin, amandes et noix de cajou, ont un go\u00fbt qui rappellent \u00e0 certains celui d&rsquo;un parmesan jeune qui chatouille le palais ! Des saveurs chaudes espagnoles dont on ne peut plus se passer ! \ud83c\udf1e<\/p>\n<p>Ingr\u00e9dients : LUPIN (34%), NOIX DE CAJOU, huile de coco, lait de riz, vin blanc, amidon de ma\u00efs, miso (koji), levure alimentaire, acidophilus<\/p>\n<p>Allerg\u00e8nes : Contient du LUPIN, FRUITS \u00c0 COQUE (NOIX DE CAJOU). Peut contenir des traces de SOJA,\u00a0FRUITS SECS et FRUITS \u00c0 COQUE.<\/p>\n<p>Conservation : Au frais ! Une fois ouvert, il continue de s&rsquo;affiner et se conserve au frais durant plusieurs semaines.<\/p>\n<p>Produit : Semicurado con Vino Blanco 200g<br \/>\nProducteur : Veggie Karma<br \/>\nOrigine : Barcelona, Espagne<\/p>\n<p>Semicurado, Veggie Karma<\/p>","protected":false},"excerpt":{"rendered":"<p>Alternative vegan au fromage \u00e0 base de lupin et aromatis\u00e9e \u00e0 la r\u00e9duction de vin blanc. \ud83e\udd42<br \/>\nCe \u00ab\u00a0fauxmage\u00a0\u00bb sans lactose nous a rendu totalement fan, et vous ? \u2600\ufe0f<\/p>","protected":false},"featured_media":26797,"template":"","meta":{"_acf_changed":false},"etheme_brands":[{"term_id":438,"name":"Veggie Karma","slug":"veggie-karma","term_group":0,"term_taxonomy_id":438,"taxonomy":"brand","description":"Veggie Karma offre une gamme diversifi\u00e9e de produits v\u00e9g\u00e9taliens, allant des substituts de viande aux plats pr\u00e9par\u00e9s. Leur mission est de promouvoir un mode de vie sain et respectueux de l'environnement gr\u00e2ce \u00e0 une alimentation \u00e0 base de plantes.\r\n\r\n","parent":0,"count":10,"filter":"raw"}],"product_brand":[],"product_cat":[738,15,370],"product_tag":[],"class_list":{"0":"post-26796","1":"product","2":"type-product","3":"status-publish","4":"has-post-thumbnail","6":"brand-veggie-karma","7":"product_cat-alternative-vegan-fromage-affine","8":"product_cat-tout","9":"product_cat-alternatives-vegan-fromage","10":"product_shipping_class-retrait-fleurus","12":"first","13":"instock","14":"taxable","15":"shipping-taxable","16":"purchasable","17":"product-type-simple"},"supplier_id":null,"supplier_sku":"","barcode":null,"atum_controlled":true,"out_stock_date":null,"out_stock_threshold":null,"inheritable":false,"inbound_stock":0,"stock_on_hold":0,"sold_today":0,"sales_last_days":0,"reserved_stock":0,"customer_returns":0,"warehouse_damage":0,"lost_in_post":0,"other_logs":0,"out_stock_days":0,"lost_sales":0,"has_location":false,"update_date":"2026-04-21T00:06:57","atum_locations":[],"atum_stock_status":"instock","restock_status":false,"low_stock_amount":"","sales_update_date":"2026-04-21T00:06:57","calc_backorders":null,"acf":[],"_links":{"self":[{"href":"https:\/\/www.theblackcowshop.com\/nl\/wp-json\/wp\/v2\/product\/26796","targetHints":{"allow":["GET"]}}],"collection":[{"href":"https:\/\/www.theblackcowshop.com\/nl\/wp-json\/wp\/v2\/product"}],"about":[{"href":"https:\/\/www.theblackcowshop.com\/nl\/wp-json\/wp\/v2\/types\/product"}],"version-history":[{"count":2,"href":"https:\/\/www.theblackcowshop.com\/nl\/wp-json\/wp\/v2\/product\/26796\/revisions"}],"predecessor-version":[{"id":29561,"href":"https:\/\/www.theblackcowshop.com\/nl\/wp-json\/wp\/v2\/product\/26796\/revisions\/29561"}],"wp:featuredmedia":[{"embeddable":true,"href":"https:\/\/www.theblackcowshop.com\/nl\/wp-json\/wp\/v2\/media\/26797"}],"wp:attachment":[{"href":"https:\/\/www.theblackcowshop.com\/nl\/wp-json\/wp\/v2\/media?parent=26796"}],"wp:term":[{"taxonomy":"brand","embeddable":true,"href":"https:\/\/www.theblackcowshop.com\/nl\/wp-json\/wp\/v2\/etheme_brands?post=26796"},{"taxonomy":"product_brand","embeddable":true,"href":"https:\/\/www.theblackcowshop.com\/nl\/wp-json\/wp\/v2\/product_brand?post=26796"},{"taxonomy":"product_cat","embeddable":true,"href":"https:\/\/www.theblackcowshop.com\/nl\/wp-json\/wp\/v2\/product_cat?post=26796"},{"taxonomy":"product_tag","embeddable":true,"href":"https:\/\/www.theblackcowshop.com\/nl\/wp-json\/wp\/v2\/product_tag?post=26796"}],"curies":[{"name":"wp","href":"https:\/\/api.w.org\/{rel}","templated":true}]}}