{"id":27249,"date":"2024-12-01T16:40:44","date_gmt":"2024-12-01T15:40:44","guid":{"rendered":"https:\/\/www.theblackcowshop.com\/?post_type=product&#038;p=27249"},"modified":"2026-03-11T14:25:58","modified_gmt":"2026-03-11T13:25:58","slug":"panettone-noel-glacage-gianduia-700g","status":"publish","type":"product","link":"https:\/\/www.theblackcowshop.com\/nl\/product\/panettone-noel-glacage-gianduia-700g\/","title":{"rendered":"Panettone Deluxe Vegan Glac\u00e9 Au Chocolat Gianduia Fondant 700g"},"content":{"rendered":"<p><span style=\"text-decoration: underline\">Ingr\u00e9dients<\/span> : Farine de <span style=\"text-decoration: underline\"><strong>bl\u00e9<\/strong><\/span> tendre de type \u00ab 0 \u00bb*, chocolat noir extra* 18,3% (sucre de canne*, p\u00e2te de cacao*, beurre de cacao*, \u00e9mulsifiant l\u00e9cithine de <span style=\"text-decoration: underline\"><strong>soja<\/strong><\/span>*, extrait de vanille*), margarine v\u00e9g\u00e9tale* (huile de tournesol riche en acide ol\u00e9ique*, beurre de karit\u00e9*, eau, ar\u00f4me naturel de th\u00e9 vert), sucre de canne*, farine de <span style=\"text-decoration: underline\"><strong>bl\u00e9<\/strong><\/span> tendre moulue \u00e0 la meule de pierre de type \u00ab 1 \u00bb*, poudre \u00e0 lever naturelle* 5,7% (farine de <span style=\"text-decoration: underline\"><strong>bl\u00e9<\/strong><\/span> tendre de type \u00ab 0 \u00bb*), p\u00e2te de <span style=\"text-decoration: underline\"><strong>noisettes<\/strong><\/span>* 2,3%, p\u00e2te d&rsquo;orange* (\u00e9corce d&rsquo;orange*, sirop de glucose-fructose de ma\u00efs*, sucre de canne*, jus de citron*), sirop d&rsquo;agave*, beurre de cacao*, flocons de pommes de terre*, sel marin, prot\u00e9ines de riz*, curcuma*, gousse de vanille*. Gla\u00e7age 8,1% : chocolat noir* (sucre de canne*, p\u00e2te de cacao*, beurre de cacao*, \u00e9mulsifiant : l\u00e9cithine <span style=\"text-decoration: underline\"><strong>soja<\/strong><\/span>*, extrait de vanille*) (*Biologique).<\/p>\n<p><strong><span style=\"text-decoration: underline\">Allerg\u00e8nes<\/span> : Contient du gluten, bl\u00e9, soja, fruits \u00e0 coque et noisettes. Peut contenir de lait, oeufs, pistaches et moutarde.<\/strong><\/p>\n<p><em>\u00c0 conserver dans un endroit frais et sec.<\/em><\/p>\n<p><span style=\"text-decoration: underline\">Valeurs nutritionnelles pour 100g<\/span> :<br \/>\nValeur \u00e9nerg\u00e9tique 2164 kJ\/517 kcal<br \/>\nMati\u00e8res grasses totales 27 g<br \/>\nGraisses satur\u00e9es 12 g<br \/>\nGlucides 65 g<br \/>\nGlucides dont sucres 33 g<br \/>\nProt\u00e9ines 6,5 g<br \/>\nSel 0,33 g<br \/>\nFibres 3,8 g<\/p>","protected":false},"excerpt":{"rendered":"<p>Ingr\u00e9dients : Farine de bl\u00e9 tendre de type \u00ab 0 \u00bb*, chocolat noir extra* 18,3% (sucre de canne*, p\u00e2te de cacao*, beurre de cacao*, \u00e9mulsifiant&#8230;<\/p>","protected":false},"featured_media":27238,"template":"","meta":{"_acf_changed":false},"etheme_brands":[],"product_brand":[],"product_cat":[399,613,15,634,372],"product_tag":[],"class_list":{"0":"post-27249","1":"product","2":"type-product","3":"status-publish","4":"has-post-thumbnail","6":"product_cat-gateaux-biscuits-vegan","7":"product_cat-boulangerie-vegan","8":"product_cat-tout","9":"product_cat-promotions","10":"product_cat-epicerie-vegan","12":"first","13":"outofstock","14":"taxable","15":"shipping-taxable","16":"purchasable","17":"product-type-simple"},"supplier_id":null,"supplier_sku":"","barcode":null,"atum_controlled":false,"out_stock_date":null,"out_stock_threshold":null,"inheritable":false,"inbound_stock":null,"stock_on_hold":0,"sold_today":0,"sales_last_days":0,"reserved_stock":null,"customer_returns":null,"warehouse_damage":null,"lost_in_post":null,"other_logs":null,"out_stock_days":0,"lost_sales":0,"has_location":null,"update_date":"2026-04-18T00:04:08","atum_locations":[],"atum_stock_status":"outofstock","restock_status":false,"low_stock_amount":"","sales_update_date":"2026-04-18T00:04:08","calc_backorders":null,"acf":[],"_links":{"self":[{"href":"https:\/\/www.theblackcowshop.com\/nl\/wp-json\/wp\/v2\/product\/27249","targetHints":{"allow":["GET"]}}],"collection":[{"href":"https:\/\/www.theblackcowshop.com\/nl\/wp-json\/wp\/v2\/product"}],"about":[{"href":"https:\/\/www.theblackcowshop.com\/nl\/wp-json\/wp\/v2\/types\/product"}],"version-history":[{"count":2,"href":"https:\/\/www.theblackcowshop.com\/nl\/wp-json\/wp\/v2\/product\/27249\/revisions"}],"predecessor-version":[{"id":31564,"href":"https:\/\/www.theblackcowshop.com\/nl\/wp-json\/wp\/v2\/product\/27249\/revisions\/31564"}],"wp:featuredmedia":[{"embeddable":true,"href":"https:\/\/www.theblackcowshop.com\/nl\/wp-json\/wp\/v2\/media\/27238"}],"wp:attachment":[{"href":"https:\/\/www.theblackcowshop.com\/nl\/wp-json\/wp\/v2\/media?parent=27249"}],"wp:term":[{"taxonomy":"brand","embeddable":true,"href":"https:\/\/www.theblackcowshop.com\/nl\/wp-json\/wp\/v2\/etheme_brands?post=27249"},{"taxonomy":"product_brand","embeddable":true,"href":"https:\/\/www.theblackcowshop.com\/nl\/wp-json\/wp\/v2\/product_brand?post=27249"},{"taxonomy":"product_cat","embeddable":true,"href":"https:\/\/www.theblackcowshop.com\/nl\/wp-json\/wp\/v2\/product_cat?post=27249"},{"taxonomy":"product_tag","embeddable":true,"href":"https:\/\/www.theblackcowshop.com\/nl\/wp-json\/wp\/v2\/product_tag?post=27249"}],"curies":[{"name":"wp","href":"https:\/\/api.w.org\/{rel}","templated":true}]}}