{"id":27914,"date":"2024-12-12T22:51:09","date_gmt":"2024-12-12T21:51:09","guid":{"rendered":"https:\/\/www.theblackcowshop.com\/?post_type=product&#038;p=27914"},"modified":"2026-03-12T13:47:42","modified_gmt":"2026-03-12T12:47:42","slug":"kitkat-vegan-41g","status":"publish","type":"product","link":"https:\/\/www.theblackcowshop.com\/nl\/product\/kitkat-vegan-41g\/","title":{"rendered":"KitKat Vegan 41,5g"},"content":{"rendered":"<p><span style=\"text-decoration: underline;\">Ingr\u00e9dients<\/span> : Sucre, beurre de cacao*, farine de <strong><span style=\"text-decoration: underline;\">bl\u00e9<\/span><\/strong>, dextrines non digestibles, sirop de glucose, p\u00e2te de cacao*, graisses v\u00e9g\u00e9tales (palmiste, palme), cacao maigre*, \u00e9mulsifiant (<span style=\"text-decoration: underline;\"><strong>l\u00e9cithine<\/strong><\/span>), ar\u00f4me naturel de vanille, poudre \u00e0 lever (carbonate de sodium).<\/p>\n<p><strong><span style=\"text-decoration: underline;\">Allerg\u00e8nes<\/span> : Contient du bl\u00e9, du gluten et du soja. Peut contenir des traces de lait.<\/strong><\/p>\n<p><span style=\"text-decoration: underline;\">Valeurs nutritionnelles pour 100g<\/span> :<br \/>\nEnergie 2147 kJ \/ 515 kcal<br \/>\nMati\u00e8res grasses 29.3g<br \/>\ndont satur\u00e9es 18.2g<br \/>\nGlucides 55g<br \/>\ndont sucres 34.3g<br \/>\nProt\u00e9ines 2.7g<br \/>\nSodium 0.16g<\/p>\n<p>KitKat Vegan<br \/>\nNestl\u00e9<\/p>","protected":false},"excerpt":{"rendered":"<p>Ingr\u00e9dients : Sucre, beurre de cacao*, farine de bl\u00e9, dextrines non digestibles, sirop de glucose, p\u00e2te de cacao*, graisses v\u00e9g\u00e9tales (palmiste, palme), cacao maigre*, \u00e9mulsifiant&#8230;<\/p>","protected":false},"featured_media":27915,"template":"","meta":{"_acf_changed":false},"etheme_brands":[{"term_id":624,"name":"KitKat","slug":"kitkat","term_group":0,"term_taxonomy_id":624,"taxonomy":"brand","description":"","parent":0,"count":1,"filter":"raw"}],"product_brand":[],"product_cat":[711,15,372],"product_tag":[],"class_list":{"0":"post-27914","1":"product","2":"type-product","3":"status-publish","4":"has-post-thumbnail","6":"brand-kitkat","7":"product_cat-barres-chocolatees-vegan","8":"product_cat-tout","9":"product_cat-epicerie-vegan","11":"first","12":"outofstock","13":"taxable","14":"shipping-taxable","15":"purchasable","16":"product-type-simple"},"supplier_id":null,"supplier_sku":"","barcode":null,"atum_controlled":true,"out_stock_date":"2026-03-11 14:25:58","out_stock_threshold":null,"inheritable":false,"inbound_stock":0,"stock_on_hold":0,"sold_today":0,"sales_last_days":0,"reserved_stock":0,"customer_returns":0,"warehouse_damage":0,"lost_in_post":0,"other_logs":0,"out_stock_days":48,"lost_sales":0,"has_location":false,"update_date":"2026-04-29T00:15:16","atum_locations":[],"atum_stock_status":"outofstock","restock_status":false,"low_stock_amount":"","sales_update_date":"2026-04-29T00:15:16","calc_backorders":null,"acf":[],"_links":{"self":[{"href":"https:\/\/www.theblackcowshop.com\/nl\/wp-json\/wp\/v2\/product\/27914","targetHints":{"allow":["GET"]}}],"collection":[{"href":"https:\/\/www.theblackcowshop.com\/nl\/wp-json\/wp\/v2\/product"}],"about":[{"href":"https:\/\/www.theblackcowshop.com\/nl\/wp-json\/wp\/v2\/types\/product"}],"version-history":[{"count":3,"href":"https:\/\/www.theblackcowshop.com\/nl\/wp-json\/wp\/v2\/product\/27914\/revisions"}],"predecessor-version":[{"id":32551,"href":"https:\/\/www.theblackcowshop.com\/nl\/wp-json\/wp\/v2\/product\/27914\/revisions\/32551"}],"wp:featuredmedia":[{"embeddable":true,"href":"https:\/\/www.theblackcowshop.com\/nl\/wp-json\/wp\/v2\/media\/27915"}],"wp:attachment":[{"href":"https:\/\/www.theblackcowshop.com\/nl\/wp-json\/wp\/v2\/media?parent=27914"}],"wp:term":[{"taxonomy":"brand","embeddable":true,"href":"https:\/\/www.theblackcowshop.com\/nl\/wp-json\/wp\/v2\/etheme_brands?post=27914"},{"taxonomy":"product_brand","embeddable":true,"href":"https:\/\/www.theblackcowshop.com\/nl\/wp-json\/wp\/v2\/product_brand?post=27914"},{"taxonomy":"product_cat","embeddable":true,"href":"https:\/\/www.theblackcowshop.com\/nl\/wp-json\/wp\/v2\/product_cat?post=27914"},{"taxonomy":"product_tag","embeddable":true,"href":"https:\/\/www.theblackcowshop.com\/nl\/wp-json\/wp\/v2\/product_tag?post=27914"}],"curies":[{"name":"wp","href":"https:\/\/api.w.org\/{rel}","templated":true}]}}