{"id":28980,"date":"2025-02-05T19:02:06","date_gmt":"2025-02-05T18:02:06","guid":{"rendered":"https:\/\/www.theblackcowshop.com\/?post_type=product&#038;p=28980"},"modified":"2026-04-04T17:26:22","modified_gmt":"2026-04-04T15:26:22","slug":"escalopes-panees-2x90g-heura","status":"publish","type":"product","link":"https:\/\/www.theblackcowshop.com\/nl\/product\/escalopes-panees-2x90g-heura\/","title":{"rendered":"Escalopes Pan\u00e9es 2x90g &#8211; Heura"},"content":{"rendered":"<p><span style=\"text-decoration: underline;\">Ingr\u00e9dients<\/span> : Eau, concentr\u00e9 de prot\u00e9ines de <span style=\"text-decoration: underline;\"><strong>soja<\/strong><\/span>* (13,7%), farines (<span style=\"text-decoration: underline;\"><strong>bl\u00e9<\/strong><\/span>\u00a0(7,7%), ma\u00efs, riz,\u00a0<span style=\"text-decoration: underline;\"><strong>soja<\/strong><\/span>*), huile de colza (7,0%), gluten de\u00a0<span style=\"text-decoration: underline;\"><strong>bl\u00e9<\/strong><\/span>, ar\u00f4mes naturels, huile d&rsquo;olive extra vierge (1,9%), amidon de\u00a0<span style=\"text-decoration: underline;\"><strong>bl\u00e9<\/strong><\/span>, stabilisateur (m\u00e9thylcellulose), amidon de pomme de terre et de ma\u00efs, sel, levure, dextrose et vitamine B12.<\/p>\n<p>*soja sans OGM provenant de cultures qui ne favorisent pas la d\u00e9forestation.<\/p>\n<p><strong><span style=\"text-decoration: underline;\">Allerg\u00e8nes<\/span> : Contient du soja, bl\u00e9, gluten.<\/strong><\/p>\n<p><em>Conseils pour la cuisson : Faites cuire 3 minutes de chaque c\u00f4t\u00e9, dans une po\u00eale \u00e0 feu moyen et un filet d&rsquo;huile v\u00e9g\u00e9tale.<\/em><\/p>\n<p><em>\u00c0 conserver au frais entre 0\u00b0C et 4\u00b0C. <span style=\"font-weight: 400;\">Apr\u00e8s ouverture, \u00e0 consommer dans les 24 heures. <strong>Produit d\u00e9congel\u00e9, ne pas recongeler.<\/strong><\/span><\/em><\/p>\n<p><span style=\"text-decoration: underline;\">Valeurs nutritionnelles pour 100g<\/span> :<br \/>\nEnergie 832 kJ \/ 198 kcal<br \/>\nMati\u00e8res grasses 8.4 g<br \/>\ndont satur\u00e9es 1.1 g<br \/>\nGlucides 14 g<br \/>\ndont sucres 0.7 g<br \/>\nProt\u00e9ines 15 g<br \/>\nSodium 1.1 g<\/p>\n<p>Produit en Espagne<\/p>","protected":false},"excerpt":{"rendered":"<p>Ingr\u00e9dients : Eau, concentr\u00e9 de prot\u00e9ines de soja* (13,7%), farines (bl\u00e9\u00a0(7,7%), ma\u00efs, riz,\u00a0soja*), huile de colza (7,0%), gluten de\u00a0bl\u00e9, ar\u00f4mes naturels, huile d&rsquo;olive extra vierge&#8230;<\/p>","protected":false},"featured_media":28982,"template":"","meta":{"_acf_changed":false},"etheme_brands":[{"term_id":501,"name":"Heura Foods","slug":"heura-foods","term_group":0,"term_taxonomy_id":501,"taxonomy":"brand","description":"","parent":0,"count":3,"filter":"raw"}],"product_brand":[],"product_cat":[710,15,702,375],"product_tag":[],"class_list":{"0":"post-28980","1":"product","2":"type-product","3":"status-publish","4":"has-post-thumbnail","6":"brand-heura-foods","7":"product_cat-alternative-vegan-viande","8":"product_cat-tout","9":"product_cat-nouveau","10":"product_cat-alternative-vegan-viande-boucherie","12":"first","13":"instock","14":"taxable","15":"shipping-taxable","16":"purchasable","17":"product-type-simple"},"supplier_id":null,"supplier_sku":"","barcode":null,"atum_controlled":false,"out_stock_date":null,"out_stock_threshold":null,"inheritable":false,"inbound_stock":null,"stock_on_hold":0,"sold_today":0,"sales_last_days":0,"reserved_stock":null,"customer_returns":null,"warehouse_damage":null,"lost_in_post":null,"other_logs":null,"out_stock_days":0,"lost_sales":0,"has_location":false,"update_date":"2026-04-07T00:33:18","atum_locations":[],"atum_stock_status":"instock","restock_status":false,"low_stock_amount":"","sales_update_date":"2026-04-07T00:33:18","calc_backorders":null,"acf":[],"_links":{"self":[{"href":"https:\/\/www.theblackcowshop.com\/nl\/wp-json\/wp\/v2\/product\/28980","targetHints":{"allow":["GET"]}}],"collection":[{"href":"https:\/\/www.theblackcowshop.com\/nl\/wp-json\/wp\/v2\/product"}],"about":[{"href":"https:\/\/www.theblackcowshop.com\/nl\/wp-json\/wp\/v2\/types\/product"}],"version-history":[{"count":9,"href":"https:\/\/www.theblackcowshop.com\/nl\/wp-json\/wp\/v2\/product\/28980\/revisions"}],"predecessor-version":[{"id":31449,"href":"https:\/\/www.theblackcowshop.com\/nl\/wp-json\/wp\/v2\/product\/28980\/revisions\/31449"}],"wp:featuredmedia":[{"embeddable":true,"href":"https:\/\/www.theblackcowshop.com\/nl\/wp-json\/wp\/v2\/media\/28982"}],"wp:attachment":[{"href":"https:\/\/www.theblackcowshop.com\/nl\/wp-json\/wp\/v2\/media?parent=28980"}],"wp:term":[{"taxonomy":"brand","embeddable":true,"href":"https:\/\/www.theblackcowshop.com\/nl\/wp-json\/wp\/v2\/etheme_brands?post=28980"},{"taxonomy":"product_brand","embeddable":true,"href":"https:\/\/www.theblackcowshop.com\/nl\/wp-json\/wp\/v2\/product_brand?post=28980"},{"taxonomy":"product_cat","embeddable":true,"href":"https:\/\/www.theblackcowshop.com\/nl\/wp-json\/wp\/v2\/product_cat?post=28980"},{"taxonomy":"product_tag","embeddable":true,"href":"https:\/\/www.theblackcowshop.com\/nl\/wp-json\/wp\/v2\/product_tag?post=28980"}],"curies":[{"name":"wp","href":"https:\/\/api.w.org\/{rel}","templated":true}]}}