{"id":28986,"date":"2025-02-05T19:15:35","date_gmt":"2025-02-05T18:15:35","guid":{"rendered":"https:\/\/www.theblackcowshop.com\/?post_type=product&#038;p=28986"},"modified":"2026-04-07T12:47:45","modified_gmt":"2026-04-07T10:47:45","slug":"nuggets-natures-180g-heura","status":"publish","type":"product","link":"https:\/\/www.theblackcowshop.com\/nl\/product\/nuggets-natures-180g-heura\/","title":{"rendered":"Nuggets Natures 180g &#8211; Heura"},"content":{"rendered":"<p><span style=\"text-decoration: underline;\">Ingr\u00e9dients<\/span> : Eau, concentr\u00e9 de prot\u00e9ines de <strong><span style=\"text-decoration: underline;\">soja<\/span> <\/strong>14,2%, farine de riz, farine de ma\u00efs, huile de tournesol, amidon de pomme de terre et de ma\u00efs, ar\u00f4mes, stabilisant (m\u00e9thylcellulose), fibre v\u00e9g\u00e9tale, vinaigre d&rsquo;alcool, sel, dextrose et vitamine B12.<\/p>\n<p><strong><span style=\"text-decoration: underline;\">Allerg\u00e8nes<\/span> : Contient du soja.<\/strong><\/p>\n<p><em>\u00c0 conserver au frais entre 0\u00b0C et 4\u00b0C. <span style=\"font-weight: 400;\">Apr\u00e8s ouverture, \u00e0 consommer dans les 24 heures. <strong>Produit d\u00e9congel\u00e9, ne pas recongeler.<\/strong><\/span><\/em><\/p>\n<p><span style=\"text-decoration: underline;\">Valeurs nutritionnelles pour 100g<\/span> :<br \/>\nEnergie 706 kJ \/ 168 kcal<br \/>\nMati\u00e8res grasses 7.6 g<br \/>\ndont satur\u00e9es 1.2 g<br \/>\nGlucides 8.3 g<br \/>\ndont sucres &lt; 0.5 g<br \/>\nProt\u00e9ines 14 g<br \/>\nSodium 0.98 g<\/p>\n<p>Produit en Espagne<\/p>","protected":false},"excerpt":{"rendered":"<p>Ingr\u00e9dients : Eau, concentr\u00e9 de prot\u00e9ines de soja 14,2%, farine de riz, farine de ma\u00efs, huile de tournesol, amidon de pomme de terre et de&#8230;<\/p>","protected":false},"featured_media":28983,"template":"","meta":{"_acf_changed":false},"etheme_brands":[{"term_id":501,"name":"Heura Foods","slug":"heura-foods","term_group":0,"term_taxonomy_id":501,"taxonomy":"brand","description":"","parent":0,"count":3,"filter":"raw"}],"product_brand":[],"product_cat":[710,15,702,375],"product_tag":[],"class_list":{"0":"post-28986","1":"product","2":"type-product","3":"status-publish","4":"has-post-thumbnail","6":"brand-heura-foods","7":"product_cat-alternative-vegan-viande","8":"product_cat-tout","9":"product_cat-nouveau","10":"product_cat-alternative-vegan-viande-boucherie","12":"first","13":"instock","14":"taxable","15":"shipping-taxable","16":"purchasable","17":"product-type-simple"},"supplier_id":null,"supplier_sku":"","barcode":null,"atum_controlled":false,"out_stock_date":null,"out_stock_threshold":null,"inheritable":false,"inbound_stock":null,"stock_on_hold":0,"sold_today":0,"sales_last_days":0,"reserved_stock":null,"customer_returns":null,"warehouse_damage":null,"lost_in_post":null,"other_logs":null,"out_stock_days":0,"lost_sales":0,"has_location":false,"update_date":"2026-04-07T10:47:47","atum_locations":[],"atum_stock_status":"instock","restock_status":false,"low_stock_amount":"","sales_update_date":"2026-04-07T00:33:18","calc_backorders":null,"acf":[],"_links":{"self":[{"href":"https:\/\/www.theblackcowshop.com\/nl\/wp-json\/wp\/v2\/product\/28986","targetHints":{"allow":["GET"]}}],"collection":[{"href":"https:\/\/www.theblackcowshop.com\/nl\/wp-json\/wp\/v2\/product"}],"about":[{"href":"https:\/\/www.theblackcowshop.com\/nl\/wp-json\/wp\/v2\/types\/product"}],"version-history":[{"count":8,"href":"https:\/\/www.theblackcowshop.com\/nl\/wp-json\/wp\/v2\/product\/28986\/revisions"}],"predecessor-version":[{"id":32653,"href":"https:\/\/www.theblackcowshop.com\/nl\/wp-json\/wp\/v2\/product\/28986\/revisions\/32653"}],"wp:featuredmedia":[{"embeddable":true,"href":"https:\/\/www.theblackcowshop.com\/nl\/wp-json\/wp\/v2\/media\/28983"}],"wp:attachment":[{"href":"https:\/\/www.theblackcowshop.com\/nl\/wp-json\/wp\/v2\/media?parent=28986"}],"wp:term":[{"taxonomy":"brand","embeddable":true,"href":"https:\/\/www.theblackcowshop.com\/nl\/wp-json\/wp\/v2\/etheme_brands?post=28986"},{"taxonomy":"product_brand","embeddable":true,"href":"https:\/\/www.theblackcowshop.com\/nl\/wp-json\/wp\/v2\/product_brand?post=28986"},{"taxonomy":"product_cat","embeddable":true,"href":"https:\/\/www.theblackcowshop.com\/nl\/wp-json\/wp\/v2\/product_cat?post=28986"},{"taxonomy":"product_tag","embeddable":true,"href":"https:\/\/www.theblackcowshop.com\/nl\/wp-json\/wp\/v2\/product_tag?post=28986"}],"curies":[{"name":"wp","href":"https:\/\/api.w.org\/{rel}","templated":true}]}}