{"id":29494,"date":"2025-02-26T22:28:56","date_gmt":"2025-02-26T21:28:56","guid":{"rendered":"https:\/\/www.theblackcowshop.com\/?post_type=product&#038;p=29494"},"modified":"2026-04-14T12:34:41","modified_gmt":"2026-04-14T10:34:41","slug":"lapin-dore-paques-chocolat-vegan-lindt-100g","status":"publish","type":"product","link":"https:\/\/www.theblackcowshop.com\/nl\/product\/lapin-dore-paques-chocolat-vegan-lindt-100g\/","title":{"rendered":"Lapin En Chocolat Vegan 100g &#8211; Lindt"},"content":{"rendered":"<p><span style=\"text-decoration: underline\">Ingr\u00e9dients<\/span> :\u00a0Sucre, beurre de cacao, p\u00e2te de cacao, maltodextrine, <span style=\"text-decoration: underline\"><strong>amandes<\/strong> <\/span>(10%), farine d&rsquo;<span style=\"text-decoration: underline\"><strong>avoine<\/strong><\/span>* (4,4%), sirop de <span style=\"text-decoration: underline\"><strong>millet<\/strong><\/span> (4%), \u00e9mulsifiant : l\u00e9cithine de <span style=\"text-decoration: underline\"><strong>soja<\/strong><\/span> ; ar\u00f4mes naturels. (* = avoine sans gluten) (Cacao : 35% minimum dans le produit de cacao)<\/p>\n<p><strong><span style=\"text-decoration: underline\">Allerg\u00e8nes<\/span> : Contient des amandes, des fruits \u00e0 coque, de l&rsquo;avoine et du soja. Peut contenir des traces d&rsquo;autres fruits \u00e0 coque et de lait (y compris le lactose).<\/strong><\/p>\n<p><span style=\"text-decoration: underline\">Valeurs nutritionnelles pour 100g<\/span> :<br \/>\n\u00e9nergie 2402 kJ \/ 577 kcal<br \/>\nmati\u00e8res grasses 38 g<br \/>\ndont : acides gras satur\u00e9s 19 g<br \/>\nhydrates de carbone 52 g<br \/>\ndont : sucre<br \/>\nsucre 32 g<br \/>\nprot\u00e9ines 4,7 g<br \/>\nsel 0,04 g<\/p>\n<p>&nbsp;<\/p>","protected":false},"excerpt":{"rendered":"<p>Ingr\u00e9dients :\u00a0Sucre, beurre de cacao, p\u00e2te de cacao, maltodextrine, amandes (10%), farine d&rsquo;avoine* (4,4%), sirop de millet (4%), \u00e9mulsifiant : l\u00e9cithine de soja ; ar\u00f4mes&#8230;<\/p>","protected":false},"featured_media":29434,"template":"","meta":{"_acf_changed":false},"etheme_brands":[{"term_id":458,"name":"Lindt","slug":"lindt","term_group":0,"term_taxonomy_id":458,"taxonomy":"brand","description":"","parent":0,"count":3,"filter":"raw"}],"product_brand":[],"product_cat":[712,753,15,702,372],"product_tag":[],"class_list":{"0":"post-29494","1":"product","2":"type-product","3":"status-publish","4":"has-post-thumbnail","6":"brand-lindt","7":"product_cat-chocolat-vegan","8":"product_cat-paques-vegan","9":"product_cat-tout","10":"product_cat-nouveau","11":"product_cat-epicerie-vegan","13":"first","14":"instock","15":"taxable","16":"shipping-taxable","17":"purchasable","18":"product-type-simple"},"supplier_id":null,"supplier_sku":"","barcode":null,"atum_controlled":false,"out_stock_date":null,"out_stock_threshold":null,"inheritable":false,"inbound_stock":null,"stock_on_hold":0,"sold_today":0,"sales_last_days":2,"reserved_stock":null,"customer_returns":null,"warehouse_damage":null,"lost_in_post":null,"other_logs":null,"out_stock_days":0,"lost_sales":0,"has_location":null,"update_date":"2026-04-14T10:34:42","atum_locations":[],"atum_stock_status":"instock","restock_status":false,"low_stock_amount":"","sales_update_date":"2026-04-14T00:01:51","calc_backorders":null,"acf":[],"_links":{"self":[{"href":"https:\/\/www.theblackcowshop.com\/nl\/wp-json\/wp\/v2\/product\/29494","targetHints":{"allow":["GET"]}}],"collection":[{"href":"https:\/\/www.theblackcowshop.com\/nl\/wp-json\/wp\/v2\/product"}],"about":[{"href":"https:\/\/www.theblackcowshop.com\/nl\/wp-json\/wp\/v2\/types\/product"}],"version-history":[{"count":4,"href":"https:\/\/www.theblackcowshop.com\/nl\/wp-json\/wp\/v2\/product\/29494\/revisions"}],"predecessor-version":[{"id":31051,"href":"https:\/\/www.theblackcowshop.com\/nl\/wp-json\/wp\/v2\/product\/29494\/revisions\/31051"}],"wp:featuredmedia":[{"embeddable":true,"href":"https:\/\/www.theblackcowshop.com\/nl\/wp-json\/wp\/v2\/media\/29434"}],"wp:attachment":[{"href":"https:\/\/www.theblackcowshop.com\/nl\/wp-json\/wp\/v2\/media?parent=29494"}],"wp:term":[{"taxonomy":"brand","embeddable":true,"href":"https:\/\/www.theblackcowshop.com\/nl\/wp-json\/wp\/v2\/etheme_brands?post=29494"},{"taxonomy":"product_brand","embeddable":true,"href":"https:\/\/www.theblackcowshop.com\/nl\/wp-json\/wp\/v2\/product_brand?post=29494"},{"taxonomy":"product_cat","embeddable":true,"href":"https:\/\/www.theblackcowshop.com\/nl\/wp-json\/wp\/v2\/product_cat?post=29494"},{"taxonomy":"product_tag","embeddable":true,"href":"https:\/\/www.theblackcowshop.com\/nl\/wp-json\/wp\/v2\/product_tag?post=29494"}],"curies":[{"name":"wp","href":"https:\/\/api.w.org\/{rel}","templated":true}]}}