{"id":29498,"date":"2025-02-26T22:40:48","date_gmt":"2025-02-26T21:40:48","guid":{"rendered":"https:\/\/www.theblackcowshop.com\/?post_type=product&#038;p=29498"},"modified":"2026-04-03T18:09:23","modified_gmt":"2026-04-03T16:09:23","slug":"oeufs-vegan-paques-noisette-caramel-90g-lindt","status":"publish","type":"product","link":"https:\/\/www.theblackcowshop.com\/nl\/product\/oeufs-vegan-paques-noisette-caramel-90g-lindt\/","title":{"rendered":"Oeufs Noisettes-Caramel Vegan 90g &#8211; Lindt"},"content":{"rendered":"<p><span style=\"text-decoration: underline\">Ingr\u00e9dients<\/span> : Sucre, beurre de cacao, <span style=\"text-decoration: underline\"><strong>noisettes<\/strong><\/span> (13%), p\u00e2te de cacao, sirop de glucose, maltodextrine, <strong><span style=\"text-decoration: underline\">amandes<\/span> <\/strong>(5%), graisse v\u00e9g\u00e9tale (tournesol, karit\u00e9), farine d&rsquo;<span style=\"text-decoration: underline\"><strong>avoine<\/strong><\/span>* (3%), sirop de millet (2,7%), \u00e9mulsifiant : l\u00e9cithines de <span style=\"text-decoration: underline\"><strong>soja<\/strong><\/span>, mono- et diglyc\u00e9rides d&rsquo;acides gras ; prot\u00e9ines de pois, sel, ar\u00f4mes naturels. (* = avoine sans gluten) (Cacao : 35% minimum dans le produit de cacao)<\/p>\n<p><strong><span style=\"text-decoration: underline\">Allerg\u00e8nes<\/span> : Contient des noisettes, des amandes, des fruits \u00e0 coque, de l&rsquo;avoine et du soja. Peut contenir des traces d&rsquo;autres fruits \u00e0 coque et de lait (y compris le lactose).<\/strong><\/p>\n<p><span style=\"text-decoration: underline\">Valeurs nutritionnelles pour 100g<\/span> :<br \/>\n\u00e9nergie 2313 kJ \/ 556 kcal<br \/>\nmati\u00e8res grasses 37 g<br \/>\ndont : acides gras satur\u00e9s 16 g<br \/>\nhydrates de carbone 49 g<br \/>\ndont : sucre<br \/>\nsucre 33 g<br \/>\nprot\u00e9ines 4,7 g<br \/>\nsel 0,19 g<\/p>","protected":false},"excerpt":{"rendered":"<p>Ingr\u00e9dients : Sucre, beurre de cacao, noisettes (13%), p\u00e2te de cacao, sirop de glucose, maltodextrine, amandes (5%), graisse v\u00e9g\u00e9tale (tournesol, karit\u00e9), farine d&rsquo;avoine* (3%), sirop&#8230;<\/p>","protected":false},"featured_media":32517,"template":"","meta":{"_acf_changed":false},"etheme_brands":[{"term_id":458,"name":"Lindt","slug":"lindt","term_group":0,"term_taxonomy_id":458,"taxonomy":"brand","description":"","parent":0,"count":3,"filter":"raw"}],"product_brand":[],"product_cat":[712,753,15,702,372],"product_tag":[],"class_list":{"0":"post-29498","1":"product","2":"type-product","3":"status-publish","4":"has-post-thumbnail","6":"brand-lindt","7":"product_cat-chocolat-vegan","8":"product_cat-paques-vegan","9":"product_cat-tout","10":"product_cat-nouveau","11":"product_cat-epicerie-vegan","13":"first","14":"outofstock","15":"taxable","16":"shipping-taxable","17":"purchasable","18":"product-type-simple"},"supplier_id":null,"supplier_sku":"","barcode":null,"atum_controlled":false,"out_stock_date":null,"out_stock_threshold":null,"inheritable":false,"inbound_stock":null,"stock_on_hold":0,"sold_today":0,"sales_last_days":1,"reserved_stock":null,"customer_returns":null,"warehouse_damage":null,"lost_in_post":null,"other_logs":null,"out_stock_days":0,"lost_sales":0,"has_location":null,"update_date":"2026-04-14T00:01:51","atum_locations":[],"atum_stock_status":"outofstock","restock_status":false,"low_stock_amount":"","sales_update_date":"2026-04-14T00:01:51","calc_backorders":null,"acf":[],"_links":{"self":[{"href":"https:\/\/www.theblackcowshop.com\/nl\/wp-json\/wp\/v2\/product\/29498","targetHints":{"allow":["GET"]}}],"collection":[{"href":"https:\/\/www.theblackcowshop.com\/nl\/wp-json\/wp\/v2\/product"}],"about":[{"href":"https:\/\/www.theblackcowshop.com\/nl\/wp-json\/wp\/v2\/types\/product"}],"version-history":[{"count":1,"href":"https:\/\/www.theblackcowshop.com\/nl\/wp-json\/wp\/v2\/product\/29498\/revisions"}],"predecessor-version":[{"id":29500,"href":"https:\/\/www.theblackcowshop.com\/nl\/wp-json\/wp\/v2\/product\/29498\/revisions\/29500"}],"wp:featuredmedia":[{"embeddable":true,"href":"https:\/\/www.theblackcowshop.com\/nl\/wp-json\/wp\/v2\/media\/32517"}],"wp:attachment":[{"href":"https:\/\/www.theblackcowshop.com\/nl\/wp-json\/wp\/v2\/media?parent=29498"}],"wp:term":[{"taxonomy":"brand","embeddable":true,"href":"https:\/\/www.theblackcowshop.com\/nl\/wp-json\/wp\/v2\/etheme_brands?post=29498"},{"taxonomy":"product_brand","embeddable":true,"href":"https:\/\/www.theblackcowshop.com\/nl\/wp-json\/wp\/v2\/product_brand?post=29498"},{"taxonomy":"product_cat","embeddable":true,"href":"https:\/\/www.theblackcowshop.com\/nl\/wp-json\/wp\/v2\/product_cat?post=29498"},{"taxonomy":"product_tag","embeddable":true,"href":"https:\/\/www.theblackcowshop.com\/nl\/wp-json\/wp\/v2\/product_tag?post=29498"}],"curies":[{"name":"wp","href":"https:\/\/api.w.org\/{rel}","templated":true}]}}