{"id":29499,"date":"2025-02-26T22:45:53","date_gmt":"2025-02-26T21:45:53","guid":{"rendered":"https:\/\/www.theblackcowshop.com\/?post_type=product&#038;p=29499"},"modified":"2026-04-07T13:01:52","modified_gmt":"2026-04-07T11:01:52","slug":"oeufs-vegan-paques-chocolat-90g-lindt","status":"publish","type":"product","link":"https:\/\/www.theblackcowshop.com\/nl\/product\/oeufs-vegan-paques-chocolat-90g-lindt\/","title":{"rendered":"Oeufs Chocolat Deluxe 90g &#8211; Lindt"},"content":{"rendered":"<p><span style=\"text-decoration: underline\">Ingr\u00e9dients<\/span> : Sucre, p\u00e2te de cacao, <span style=\"text-decoration: underline\"><strong>amandes<\/strong><\/span> (15%), beurre de cacao, maltodextrine, sirop de sucre inverti, sirop de glucose, graisse v\u00e9g\u00e9tale (noix de coco, tournesol), farine d&rsquo;<span style=\"text-decoration: underline\"><strong>avoine<\/strong><\/span> (2%), sirop de millet (2%), farine de <span style=\"text-decoration: underline\"><strong>bl\u00e9<\/strong><\/span>, poudre de cacao maigre, humectant : sorbitol ; \u00e9mulsifiant : l\u00e9cithine de <span style=\"text-decoration: underline\"><strong>soja<\/strong><\/span> ; sel, ar\u00f4mes naturels, poudres \u00e0 lever : hydrog\u00e9nate d&rsquo;ammonium, hydrog\u00e9nate de sodium et carbonate de potassium. (* = avoine sans gluten) (Cacao : 35% minimum dans le produit de cacao)<\/p>\n<p><strong><span style=\"text-decoration: underline\">Allerg\u00e8nes<\/span> : Contient des fruits \u00e0 coque, des amandes, de l&rsquo;avoine, du bl\u00e9, du gluten et du soja. Peut contenir des traces d&rsquo;autres fruits \u00e0 coque et de lait (y compris le lactose).<\/strong><\/p>\n<p><span style=\"text-decoration: underline\">Valeurs nutritionnelles pour 100g<\/span> :<br \/>\n\u00e9nergie 2279 kJ \/ 548 kcal<br \/>\nmati\u00e8res grasses 36 g<br \/>\ndont :<br \/>\nacides gras satur\u00e9s 17 g<br \/>\nglucides 46 g<br \/>\ndont : sucre<br \/>\nsucre 32 g<br \/>\nprot\u00e9ines 6,9 g<br \/>\nsel 0,11 g<\/p>","protected":false},"excerpt":{"rendered":"<p>Ingr\u00e9dients : Sucre, p\u00e2te de cacao, amandes (15%), beurre de cacao, maltodextrine, sirop de sucre inverti, sirop de glucose, graisse v\u00e9g\u00e9tale (noix de coco, tournesol),&#8230;<\/p>","protected":false},"featured_media":32516,"template":"","meta":{"_acf_changed":false},"etheme_brands":[{"term_id":458,"name":"Lindt","slug":"lindt","term_group":0,"term_taxonomy_id":458,"taxonomy":"brand","description":"","parent":0,"count":3,"filter":"raw"}],"product_brand":[],"product_cat":[712,753,15,702,372],"product_tag":[],"class_list":{"0":"post-29499","1":"product","2":"type-product","3":"status-publish","4":"has-post-thumbnail","6":"brand-lindt","7":"product_cat-chocolat-vegan","8":"product_cat-paques-vegan","9":"product_cat-tout","10":"product_cat-nouveau","11":"product_cat-epicerie-vegan","13":"first","14":"outofstock","15":"taxable","16":"shipping-taxable","17":"purchasable","18":"product-type-simple"},"supplier_id":null,"supplier_sku":"","barcode":null,"atum_controlled":false,"out_stock_date":null,"out_stock_threshold":null,"inheritable":false,"inbound_stock":null,"stock_on_hold":0,"sold_today":0,"sales_last_days":1,"reserved_stock":null,"customer_returns":null,"warehouse_damage":null,"lost_in_post":null,"other_logs":null,"out_stock_days":0,"lost_sales":0,"has_location":null,"update_date":"2026-04-14T00:01:51","atum_locations":[],"atum_stock_status":"outofstock","restock_status":false,"low_stock_amount":"","sales_update_date":"2026-04-14T00:01:51","calc_backorders":null,"acf":[],"_links":{"self":[{"href":"https:\/\/www.theblackcowshop.com\/nl\/wp-json\/wp\/v2\/product\/29499","targetHints":{"allow":["GET"]}}],"collection":[{"href":"https:\/\/www.theblackcowshop.com\/nl\/wp-json\/wp\/v2\/product"}],"about":[{"href":"https:\/\/www.theblackcowshop.com\/nl\/wp-json\/wp\/v2\/types\/product"}],"version-history":[{"count":1,"href":"https:\/\/www.theblackcowshop.com\/nl\/wp-json\/wp\/v2\/product\/29499\/revisions"}],"predecessor-version":[{"id":29501,"href":"https:\/\/www.theblackcowshop.com\/nl\/wp-json\/wp\/v2\/product\/29499\/revisions\/29501"}],"wp:featuredmedia":[{"embeddable":true,"href":"https:\/\/www.theblackcowshop.com\/nl\/wp-json\/wp\/v2\/media\/32516"}],"wp:attachment":[{"href":"https:\/\/www.theblackcowshop.com\/nl\/wp-json\/wp\/v2\/media?parent=29499"}],"wp:term":[{"taxonomy":"brand","embeddable":true,"href":"https:\/\/www.theblackcowshop.com\/nl\/wp-json\/wp\/v2\/etheme_brands?post=29499"},{"taxonomy":"product_brand","embeddable":true,"href":"https:\/\/www.theblackcowshop.com\/nl\/wp-json\/wp\/v2\/product_brand?post=29499"},{"taxonomy":"product_cat","embeddable":true,"href":"https:\/\/www.theblackcowshop.com\/nl\/wp-json\/wp\/v2\/product_cat?post=29499"},{"taxonomy":"product_tag","embeddable":true,"href":"https:\/\/www.theblackcowshop.com\/nl\/wp-json\/wp\/v2\/product_tag?post=29499"}],"curies":[{"name":"wp","href":"https:\/\/api.w.org\/{rel}","templated":true}]}}