{"id":30060,"date":"2025-05-05T17:59:30","date_gmt":"2025-05-05T15:59:30","guid":{"rendered":"https:\/\/www.theblackcowshop.com\/?post_type=product&#038;p=30060"},"modified":"2026-04-04T17:01:21","modified_gmt":"2026-04-04T15:01:21","slug":"filet-saumon-vegan-bbq-110g-revo-foods","status":"publish","type":"product","link":"https:\/\/www.theblackcowshop.com\/nl\/product\/filet-saumon-vegan-bbq-110g-revo-foods\/","title":{"rendered":"Filet \u00ab\u00a0BBQ Style\u00a0\u00bb 110g &#8211; Revo Foods"},"content":{"rendered":"<p><span style=\"text-decoration: underline;\">Ingr\u00e9dients<\/span> : Mycoprot\u00e9ine (32,8 %) Fusarium venenatum sp, extrudat de prot\u00e9ines de <span style=\"text-decoration: underline;\"><strong>soja<\/strong><\/span> (eau, concentr\u00e9 de prot\u00e9ines de <span style=\"text-decoration: underline;\"><strong>soja<\/strong><\/span>), eau, huile de canola, marinage (eau, huile de colza, sel de table non iod\u00e9, \u00e9pices, vinaigre distill\u00e9, amidon, ar\u00f4me, extrait de paprika, extraits d&rsquo;\u00e9pices), <span style=\"text-decoration: underline;\"><strong>prot\u00e9ines de colza<\/strong><\/span>, prot\u00e9ines de pomme de terre, ar\u00f4mes, g\u00e9lifiants : m\u00e9thylcellulose, carragh\u00e9nane ; sel marin, huile riche en DHA et EPA provenant de la microalgue Schizochytrium sp, agent \u00e9paississant : konjac ; vitamines (vitamine B6, acide folique, vitamine B12), acidifiant : acide citrique ; colorant : b\u00eata-carot\u00e8ne.<\/p>\n<p><strong><span style=\"text-decoration: underline;\">Allerg\u00e8nes<\/span> : Contient du soja.\u00a0 Les prot\u00e9ines de colza peuvent provoquer des r\u00e9actions allergiques chez les consommateurs allergiques \u00e0 la moutarde et \u00e0 ses produits d\u00e9riv\u00e9s.<\/strong><\/p>\n<p><em>\u00c0 conserver au r\u00e9frig\u00e9rateur entre +2 \u00b0C et 7 \u00b0C. Apr\u00e8s ouverture, \u00e0 consommer dans les 24H.<\/em><\/p>\n<p><span style=\"text-decoration: underline;\">Instructions de cuisson<\/span> :<\/p>\n<ul>\n<li>Avant la cuisson de la FILET, l&#8217;emballage doit \u00eatre compl\u00e8tement retir\u00e9.<\/li>\n<li><span style=\"text-decoration: underline;\">Au FOUR<\/span> : Cuire la FILET \u00e0 chaleur tournante pendant 14 \u00e0 16 minutes \u00e0 200 \u00b0C.<\/li>\n<li><span style=\"text-decoration: underline;\">Au PO\u00caLE<\/span> : Faire frire pendant 3-4 minutes de chaque c\u00f4t\u00e9 avec le couvercle ferm\u00e9, en ajoutant toute la marinade huileuse dans la po\u00eale \u00e0 feu doux ou moyen.<\/li>\n<li><span style=\"text-decoration: underline;\">Au AIRFRYER<\/span> : Pr\u00e9chauffer l&rsquo;airfryer \u00e0 200 \u00b0C et faire frire le FILET pendant 8-10 minutes.<\/li>\n<\/ul>\n<p><span style=\"text-decoration: underline;\">Valeurs nutritionnelles pour 100g<\/span> :<\/p>\n<p>\u00c9nergie (kj) 914<br \/>\n\u00c9nergie (kcal) 219<br \/>\nLipides (g) 16,6<br \/>\ndont satur\u00e9s (g) 1,7<br \/>\nGlucides (g) 1,8<br \/>\ndont sucres (g) 0<br \/>\nFibres (g) 4,7<br \/>\nProt\u00e9ines (g) 13,2<br \/>\nSel (g) 1,56<\/p>\n<p>Acides gras om\u00e9ga-3 (g) 1,3<br \/>\ndont DHA (mg) 129<br \/>\ndont EPA (mg) 82<\/p>\n<p>Acide folique (\u03bcg) 90<br \/>\nVitamine B6 (mg) 0,55<br \/>\nVitamine B12 (\u03bcg) 0,98<\/p>\n<p>Produit en Autriche par REVO FOODS<\/p>","protected":false},"excerpt":{"rendered":"<p>LE FILET \u00ab\u00a0BBQ Style\u00a0\u00bb est une alternative v\u00e9g\u00e9tale au filet de saumon avec une marinade fum\u00e9e go\u00fbt BBQ avec une texture bluffante plus vraie que nature gr\u00e2ce \u00e0 l&rsquo;impression 3D ! Il est aussi :<\/p>\n<ul>\n<li>Fabriqu\u00e9 \u00e0 base de <strong>prot\u00e9ines extraites de champignons <\/strong>\ud83c\udf44\u200d\ud83d\udfeb<\/li>\n<li>Riche en <strong>prot\u00e9ines <\/strong>et en<strong>\u00a0om\u00e9ga-3<\/strong><\/li>\n<li>Fabriqu\u00e9 avec des huiles de microalgues : riche en DHA et EPA<\/li>\n<li>Riche en vitamines essentielles : B6, B9, B12<\/li>\n<li>Source de fibres<\/li>\n<li>Faible en calories et en glucides<\/li>\n<li>Contient tous les acides amin\u00e9s essentiels \ud83c\udf3f<\/li>\n<\/ul>","protected":false},"featured_media":30053,"template":"","meta":{"_acf_changed":false},"etheme_brands":[{"term_id":498,"name":"Revo Foods","slug":"revo-foods","term_group":0,"term_taxonomy_id":498,"taxonomy":"brand","description":"","parent":0,"count":4,"filter":"raw"}],"product_brand":[],"product_cat":[15,392,702],"product_tag":[],"class_list":{"0":"post-30060","1":"product","2":"type-product","3":"status-publish","4":"has-post-thumbnail","6":"brand-revo-foods","7":"product_cat-tout","8":"product_cat-alternative-vegan-poisson","9":"product_cat-nouveau","11":"first","12":"instock","13":"taxable","14":"shipping-taxable","15":"purchasable","16":"product-type-simple"},"supplier_id":null,"supplier_sku":"","barcode":null,"atum_controlled":false,"out_stock_date":null,"out_stock_threshold":null,"inheritable":false,"inbound_stock":null,"stock_on_hold":0,"sold_today":0,"sales_last_days":0,"reserved_stock":null,"customer_returns":null,"warehouse_damage":null,"lost_in_post":null,"other_logs":null,"out_stock_days":0,"lost_sales":0,"has_location":false,"update_date":"2026-04-14T00:01:48","atum_locations":[],"atum_stock_status":"instock","restock_status":false,"low_stock_amount":"","sales_update_date":"2026-04-14T00:01:48","calc_backorders":null,"acf":[],"_links":{"self":[{"href":"https:\/\/www.theblackcowshop.com\/nl\/wp-json\/wp\/v2\/product\/30060","targetHints":{"allow":["GET"]}}],"collection":[{"href":"https:\/\/www.theblackcowshop.com\/nl\/wp-json\/wp\/v2\/product"}],"about":[{"href":"https:\/\/www.theblackcowshop.com\/nl\/wp-json\/wp\/v2\/types\/product"}],"version-history":[{"count":3,"href":"https:\/\/www.theblackcowshop.com\/nl\/wp-json\/wp\/v2\/product\/30060\/revisions"}],"predecessor-version":[{"id":30080,"href":"https:\/\/www.theblackcowshop.com\/nl\/wp-json\/wp\/v2\/product\/30060\/revisions\/30080"}],"wp:featuredmedia":[{"embeddable":true,"href":"https:\/\/www.theblackcowshop.com\/nl\/wp-json\/wp\/v2\/media\/30053"}],"wp:attachment":[{"href":"https:\/\/www.theblackcowshop.com\/nl\/wp-json\/wp\/v2\/media?parent=30060"}],"wp:term":[{"taxonomy":"brand","embeddable":true,"href":"https:\/\/www.theblackcowshop.com\/nl\/wp-json\/wp\/v2\/etheme_brands?post=30060"},{"taxonomy":"product_brand","embeddable":true,"href":"https:\/\/www.theblackcowshop.com\/nl\/wp-json\/wp\/v2\/product_brand?post=30060"},{"taxonomy":"product_cat","embeddable":true,"href":"https:\/\/www.theblackcowshop.com\/nl\/wp-json\/wp\/v2\/product_cat?post=30060"},{"taxonomy":"product_tag","embeddable":true,"href":"https:\/\/www.theblackcowshop.com\/nl\/wp-json\/wp\/v2\/product_tag?post=30060"}],"curies":[{"name":"wp","href":"https:\/\/api.w.org\/{rel}","templated":true}]}}