{"id":30096,"date":"2025-05-05T22:50:42","date_gmt":"2025-05-05T20:50:42","guid":{"rendered":"https:\/\/www.theblackcowshop.com\/?post_type=product&#038;p=30096"},"modified":"2026-04-25T11:51:33","modified_gmt":"2026-04-25T09:51:33","slug":"gondino-affumicato-150g","status":"publish","type":"product","link":"https:\/\/www.theblackcowshop.com\/nl\/product\/gondino-affumicato-150g\/","title":{"rendered":"Gondino Au Poivre 150g &#8211; Pangea Food"},"content":{"rendered":"<p><span style=\"text-decoration: underline\">Ingr\u00e9dients<\/span> : eau, f\u00e9cule de pomme de terre, huile de coco, farine de pois chiches noirs 11%, levure nutritionnelle, sel marin, ar\u00f4mes naturels.<\/p>\n<p><strong><span style=\"text-decoration: underline\">Allerg\u00e8nes<\/span> : Peut contenir des traces de : soja, fruits \u00e0 coque, s\u00e9same.<\/strong><\/p>\n<p><em>\u00c0 conserver au frais \u00e0 +4\u00b0C.<\/em><\/p>\n<p><span style=\"text-decoration: underline\">Valeurs nutritionnelles pour 100g<\/span> :<br \/>\n\u00c9nergie 1047 kJ \/ 251 kcal<br \/>\nMati\u00e8res grasses 17 g<br \/>\n&#8211; dont acides gras satur\u00e9s 14,7 g<br \/>\nGlucides 20,2 g<br \/>\n&#8211; dont sucres 0,6 g<br \/>\nFibres 2,3 g<br \/>\nProt\u00e9ines 4,3 g<br \/>\nSel 2,25 g<\/p>\n<p>Produit en Italie par PANGEA FOOD<\/p>","protected":false},"excerpt":{"rendered":"<p>La meilleure alternative au parmesan \u00e0 r\u00e2per ! Le GONDINO s&rsquo;utilise comme du parmesan : \u00e0 r\u00e2per sur des p\u00e2tes, dans un plat au four ou \u00e0 couper en fines tranches sur une planche ap\u00e9ro !<\/p>\n<p>&nbsp;<\/p>","protected":false},"featured_media":30094,"template":"","meta":{"_acf_changed":false},"etheme_brands":[{"term_id":444,"name":"Pangea Food","slug":"pangea-food","term_group":0,"term_taxonomy_id":444,"taxonomy":"brand","description":"","parent":0,"count":6,"filter":"raw"}],"product_brand":[],"product_cat":[738,15,370],"product_tag":[],"class_list":{"0":"post-30096","1":"product","2":"type-product","3":"status-publish","4":"has-post-thumbnail","6":"brand-pangea-food","7":"product_cat-alternative-vegan-fromage-affine","8":"product_cat-tout","9":"product_cat-alternatives-vegan-fromage","11":"first","12":"instock","13":"taxable","14":"shipping-taxable","15":"purchasable","16":"product-type-simple"},"supplier_id":null,"supplier_sku":"","barcode":null,"atum_controlled":false,"out_stock_date":null,"out_stock_threshold":null,"inheritable":false,"inbound_stock":null,"stock_on_hold":0,"sold_today":0,"sales_last_days":0,"reserved_stock":null,"customer_returns":null,"warehouse_damage":null,"lost_in_post":null,"other_logs":null,"out_stock_days":0,"lost_sales":0,"has_location":null,"update_date":"2026-04-29T00:15:19","atum_locations":[],"atum_stock_status":"instock","restock_status":false,"low_stock_amount":"","sales_update_date":"2026-04-29T00:15:19","calc_backorders":null,"acf":[],"_links":{"self":[{"href":"https:\/\/www.theblackcowshop.com\/nl\/wp-json\/wp\/v2\/product\/30096","targetHints":{"allow":["GET"]}}],"collection":[{"href":"https:\/\/www.theblackcowshop.com\/nl\/wp-json\/wp\/v2\/product"}],"about":[{"href":"https:\/\/www.theblackcowshop.com\/nl\/wp-json\/wp\/v2\/types\/product"}],"version-history":[{"count":3,"href":"https:\/\/www.theblackcowshop.com\/nl\/wp-json\/wp\/v2\/product\/30096\/revisions"}],"predecessor-version":[{"id":31261,"href":"https:\/\/www.theblackcowshop.com\/nl\/wp-json\/wp\/v2\/product\/30096\/revisions\/31261"}],"wp:featuredmedia":[{"embeddable":true,"href":"https:\/\/www.theblackcowshop.com\/nl\/wp-json\/wp\/v2\/media\/30094"}],"wp:attachment":[{"href":"https:\/\/www.theblackcowshop.com\/nl\/wp-json\/wp\/v2\/media?parent=30096"}],"wp:term":[{"taxonomy":"brand","embeddable":true,"href":"https:\/\/www.theblackcowshop.com\/nl\/wp-json\/wp\/v2\/etheme_brands?post=30096"},{"taxonomy":"product_brand","embeddable":true,"href":"https:\/\/www.theblackcowshop.com\/nl\/wp-json\/wp\/v2\/product_brand?post=30096"},{"taxonomy":"product_cat","embeddable":true,"href":"https:\/\/www.theblackcowshop.com\/nl\/wp-json\/wp\/v2\/product_cat?post=30096"},{"taxonomy":"product_tag","embeddable":true,"href":"https:\/\/www.theblackcowshop.com\/nl\/wp-json\/wp\/v2\/product_tag?post=30096"}],"curies":[{"name":"wp","href":"https:\/\/api.w.org\/{rel}","templated":true}]}}