{"id":30110,"date":"2025-05-08T15:55:53","date_gmt":"2025-05-08T13:55:53","guid":{"rendered":"https:\/\/www.theblackcowshop.com\/?post_type=product&#038;p=30110"},"modified":"2026-04-14T12:33:42","modified_gmt":"2026-04-14T10:33:42","slug":"cappelletti-vegan-tofu-fume-250g-angelo","status":"publish","type":"product","link":"https:\/\/www.theblackcowshop.com\/nl\/product\/cappelletti-vegan-tofu-fume-250g-angelo\/","title":{"rendered":"Cappelletti Au Tofu Fum\u00e9 250g &#8211; D&rsquo;Angelo"},"content":{"rendered":"<p><span style=\"text-decoration: underline\">Ingr\u00e9dients<\/span> : <span style=\"text-decoration: underline\">P\u00e2te<\/span> : semoule sup\u00e9rieure de <span style=\"text-decoration: underline\"><strong>bl\u00e9<\/strong><\/span> dur*, eau. <span style=\"text-decoration: underline\">Farce<\/span> (26 %) : <span style=\"text-decoration: underline\"><strong>tofu<\/strong><\/span> fum\u00e9* ( 31% : eau, <span style=\"text-decoration: underline\"><strong>soja<\/strong><\/span>* ), oignons*, flocons de pommes de terre*, chapelure* (farine de <span style=\"text-decoration: underline\"><strong>bl\u00e9<\/strong><\/span>*, levure*), huile de tournesol*, poireaux*, sel marin, chili*, poivrons*, coriandre*, ail*, cumin*, piment*, thym*, marjolaine*, origan*, liv\u00e8che*, \u00e9mulsifiant : l\u00e9cithines de <span style=\"text-decoration: underline\"><strong>soja<\/strong><\/span>*<\/p>\n<p><strong><span style=\"text-decoration: underline\">Allerg\u00e8nes<\/span> : Contient du soja, du bl\u00e9 et du gluten.<\/strong><\/p>\n<p><span style=\"text-decoration: underline\">Valeurs nutritionnelles pour 100g<\/span> :<br \/>\nEnergie 1275 kJ \/ 302 kcal<br \/>\nMati\u00e8res grasses 4.3 g<br \/>\ndont satur\u00e9es 1.8 g<br \/>\nGlucides 54 g<br \/>\ndont sucres 1.8 g<br \/>\nProt\u00e9ines 10 g<br \/>\nSel 0.63 g<\/p>","protected":false},"excerpt":{"rendered":"<p>Ingr\u00e9dients : P\u00e2te : semoule sup\u00e9rieure de bl\u00e9 dur*, eau. Farce (26 %) : tofu fum\u00e9* ( 31% : eau, soja* ), oignons*, flocons de&#8230;<\/p>","protected":false},"featured_media":30112,"template":"","meta":{"_acf_changed":false},"etheme_brands":[{"term_id":467,"name":"D'Angelo Pasta","slug":"dangelo-pasta","term_group":0,"term_taxonomy_id":467,"taxonomy":"brand","description":"","parent":0,"count":9,"filter":"raw"}],"product_brand":[],"product_cat":[611,15,372],"product_tag":[],"class_list":{"0":"post-30110","1":"product","2":"type-product","3":"status-publish","4":"has-post-thumbnail","6":"brand-dangelo-pasta","7":"product_cat-pates-vegan","8":"product_cat-tout","9":"product_cat-epicerie-vegan","11":"first","12":"instock","13":"taxable","14":"shipping-taxable","15":"purchasable","16":"product-type-simple"},"supplier_id":null,"supplier_sku":"","barcode":null,"atum_controlled":false,"out_stock_date":null,"out_stock_threshold":null,"inheritable":false,"inbound_stock":null,"stock_on_hold":0,"sold_today":0,"sales_last_days":0,"reserved_stock":null,"customer_returns":null,"warehouse_damage":null,"lost_in_post":null,"other_logs":null,"out_stock_days":0,"lost_sales":0,"has_location":null,"update_date":"2026-04-21T00:06:57","atum_locations":[],"atum_stock_status":"instock","restock_status":false,"low_stock_amount":"","sales_update_date":"2026-04-21T00:06:57","calc_backorders":null,"acf":[],"_links":{"self":[{"href":"https:\/\/www.theblackcowshop.com\/nl\/wp-json\/wp\/v2\/product\/30110","targetHints":{"allow":["GET"]}}],"collection":[{"href":"https:\/\/www.theblackcowshop.com\/nl\/wp-json\/wp\/v2\/product"}],"about":[{"href":"https:\/\/www.theblackcowshop.com\/nl\/wp-json\/wp\/v2\/types\/product"}],"version-history":[{"count":3,"href":"https:\/\/www.theblackcowshop.com\/nl\/wp-json\/wp\/v2\/product\/30110\/revisions"}],"predecessor-version":[{"id":31218,"href":"https:\/\/www.theblackcowshop.com\/nl\/wp-json\/wp\/v2\/product\/30110\/revisions\/31218"}],"wp:featuredmedia":[{"embeddable":true,"href":"https:\/\/www.theblackcowshop.com\/nl\/wp-json\/wp\/v2\/media\/30112"}],"wp:attachment":[{"href":"https:\/\/www.theblackcowshop.com\/nl\/wp-json\/wp\/v2\/media?parent=30110"}],"wp:term":[{"taxonomy":"brand","embeddable":true,"href":"https:\/\/www.theblackcowshop.com\/nl\/wp-json\/wp\/v2\/etheme_brands?post=30110"},{"taxonomy":"product_brand","embeddable":true,"href":"https:\/\/www.theblackcowshop.com\/nl\/wp-json\/wp\/v2\/product_brand?post=30110"},{"taxonomy":"product_cat","embeddable":true,"href":"https:\/\/www.theblackcowshop.com\/nl\/wp-json\/wp\/v2\/product_cat?post=30110"},{"taxonomy":"product_tag","embeddable":true,"href":"https:\/\/www.theblackcowshop.com\/nl\/wp-json\/wp\/v2\/product_tag?post=30110"}],"curies":[{"name":"wp","href":"https:\/\/api.w.org\/{rel}","templated":true}]}}