{"id":30347,"date":"2025-05-26T16:09:38","date_gmt":"2025-05-26T14:09:38","guid":{"rendered":"https:\/\/www.theblackcowshop.com\/?post_type=product&#038;p=30347"},"modified":"2026-04-04T12:50:17","modified_gmt":"2026-04-04T10:50:17","slug":"ham-380g-saucisson-de-jambon-vegetal-amala","status":"publish","type":"product","link":"https:\/\/www.theblackcowshop.com\/nl\/product\/ham-380g-saucisson-de-jambon-vegetal-amala\/","title":{"rendered":"HAM 380g &#8211; Saucisson De Jambon V\u00e9g\u00e9tal &#8211; AMALA"},"content":{"rendered":"<p><span style=\"text-decoration: underline\">Ingr\u00e9dients<\/span> : Eau, <span style=\"text-decoration: underline\"><strong>prot\u00e9ine de bl\u00e9<\/strong><\/span>, <span style=\"text-decoration: underline\"><strong>prot\u00e9ine de soja<\/strong><\/span> (4%) (sans OGM), f\u00e9cule de ma\u00efs (sans OGM), huile de coco, m\u00e9lange d\u2019\u00e9pices, \u00e9pices naturelles, \u00e9paississants : extrait d\u2019algues, sel de mer, colorant : oxyde de fer.<\/p>\n<p><span style=\"text-decoration: underline\"><strong>Allerg\u00e8nes<\/strong><\/span><strong> : Contient du bl\u00e9, gluten et soja<\/strong><\/p>\n<p><em><strong>Attention : Les saucisses sont recouvertes d&rsquo;un emballage en papier qualifi\u00e9 comme comestible par le fournisseur, nous vous recommandons fortement de l&rsquo;enlever avant de les utiliser.<\/strong><\/em><\/p>\n<p><em>\u00c0 conserver entre 1\u00b0C et 7\u00b0C. Peut \u00eatre congel\u00e9.<\/em><\/p>\n<p><span style=\"text-decoration: underline\">Valeurs nutritionnelles pour 100g<\/span> :<br \/>\nEnergie 830 kJ\/ 197 kcal<br \/>\nMati\u00e8res grasses 9,7 g<br \/>\ndont satur\u00e9es 8,1 g<br \/>\nGlucides 7,0 g<br \/>\ndont sucres 1,1 g<br \/>\nProt\u00e9ines 20,3 g<br \/>\nSel 1,6 g<\/p>\n<p>Produit par AMALA en Lithuanie<br \/>\nOrigine : Sm\u0117lio g. 18, Gele\u017ei\u0173 k., LT-14168, Vilniaus r., Lithuania<\/p>","protected":false},"excerpt":{"rendered":"<p>Ingr\u00e9dients : Eau, prot\u00e9ine de bl\u00e9, prot\u00e9ine de soja (4%) (sans OGM), f\u00e9cule de ma\u00efs (sans OGM), huile de coco, m\u00e9lange d\u2019\u00e9pices, \u00e9pices naturelles, \u00e9paississants&#8230;<\/p>","protected":false},"featured_media":30348,"template":"","meta":{"_acf_changed":false},"etheme_brands":[{"term_id":502,"name":"Amala","slug":"amala","term_group":0,"term_taxonomy_id":502,"taxonomy":"brand","description":"","parent":0,"count":5,"filter":"raw"}],"product_brand":[],"product_cat":[648,15,375],"product_tag":[],"class_list":{"0":"post-30347","1":"product","2":"type-product","3":"status-publish","4":"has-post-thumbnail","6":"brand-amala","7":"product_cat-alternative-vegan-charcuterie","8":"product_cat-tout","9":"product_cat-alternative-vegan-viande-boucherie","11":"first","12":"instock","13":"taxable","14":"shipping-taxable","15":"purchasable","16":"product-type-simple"},"supplier_id":null,"supplier_sku":"","barcode":null,"atum_controlled":false,"out_stock_date":null,"out_stock_threshold":null,"inheritable":false,"inbound_stock":null,"stock_on_hold":0,"sold_today":0,"sales_last_days":0,"reserved_stock":null,"customer_returns":null,"warehouse_damage":null,"lost_in_post":null,"other_logs":null,"out_stock_days":0,"lost_sales":0,"has_location":null,"update_date":"2026-04-14T00:01:48","atum_locations":[],"atum_stock_status":"instock","restock_status":false,"low_stock_amount":"","sales_update_date":"2026-04-14T00:01:48","calc_backorders":null,"acf":[],"_links":{"self":[{"href":"https:\/\/www.theblackcowshop.com\/nl\/wp-json\/wp\/v2\/product\/30347","targetHints":{"allow":["GET"]}}],"collection":[{"href":"https:\/\/www.theblackcowshop.com\/nl\/wp-json\/wp\/v2\/product"}],"about":[{"href":"https:\/\/www.theblackcowshop.com\/nl\/wp-json\/wp\/v2\/types\/product"}],"version-history":[{"count":2,"href":"https:\/\/www.theblackcowshop.com\/nl\/wp-json\/wp\/v2\/product\/30347\/revisions"}],"predecessor-version":[{"id":30377,"href":"https:\/\/www.theblackcowshop.com\/nl\/wp-json\/wp\/v2\/product\/30347\/revisions\/30377"}],"wp:featuredmedia":[{"embeddable":true,"href":"https:\/\/www.theblackcowshop.com\/nl\/wp-json\/wp\/v2\/media\/30348"}],"wp:attachment":[{"href":"https:\/\/www.theblackcowshop.com\/nl\/wp-json\/wp\/v2\/media?parent=30347"}],"wp:term":[{"taxonomy":"brand","embeddable":true,"href":"https:\/\/www.theblackcowshop.com\/nl\/wp-json\/wp\/v2\/etheme_brands?post=30347"},{"taxonomy":"product_brand","embeddable":true,"href":"https:\/\/www.theblackcowshop.com\/nl\/wp-json\/wp\/v2\/product_brand?post=30347"},{"taxonomy":"product_cat","embeddable":true,"href":"https:\/\/www.theblackcowshop.com\/nl\/wp-json\/wp\/v2\/product_cat?post=30347"},{"taxonomy":"product_tag","embeddable":true,"href":"https:\/\/www.theblackcowshop.com\/nl\/wp-json\/wp\/v2\/product_tag?post=30347"}],"curies":[{"name":"wp","href":"https:\/\/api.w.org\/{rel}","templated":true}]}}