{"id":30362,"date":"2025-05-26T16:26:58","date_gmt":"2025-05-26T14:26:58","guid":{"rendered":"https:\/\/www.theblackcowshop.com\/?post_type=product&#038;p=30362"},"modified":"2026-04-07T12:56:37","modified_gmt":"2026-04-07T10:56:37","slug":"salami-vegan-extra-fume-250g-amala","status":"publish","type":"product","link":"https:\/\/www.theblackcowshop.com\/nl\/product\/salami-vegan-extra-fume-250g-amala\/","title":{"rendered":"Salami Vegan Extra Fum\u00e9 250g &#8211; AMALA"},"content":{"rendered":"<p><span style=\"text-decoration: underline\">Ingr\u00e9dients<\/span> : Eau, prot\u00e9ine de\u00a0<span style=\"text-decoration: underline\"><strong>bl\u00e9<\/strong><\/span>, prot\u00e9ine de\u00a0<span style=\"text-decoration: underline\"><strong>soja<\/strong><\/span>\u00a0(4%) (sans OGM), f\u00e9cule de ma\u00efs (sans OGM), huile de coco, m\u00e9lange d\u2019\u00e9pices, \u00e9pices naturelles, \u00e9paississants\u00a0: extrait d\u2019algues, sel de mer, colorant\u00a0: oxyde de fer.<\/p>\n<p><span style=\"text-decoration: underline\"><strong>Allerg\u00e8nes<\/strong><\/span><strong> : Contient du bl\u00e9, gluten et soja<\/strong><\/p>\n<p><em><strong>Attention : Les saucisses sont recouvertes d&rsquo;un emballage en papier qualifi\u00e9 comme comestible par le fournisseur, nous vous recommandons fortement de l&rsquo;enlever avant de les utiliser.<\/strong><\/em><\/p>\n<p><em>\u00c0 conserver entre 1\u00b0C et 7\u00b0C. Peut \u00eatre congel\u00e9.<\/em><\/p>\n<p><span style=\"text-decoration: underline\">Valeurs nutritionnelles pour 100g<\/span> :<br \/>\nEnergie 1060 kJ\/ 251 kcal<br \/>\nMati\u00e8res grasses 12,3 g<br \/>\ndont satur\u00e9es 10,0 g<br \/>\nGlucides 7,8 g<br \/>\ndont sucres 2,6 g<br \/>\nProt\u00e9ines 27,2 g<br \/>\nSel 2,3 g<\/p>\n<p>Produit par AMALA en Lithuanie<br \/>\nOrigine : Sm\u0117lio g. 18, Gele\u017ei\u0173 k., LT-14168, Vilniaus r., Lithuania<\/p>","protected":false},"excerpt":{"rendered":"<p>Ingr\u00e9dients : Eau, prot\u00e9ine de\u00a0bl\u00e9, prot\u00e9ine de\u00a0soja\u00a0(4%) (sans OGM), f\u00e9cule de ma\u00efs (sans OGM), huile de coco, m\u00e9lange d\u2019\u00e9pices, \u00e9pices naturelles, \u00e9paississants\u00a0: extrait d\u2019algues, sel&#8230;<\/p>","protected":false},"featured_media":30351,"template":"","meta":{"_acf_changed":false},"etheme_brands":[{"term_id":502,"name":"Amala","slug":"amala","term_group":0,"term_taxonomy_id":502,"taxonomy":"brand","description":"","parent":0,"count":5,"filter":"raw"}],"product_brand":[],"product_cat":[648,15,375],"product_tag":[],"class_list":{"0":"post-30362","1":"product","2":"type-product","3":"status-publish","4":"has-post-thumbnail","6":"brand-amala","7":"product_cat-alternative-vegan-charcuterie","8":"product_cat-tout","9":"product_cat-alternative-vegan-viande-boucherie","11":"first","12":"instock","13":"taxable","14":"shipping-taxable","15":"purchasable","16":"product-type-simple"},"supplier_id":null,"supplier_sku":"","barcode":null,"atum_controlled":false,"out_stock_date":null,"out_stock_threshold":null,"inheritable":false,"inbound_stock":null,"stock_on_hold":0,"sold_today":0,"sales_last_days":0,"reserved_stock":null,"customer_returns":null,"warehouse_damage":null,"lost_in_post":null,"other_logs":null,"out_stock_days":0,"lost_sales":0,"has_location":null,"update_date":"2026-04-15T00:02:30","atum_locations":[],"atum_stock_status":"instock","restock_status":false,"low_stock_amount":"","sales_update_date":"2026-04-15T00:02:30","calc_backorders":null,"acf":[],"_links":{"self":[{"href":"https:\/\/www.theblackcowshop.com\/nl\/wp-json\/wp\/v2\/product\/30362","targetHints":{"allow":["GET"]}}],"collection":[{"href":"https:\/\/www.theblackcowshop.com\/nl\/wp-json\/wp\/v2\/product"}],"about":[{"href":"https:\/\/www.theblackcowshop.com\/nl\/wp-json\/wp\/v2\/types\/product"}],"version-history":[{"count":4,"href":"https:\/\/www.theblackcowshop.com\/nl\/wp-json\/wp\/v2\/product\/30362\/revisions"}],"predecessor-version":[{"id":31263,"href":"https:\/\/www.theblackcowshop.com\/nl\/wp-json\/wp\/v2\/product\/30362\/revisions\/31263"}],"wp:featuredmedia":[{"embeddable":true,"href":"https:\/\/www.theblackcowshop.com\/nl\/wp-json\/wp\/v2\/media\/30351"}],"wp:attachment":[{"href":"https:\/\/www.theblackcowshop.com\/nl\/wp-json\/wp\/v2\/media?parent=30362"}],"wp:term":[{"taxonomy":"brand","embeddable":true,"href":"https:\/\/www.theblackcowshop.com\/nl\/wp-json\/wp\/v2\/etheme_brands?post=30362"},{"taxonomy":"product_brand","embeddable":true,"href":"https:\/\/www.theblackcowshop.com\/nl\/wp-json\/wp\/v2\/product_brand?post=30362"},{"taxonomy":"product_cat","embeddable":true,"href":"https:\/\/www.theblackcowshop.com\/nl\/wp-json\/wp\/v2\/product_cat?post=30362"},{"taxonomy":"product_tag","embeddable":true,"href":"https:\/\/www.theblackcowshop.com\/nl\/wp-json\/wp\/v2\/product_tag?post=30362"}],"curies":[{"name":"wp","href":"https:\/\/api.w.org\/{rel}","templated":true}]}}