{"id":30363,"date":"2025-05-26T16:30:43","date_gmt":"2025-05-26T14:30:43","guid":{"rendered":"https:\/\/www.theblackcowshop.com\/?post_type=product&#038;p=30363"},"modified":"2026-04-24T16:04:31","modified_gmt":"2026-04-24T14:04:31","slug":"marshmallows-guimauves-80g-not-guilty","status":"publish","type":"product","link":"https:\/\/www.theblackcowshop.com\/nl\/product\/marshmallows-guimauves-80g-not-guilty\/","title":{"rendered":"Marshmallows Vanille 80g &#8211; Marilyn Mallow &#8211; Not Guilty"},"content":{"rendered":"<p><span style=\"text-decoration: underline\">Ingr\u00e9dients<\/span> : sucre, sirop de glucose-fructose, eau, glucose, amidon de tapioca, amidon de ma\u00efs, g\u00e9lifiant : carragh\u00e9nane, prot\u00e9ine de pois hydrolys\u00e9e, ar\u00f4me naturel.<\/p>\n<p><span style=\"text-decoration: underline\"><strong>Allerg\u00e8nes<\/strong><\/span><strong> : Peut contenir du soja et du lait.<\/strong><\/p>\n<p><em>\u00c0 conserver \u00e0 temp\u00e9rature ambiante.<\/em><\/p>\n<p><span style=\"text-decoration: underline\">Valeurs nutritionnelles pour 100g<\/span> :<br \/>\nEnergie 1386 kJ \/ 326 kcal<br \/>\nMati\u00e8res grasses 0g<br \/>\ndont satur\u00e9es 0g<br \/>\nGlucides 81g<br \/>\ndont sucres 69g<br \/>\nProt\u00e9ines 0.5g<br \/>\nSel 0.2g<\/p>\n<p>Produit par NOT GUILTY en Allemagne<br \/>\nOrigine : Willy Brandt Allee 4, 53113 Bonn, Germany<\/p>","protected":false},"excerpt":{"rendered":"<p>Ingr\u00e9dients : sucre, sirop de glucose-fructose, eau, glucose, amidon de tapioca, amidon de ma\u00efs, g\u00e9lifiant : carragh\u00e9nane, prot\u00e9ine de pois hydrolys\u00e9e, ar\u00f4me naturel. Allerg\u00e8nes :&#8230;<\/p>","protected":false},"featured_media":30352,"template":"","meta":{"_acf_changed":false},"etheme_brands":[{"term_id":606,"name":"Not Guilty","slug":"not-guilty","term_group":0,"term_taxonomy_id":606,"taxonomy":"brand","description":"NEW","parent":0,"count":1,"filter":"raw"}],"product_brand":[],"product_cat":[713,15,372],"product_tag":[],"class_list":{"0":"post-30363","1":"product","2":"type-product","3":"status-publish","4":"has-post-thumbnail","6":"brand-not-guilty","7":"product_cat-confiseries-bonbons-vegan","8":"product_cat-tout","9":"product_cat-epicerie-vegan","11":"first","12":"instock","13":"taxable","14":"shipping-taxable","15":"purchasable","16":"product-type-simple"},"supplier_id":null,"supplier_sku":"","barcode":null,"atum_controlled":false,"out_stock_date":null,"out_stock_threshold":null,"inheritable":false,"inbound_stock":null,"stock_on_hold":0,"sold_today":0,"sales_last_days":0,"reserved_stock":null,"customer_returns":null,"warehouse_damage":null,"lost_in_post":null,"other_logs":null,"out_stock_days":0,"lost_sales":0,"has_location":null,"update_date":"2026-04-25T00:11:33","atum_locations":[],"atum_stock_status":"instock","restock_status":false,"low_stock_amount":"","sales_update_date":"2026-04-25T00:11:33","calc_backorders":null,"acf":[],"_links":{"self":[{"href":"https:\/\/www.theblackcowshop.com\/nl\/wp-json\/wp\/v2\/product\/30363","targetHints":{"allow":["GET"]}}],"collection":[{"href":"https:\/\/www.theblackcowshop.com\/nl\/wp-json\/wp\/v2\/product"}],"about":[{"href":"https:\/\/www.theblackcowshop.com\/nl\/wp-json\/wp\/v2\/types\/product"}],"version-history":[{"count":4,"href":"https:\/\/www.theblackcowshop.com\/nl\/wp-json\/wp\/v2\/product\/30363\/revisions"}],"predecessor-version":[{"id":32876,"href":"https:\/\/www.theblackcowshop.com\/nl\/wp-json\/wp\/v2\/product\/30363\/revisions\/32876"}],"wp:featuredmedia":[{"embeddable":true,"href":"https:\/\/www.theblackcowshop.com\/nl\/wp-json\/wp\/v2\/media\/30352"}],"wp:attachment":[{"href":"https:\/\/www.theblackcowshop.com\/nl\/wp-json\/wp\/v2\/media?parent=30363"}],"wp:term":[{"taxonomy":"brand","embeddable":true,"href":"https:\/\/www.theblackcowshop.com\/nl\/wp-json\/wp\/v2\/etheme_brands?post=30363"},{"taxonomy":"product_brand","embeddable":true,"href":"https:\/\/www.theblackcowshop.com\/nl\/wp-json\/wp\/v2\/product_brand?post=30363"},{"taxonomy":"product_cat","embeddable":true,"href":"https:\/\/www.theblackcowshop.com\/nl\/wp-json\/wp\/v2\/product_cat?post=30363"},{"taxonomy":"product_tag","embeddable":true,"href":"https:\/\/www.theblackcowshop.com\/nl\/wp-json\/wp\/v2\/product_tag?post=30363"}],"curies":[{"name":"wp","href":"https:\/\/api.w.org\/{rel}","templated":true}]}}