{"id":30620,"date":"2025-06-18T12:44:19","date_gmt":"2025-06-18T10:44:19","guid":{"rendered":"https:\/\/www.theblackcowshop.com\/?post_type=product&#038;p=30620"},"modified":"2026-04-07T12:48:11","modified_gmt":"2026-04-07T10:48:11","slug":"truffe-aux-champignons-170g-alternative-vegan-fromage-la-carleta","status":"publish","type":"product","link":"https:\/\/www.theblackcowshop.com\/nl\/product\/truffe-aux-champignons-170g-alternative-vegan-fromage-la-carleta\/","title":{"rendered":"Truff\u00e9 Aux Champignons 170g &#8211; Alternative Vegan Fromage &#8211; La Carleta"},"content":{"rendered":"<p><span style=\"text-decoration: underline;\">Ingr\u00e9dients<\/span> : <span style=\"text-decoration: underline;\"><strong>Noix de cajou<\/strong><\/span> (origine vietnamienne) (65%), eau, huile de truffe***, champignons m\u00e9lang\u00e9s (5%), sel, poivre, citron, levure nutritionnelle et ferments<\/p>\n<p><strong><span style=\"text-decoration: underline;\">Allerg\u00e8nes<\/span> : Contient des fruits \u00e0 coque, noix de cajou<\/strong><\/p>\n<p>CRU<\/p>\n<p>***<em>L&rsquo;huile de truffe utilis\u00e9e dans ce produit est aromatis\u00e9e, elle ne contient pas de truffe qui est dans la majorit\u00e9 des cas r\u00e9colt\u00e9e en exploitant des chiens ou cochons truffiers. Chez THE BLACK COW SHOP, nous ne proposons que des produits n&rsquo;impliquant l&rsquo;exploitation d&rsquo;aucun animal, m\u00eame s&rsquo;ils sont \u00e0 base de plantes !<\/em><\/p>\n<p><em>\u00c0 conserver au r\u00e9frig\u00e9rateur entre 2\u00ba et 8\u00ba. Apr\u00e8s ouverture, le poids peut diminuer et la saveur peut augmenter.<\/em><\/p>\n<p><span style=\"text-decoration: underline;\">Valeurs nutritionnelles pour 100g<\/span> :<br \/>\nCalories 395kcal,<br \/>\nLipides 30.8g<br \/>\ndont 5.2g satur\u00e9s,<br \/>\nGlucides 13.5g<br \/>\ndont 5.1g sucres,<br \/>\nProt\u00e9ines 14.8g,<br \/>\nFibres 2.7g<br \/>\nSel 0.83g.<\/p>\n<p>Produit en Espagne par La Carleta<\/p>","protected":false},"excerpt":{"rendered":"<p>Ingr\u00e9dients : Noix de cajou (origine vietnamienne) (65%), eau, huile de truffe***, champignons m\u00e9lang\u00e9s (5%), sel, poivre, citron, levure nutritionnelle et ferments Allerg\u00e8nes : Contient&#8230;<\/p>","protected":false},"featured_media":30622,"template":"","meta":{"_acf_changed":false},"etheme_brands":[{"term_id":660,"name":"La Carleta","slug":"la-carleta","term_group":0,"term_taxonomy_id":660,"taxonomy":"brand","description":"","parent":0,"count":9,"filter":"raw"}],"product_brand":[],"product_cat":[738,15,370],"product_tag":[],"class_list":{"0":"post-30620","1":"product","2":"type-product","3":"status-publish","4":"has-post-thumbnail","6":"brand-la-carleta","7":"product_cat-alternative-vegan-fromage-affine","8":"product_cat-tout","9":"product_cat-alternatives-vegan-fromage","11":"first","12":"instock","13":"taxable","14":"shipping-taxable","15":"purchasable","16":"product-type-simple"},"supplier_id":null,"supplier_sku":"","barcode":null,"atum_controlled":false,"out_stock_date":null,"out_stock_threshold":null,"inheritable":false,"inbound_stock":null,"stock_on_hold":0,"sold_today":0,"sales_last_days":0,"reserved_stock":null,"customer_returns":null,"warehouse_damage":null,"lost_in_post":null,"other_logs":null,"out_stock_days":0,"lost_sales":0,"has_location":false,"update_date":"2026-04-22T00:07:01","atum_locations":[],"atum_stock_status":"instock","restock_status":false,"low_stock_amount":"","sales_update_date":"2026-04-22T00:07:01","calc_backorders":null,"acf":[],"_links":{"self":[{"href":"https:\/\/www.theblackcowshop.com\/nl\/wp-json\/wp\/v2\/product\/30620","targetHints":{"allow":["GET"]}}],"collection":[{"href":"https:\/\/www.theblackcowshop.com\/nl\/wp-json\/wp\/v2\/product"}],"about":[{"href":"https:\/\/www.theblackcowshop.com\/nl\/wp-json\/wp\/v2\/types\/product"}],"version-history":[{"count":4,"href":"https:\/\/www.theblackcowshop.com\/nl\/wp-json\/wp\/v2\/product\/30620\/revisions"}],"predecessor-version":[{"id":30647,"href":"https:\/\/www.theblackcowshop.com\/nl\/wp-json\/wp\/v2\/product\/30620\/revisions\/30647"}],"wp:featuredmedia":[{"embeddable":true,"href":"https:\/\/www.theblackcowshop.com\/nl\/wp-json\/wp\/v2\/media\/30622"}],"wp:attachment":[{"href":"https:\/\/www.theblackcowshop.com\/nl\/wp-json\/wp\/v2\/media?parent=30620"}],"wp:term":[{"taxonomy":"brand","embeddable":true,"href":"https:\/\/www.theblackcowshop.com\/nl\/wp-json\/wp\/v2\/etheme_brands?post=30620"},{"taxonomy":"product_brand","embeddable":true,"href":"https:\/\/www.theblackcowshop.com\/nl\/wp-json\/wp\/v2\/product_brand?post=30620"},{"taxonomy":"product_cat","embeddable":true,"href":"https:\/\/www.theblackcowshop.com\/nl\/wp-json\/wp\/v2\/product_cat?post=30620"},{"taxonomy":"product_tag","embeddable":true,"href":"https:\/\/www.theblackcowshop.com\/nl\/wp-json\/wp\/v2\/product_tag?post=30620"}],"curies":[{"name":"wp","href":"https:\/\/api.w.org\/{rel}","templated":true}]}}