{"id":30650,"date":"2025-06-19T23:44:03","date_gmt":"2025-06-19T21:44:03","guid":{"rendered":"https:\/\/www.theblackcowshop.com\/?post_type=product&#038;p=30650"},"modified":"2026-03-11T14:26:12","modified_gmt":"2026-03-11T13:26:12","slug":"briochburgers-vegan-250g-la-fournee-doree","status":"publish","type":"product","link":"https:\/\/www.theblackcowshop.com\/nl\/product\/briochburgers-vegan-250g-la-fournee-doree\/","title":{"rendered":"Brioch\u2019Burgers Vegan 250g &#8211; La Fourn\u00e9e Dor\u00e9e"},"content":{"rendered":"<p><span style=\"text-decoration: underline\">Ingr\u00e9dients<\/span> : Farine de <strong>bl\u00e9<\/strong>, eau, sucre, huiles v\u00e9g\u00e9tales (colza, tournesol), gluten de <span style=\"text-decoration: underline\"><strong>bl\u00e9<\/strong><\/span>, sirop de sucre inverti, levure, sel, ar\u00f4me naturel (contient <span style=\"text-decoration: underline\"><strong>alcool<\/strong><\/span>), \u00e9mulsifiant (mono et diglyc\u00e9rides d&rsquo;acides gras), prot\u00e9ines v\u00e9g\u00e9tales (pois, f\u00e8ves, pomme de terre), levure d\u00e9sactiv\u00e9e, dextrose (<span style=\"text-decoration: underline\"><strong>bl\u00e9<\/strong><\/span>, ma\u00efs), farine de <span style=\"text-decoration: underline\"><strong>seigle<\/strong><\/span> malt\u00e9.<\/p>\n<p><strong><span style=\"text-decoration: underline\">Allerg\u00e8nes<\/span> : Contient du bl\u00e9, gluten, seigle. Peut contenir des traces de s\u00e9same, lait, oeuf. <\/strong><\/p>\n<p><strong>Contient de l&rsquo;alcool.<\/strong><\/p>\n<p><em>\u00c0 conserver \u00e0 temp\u00e9rature ambiante dans un endroit sec. Bien refermer le sachet apr\u00e8s ouverture. Peut \u00eatre congel\u00e9 et conserv\u00e9 \u00e0 -18\u00b0C. Apr\u00e8s d\u00e9congelation, \u00e0 conserver dans un endroit frais et sec.<\/em><\/p>\n<p><span style=\"text-decoration: underline\">Valeurs nutritionnelles pour 100g<\/span> :<br \/>\n\u00c9nergie 1377 kJ \/ 326 kcal<br \/>\nProt\u00e9ines 10 g<br \/>\nGlucides 53 g<br \/>\n&#8211; dont sucres 10 g<br \/>\nMati\u00e8res grasses 7.5 g<br \/>\n&#8211; dont acides gras satur\u00e9s 1.1 g<br \/>\nSodium 0.59 g<br \/>\nSel 1.5 g<\/p>\n<p>Produit en France par La Fourn\u00e9e Dor\u00e9e<\/p>","protected":false},"excerpt":{"rendered":"<p>Ingr\u00e9dients : Farine de bl\u00e9, eau, sucre, huiles v\u00e9g\u00e9tales (colza, tournesol), gluten de bl\u00e9, sirop de sucre inverti, levure, sel, ar\u00f4me naturel (contient alcool), \u00e9mulsifiant&#8230;<\/p>","protected":false},"featured_media":30651,"template":"","meta":{"_acf_changed":false},"etheme_brands":[{"term_id":608,"name":"La Fourn\u00e9e Dor\u00e9e","slug":"la-fournee-doree","term_group":0,"term_taxonomy_id":608,"taxonomy":"brand","description":"NEW","parent":0,"count":3,"filter":"raw"}],"product_brand":[],"product_cat":[613,15,372],"product_tag":[],"class_list":{"0":"post-30650","1":"product","2":"type-product","3":"status-publish","4":"has-post-thumbnail","6":"brand-la-fournee-doree","7":"product_cat-boulangerie-vegan","8":"product_cat-tout","9":"product_cat-epicerie-vegan","11":"first","12":"outofstock","13":"taxable","14":"shipping-taxable","15":"purchasable","16":"product-type-simple"},"supplier_id":null,"supplier_sku":"","barcode":null,"atum_controlled":false,"out_stock_date":null,"out_stock_threshold":null,"inheritable":false,"inbound_stock":null,"stock_on_hold":0,"sold_today":0,"sales_last_days":0,"reserved_stock":null,"customer_returns":null,"warehouse_damage":null,"lost_in_post":null,"other_logs":null,"out_stock_days":0,"lost_sales":0,"has_location":null,"update_date":"2026-04-18T00:04:09","atum_locations":[],"atum_stock_status":"outofstock","restock_status":false,"low_stock_amount":"","sales_update_date":"2026-04-18T00:04:09","calc_backorders":null,"acf":[],"_links":{"self":[{"href":"https:\/\/www.theblackcowshop.com\/nl\/wp-json\/wp\/v2\/product\/30650","targetHints":{"allow":["GET"]}}],"collection":[{"href":"https:\/\/www.theblackcowshop.com\/nl\/wp-json\/wp\/v2\/product"}],"about":[{"href":"https:\/\/www.theblackcowshop.com\/nl\/wp-json\/wp\/v2\/types\/product"}],"version-history":[{"count":4,"href":"https:\/\/www.theblackcowshop.com\/nl\/wp-json\/wp\/v2\/product\/30650\/revisions"}],"predecessor-version":[{"id":31048,"href":"https:\/\/www.theblackcowshop.com\/nl\/wp-json\/wp\/v2\/product\/30650\/revisions\/31048"}],"wp:featuredmedia":[{"embeddable":true,"href":"https:\/\/www.theblackcowshop.com\/nl\/wp-json\/wp\/v2\/media\/30651"}],"wp:attachment":[{"href":"https:\/\/www.theblackcowshop.com\/nl\/wp-json\/wp\/v2\/media?parent=30650"}],"wp:term":[{"taxonomy":"brand","embeddable":true,"href":"https:\/\/www.theblackcowshop.com\/nl\/wp-json\/wp\/v2\/etheme_brands?post=30650"},{"taxonomy":"product_brand","embeddable":true,"href":"https:\/\/www.theblackcowshop.com\/nl\/wp-json\/wp\/v2\/product_brand?post=30650"},{"taxonomy":"product_cat","embeddable":true,"href":"https:\/\/www.theblackcowshop.com\/nl\/wp-json\/wp\/v2\/product_cat?post=30650"},{"taxonomy":"product_tag","embeddable":true,"href":"https:\/\/www.theblackcowshop.com\/nl\/wp-json\/wp\/v2\/product_tag?post=30650"}],"curies":[{"name":"wp","href":"https:\/\/api.w.org\/{rel}","templated":true}]}}