{"id":30665,"date":"2025-06-21T12:09:19","date_gmt":"2025-06-21T10:09:19","guid":{"rendered":"https:\/\/www.theblackcowshop.com\/?post_type=product&#038;p=30665"},"modified":"2026-04-14T12:55:23","modified_gmt":"2026-04-14T10:55:23","slug":"tortellini-aux-champignons-250g-dangelo","status":"publish","type":"product","link":"https:\/\/www.theblackcowshop.com\/nl\/product\/tortellini-aux-champignons-250g-dangelo\/","title":{"rendered":"Tortellini Aux Champignons 250g &#8211; D&rsquo;Angelo"},"content":{"rendered":"<p><span style=\"text-decoration: underline\">Ingr\u00e9dients<\/span> : <span style=\"text-decoration: underline\">p\u00e2te<\/span> : semoule de <span style=\"text-decoration: underline\"><strong>bl\u00e9<\/strong><\/span> dur, eau. <span style=\"text-decoration: underline\">Farce<\/span> (26%) : chapelure (farine de <span style=\"text-decoration: underline\"><strong>bl\u00e9<\/strong><\/span>, levure), champignons de Paris (30%), flocons de pommes de terre, oignons (9%), huile de tournesol, ai, sel marin, \u00e9mulsifiants : l\u00e9cithines de <span style=\"text-decoration: underline\"><strong>soja<\/strong><\/span>, poivre.<\/p>\n<p><strong><span style=\"text-decoration: underline\">Allerg\u00e8nes<\/span> : Contient du bl\u00e9, gluten, soja. Peut contenir des traces de c\u00e9leri et de lait.<\/strong><\/p>\n<p><em>\u00c0 conserver au sec \u00e0 l&rsquo;abri de la chaleur.<\/em><\/p>\n<p>Pr\u00e9paration : Cuire les p\u00e2tes dans 2,5 litres d&rsquo;eau sal\u00e9e \u00e0 \u00e9bullition douce pendant environ 12 \u00e0 15 minutes, jusqu&rsquo;\u00e0 ce qu&rsquo;elles soient \u00ab\u00a0al dente\u00a0\u00bb.<\/p>\n<p><span style=\"text-decoration: underline\">Valeurs nutritionnelles pour 100g<\/span> :<br \/>\nEnergie 1247 kJ \/ 295 kcal<br \/>\nMati\u00e8res grasses 4 g<br \/>\ndont satur\u00e9es 0.7 g<br \/>\nGlucides 55 g<br \/>\ndont sucres 1.7 g<br \/>\nProt\u00e9ines 8.6 g<br \/>\nSodium 0.91 g<\/p>\n<p>Produit en Allemagne par D&rsquo;Angelo Pasta<\/p>","protected":false},"excerpt":{"rendered":"<p>Ingr\u00e9dients : p\u00e2te : semoule de bl\u00e9 dur, eau. Farce (26%) : chapelure (farine de bl\u00e9, levure), champignons de Paris (30%), flocons de pommes de&#8230;<\/p>","protected":false},"featured_media":30666,"template":"","meta":{"_acf_changed":false},"etheme_brands":[{"term_id":467,"name":"D'Angelo Pasta","slug":"dangelo-pasta","term_group":0,"term_taxonomy_id":467,"taxonomy":"brand","description":"","parent":0,"count":9,"filter":"raw"}],"product_brand":[],"product_cat":[611,15,372],"product_tag":[],"class_list":{"0":"post-30665","1":"product","2":"type-product","3":"status-publish","4":"has-post-thumbnail","6":"brand-dangelo-pasta","7":"product_cat-pates-vegan","8":"product_cat-tout","9":"product_cat-epicerie-vegan","11":"first","12":"instock","13":"taxable","14":"shipping-taxable","15":"purchasable","16":"product-type-simple"},"supplier_id":null,"supplier_sku":"","barcode":null,"atum_controlled":false,"out_stock_date":null,"out_stock_threshold":null,"inheritable":false,"inbound_stock":null,"stock_on_hold":0,"sold_today":0,"sales_last_days":0,"reserved_stock":null,"customer_returns":null,"warehouse_damage":null,"lost_in_post":null,"other_logs":null,"out_stock_days":0,"lost_sales":0,"has_location":null,"update_date":"2026-04-18T00:04:12","atum_locations":[],"atum_stock_status":"instock","restock_status":false,"low_stock_amount":"","sales_update_date":"2026-04-18T00:04:12","calc_backorders":null,"acf":[],"_links":{"self":[{"href":"https:\/\/www.theblackcowshop.com\/nl\/wp-json\/wp\/v2\/product\/30665","targetHints":{"allow":["GET"]}}],"collection":[{"href":"https:\/\/www.theblackcowshop.com\/nl\/wp-json\/wp\/v2\/product"}],"about":[{"href":"https:\/\/www.theblackcowshop.com\/nl\/wp-json\/wp\/v2\/types\/product"}],"version-history":[{"count":2,"href":"https:\/\/www.theblackcowshop.com\/nl\/wp-json\/wp\/v2\/product\/30665\/revisions"}],"predecessor-version":[{"id":30692,"href":"https:\/\/www.theblackcowshop.com\/nl\/wp-json\/wp\/v2\/product\/30665\/revisions\/30692"}],"wp:featuredmedia":[{"embeddable":true,"href":"https:\/\/www.theblackcowshop.com\/nl\/wp-json\/wp\/v2\/media\/30666"}],"wp:attachment":[{"href":"https:\/\/www.theblackcowshop.com\/nl\/wp-json\/wp\/v2\/media?parent=30665"}],"wp:term":[{"taxonomy":"brand","embeddable":true,"href":"https:\/\/www.theblackcowshop.com\/nl\/wp-json\/wp\/v2\/etheme_brands?post=30665"},{"taxonomy":"product_brand","embeddable":true,"href":"https:\/\/www.theblackcowshop.com\/nl\/wp-json\/wp\/v2\/product_brand?post=30665"},{"taxonomy":"product_cat","embeddable":true,"href":"https:\/\/www.theblackcowshop.com\/nl\/wp-json\/wp\/v2\/product_cat?post=30665"},{"taxonomy":"product_tag","embeddable":true,"href":"https:\/\/www.theblackcowshop.com\/nl\/wp-json\/wp\/v2\/product_tag?post=30665"}],"curies":[{"name":"wp","href":"https:\/\/api.w.org\/{rel}","templated":true}]}}