{"id":30669,"date":"2025-06-21T12:19:59","date_gmt":"2025-06-21T10:19:59","guid":{"rendered":"https:\/\/www.theblackcowshop.com\/?post_type=product&#038;p=30669"},"modified":"2026-04-14T13:19:55","modified_gmt":"2026-04-14T11:19:55","slug":"gauffrette-fourree-creme-de-noisettes-33g-bettr","status":"publish","type":"product","link":"https:\/\/www.theblackcowshop.com\/nl\/product\/gauffrette-fourree-creme-de-noisettes-33g-bettr\/","title":{"rendered":"Gauffrette Fourr\u00e9e Cr\u00e8me De Noisettes 33g &#8211; Bett&rsquo;r"},"content":{"rendered":"<p><span style=\"text-decoration: underline\">Ingr\u00e9dients<\/span> : Sucre de coco, huile de coco, <span style=\"text-decoration: underline\"><strong>noisettes<\/strong><\/span> grill\u00e9es (15%), poudre de boisson \u00e0 l&rsquo;<span style=\"text-decoration: underline\"><strong>avoine<\/strong><\/span> (farine d&rsquo;<span style=\"text-decoration: underline\"><strong>avoine<\/strong><\/span> , sel), beurre de karit\u00e9, farine de <span style=\"text-decoration: underline\"><strong>bl\u00e9<\/strong><\/span>, masse de cacao, beurre de cacao, \u00e9mulsifiant : l\u00e9cithine de tournesol, poudre de vanille bourbon, huile de tournesol, sel, poudre de cacao, agent levant : bicarbonate de soude.<\/p>\n<p><strong><span style=\"text-decoration: underline\">Allerg\u00e8nes<\/span> : Contient des fruits \u00e0 coque, noisettes, gluten, bl\u00e9 et avoine.<\/strong><\/p>\n<p><em>\u00c0 conserver \u00e0 temp\u00e9rature ambiante au frais et au sec.<\/em><\/p>\n<p><span style=\"text-decoration: underline\">Valeurs nutritionnelles pour 100g<\/span> :<br \/>\nEnergie 601 kcal \/ 2 499 kJ<br \/>\nMati\u00e8res grasses 43 g<br \/>\ndont satur\u00e9es 24 g<br \/>\nGlucides 46 g<br \/>\ndont sucres 31 g<br \/>\nProt\u00e9ines 6,1 g<br \/>\nSodium 0,18 g<\/p>\n<p>Produit en Bulgarie par Smart\u202fOrganic<\/p>","protected":false},"excerpt":{"rendered":"<p>Ingr\u00e9dients : Sucre de coco, huile de coco, noisettes grill\u00e9es (15%), poudre de boisson \u00e0 l&rsquo;avoine (farine d&rsquo;avoine , sel), beurre de karit\u00e9, farine de&#8230;<\/p>","protected":false},"featured_media":30673,"template":"","meta":{"_acf_changed":false},"etheme_brands":[{"term_id":626,"name":"Bett'r","slug":"bettr","term_group":0,"term_taxonomy_id":626,"taxonomy":"brand","description":"","parent":0,"count":3,"filter":"raw"}],"product_brand":[],"product_cat":[711,15,372],"product_tag":[],"class_list":{"0":"post-30669","1":"product","2":"type-product","3":"status-publish","4":"has-post-thumbnail","6":"brand-bettr","7":"product_cat-barres-chocolatees-vegan","8":"product_cat-tout","9":"product_cat-epicerie-vegan","11":"first","12":"instock","13":"taxable","14":"shipping-taxable","15":"purchasable","16":"product-type-simple"},"supplier_id":null,"supplier_sku":"","barcode":null,"atum_controlled":false,"out_stock_date":null,"out_stock_threshold":null,"inheritable":false,"inbound_stock":null,"stock_on_hold":0,"sold_today":0,"sales_last_days":0,"reserved_stock":null,"customer_returns":null,"warehouse_damage":null,"lost_in_post":null,"other_logs":null,"out_stock_days":0,"lost_sales":0,"has_location":null,"update_date":"2026-04-18T00:04:12","atum_locations":[],"atum_stock_status":"instock","restock_status":false,"low_stock_amount":"","sales_update_date":"2026-04-18T00:04:12","calc_backorders":null,"acf":[],"_links":{"self":[{"href":"https:\/\/www.theblackcowshop.com\/nl\/wp-json\/wp\/v2\/product\/30669","targetHints":{"allow":["GET"]}}],"collection":[{"href":"https:\/\/www.theblackcowshop.com\/nl\/wp-json\/wp\/v2\/product"}],"about":[{"href":"https:\/\/www.theblackcowshop.com\/nl\/wp-json\/wp\/v2\/types\/product"}],"version-history":[{"count":2,"href":"https:\/\/www.theblackcowshop.com\/nl\/wp-json\/wp\/v2\/product\/30669\/revisions"}],"predecessor-version":[{"id":30693,"href":"https:\/\/www.theblackcowshop.com\/nl\/wp-json\/wp\/v2\/product\/30669\/revisions\/30693"}],"wp:featuredmedia":[{"embeddable":true,"href":"https:\/\/www.theblackcowshop.com\/nl\/wp-json\/wp\/v2\/media\/30673"}],"wp:attachment":[{"href":"https:\/\/www.theblackcowshop.com\/nl\/wp-json\/wp\/v2\/media?parent=30669"}],"wp:term":[{"taxonomy":"brand","embeddable":true,"href":"https:\/\/www.theblackcowshop.com\/nl\/wp-json\/wp\/v2\/etheme_brands?post=30669"},{"taxonomy":"product_brand","embeddable":true,"href":"https:\/\/www.theblackcowshop.com\/nl\/wp-json\/wp\/v2\/product_brand?post=30669"},{"taxonomy":"product_cat","embeddable":true,"href":"https:\/\/www.theblackcowshop.com\/nl\/wp-json\/wp\/v2\/product_cat?post=30669"},{"taxonomy":"product_tag","embeddable":true,"href":"https:\/\/www.theblackcowshop.com\/nl\/wp-json\/wp\/v2\/product_tag?post=30669"}],"curies":[{"name":"wp","href":"https:\/\/api.w.org\/{rel}","templated":true}]}}