{"id":30676,"date":"2025-06-21T12:29:15","date_gmt":"2025-06-21T10:29:15","guid":{"rendered":"https:\/\/www.theblackcowshop.com\/?post_type=product&#038;p=30676"},"modified":"2026-04-14T13:09:25","modified_gmt":"2026-04-14T11:09:25","slug":"cubes-de-soja-texture-250g-proteines-de-soja-texturees-vantastic","status":"publish","type":"product","link":"https:\/\/www.theblackcowshop.com\/nl\/product\/cubes-de-soja-texture-250g-proteines-de-soja-texturees-vantastic\/","title":{"rendered":"Boulettes De Soja Textur\u00e9 250g &#8211; Prot\u00e9ines De Soja Textur\u00e9es &#8211; Vantastic"},"content":{"rendered":"<p><span style=\"text-decoration: underline\">Ingr\u00e9dients<\/span> : Farine de <span style=\"text-decoration: underline\"><strong>soja<\/strong><\/span> d\u00e9graiss\u00e9e.<\/p>\n<p><em>Teneur en particules tr\u00e8s fines : max. 12%.<\/em><\/p>\n<p><strong><span style=\"text-decoration: underline\">Allerg\u00e8nes<\/span> : Contient du soja. Peut contenir des traces de gluten et de lait (y compris de lactose).<\/strong><\/p>\n<p><em>\u00c0 conserver \u00e0 temp\u00e9rature ambiante dans un endroit sec.<\/em><\/p>\n<p><span style=\"text-decoration: underline\">Pr\u00e9paration<\/span> : Tremper dans un bouillon de l\u00e9gumes chaud pendant environ 5 \u00e0 10 minutes jusqu&rsquo;\u00e0 obtention de la consistance souhait\u00e9e, passer au tamis et presser avec les mains &#8211; attention, c&rsquo;est chaud ! \u00c0 cuisiner ensuite comme de la viande. Apr\u00e8s cuisson, le produit sera 2 \u00e0 3 fois plus lourd que le poids de base.<\/p>\n<p><em>Les valeurs nutritionnelles se r\u00e9f\u00e8rent au produit sec.<\/em><\/p>\n<p><span style=\"text-decoration: underline\">Valeurs nutritionnelles pour 100g<\/span> :<\/p>\n<p>Energie 1407 kJ \/ 332 kcal<br \/>\nMati\u00e8res grasses 1,2 g<br \/>\ndont : acides gras satur\u00e9s 0,3 g<br \/>\nGlucides 27 g<br \/>\ndont : sucre 8,6 g<br \/>\nFibres 8,8 g<br \/>\nProt\u00e9ines 49 g<br \/>\nSel 0,01 g<\/p>\n<p>Produit en Allemagne par Vantastic Foods GmbH<\/p>","protected":false},"excerpt":{"rendered":"<p>Ingr\u00e9dients : Farine de soja d\u00e9graiss\u00e9e. Teneur en particules tr\u00e8s fines : max. 12%. Allerg\u00e8nes : Contient du soja. Peut contenir des traces de gluten&#8230;<\/p>","protected":false},"featured_media":30680,"template":"","meta":{"_acf_changed":false},"etheme_brands":[{"term_id":442,"name":"Vantastic Foods","slug":"vantastic-foods","term_group":0,"term_taxonomy_id":442,"taxonomy":"brand","description":"","parent":0,"count":15,"filter":"raw"}],"product_brand":[],"product_cat":[708,15,372],"product_tag":[],"class_list":{"0":"post-30676","1":"product","2":"type-product","3":"status-publish","4":"has-post-thumbnail","6":"brand-vantastic-foods","7":"product_cat-proteines-vegetales-texturees-vegan","8":"product_cat-tout","9":"product_cat-epicerie-vegan","11":"first","12":"instock","13":"taxable","14":"shipping-taxable","15":"purchasable","16":"product-type-simple"},"supplier_id":null,"supplier_sku":"","barcode":null,"atum_controlled":false,"out_stock_date":null,"out_stock_threshold":null,"inheritable":false,"inbound_stock":null,"stock_on_hold":4,"sold_today":0,"sales_last_days":4,"reserved_stock":null,"customer_returns":null,"warehouse_damage":null,"lost_in_post":null,"other_logs":null,"out_stock_days":0,"lost_sales":0,"has_location":null,"update_date":"2026-04-18T00:04:12","atum_locations":[],"atum_stock_status":"instock","restock_status":false,"low_stock_amount":"","sales_update_date":"2026-04-18T00:04:12","calc_backorders":null,"acf":[],"_links":{"self":[{"href":"https:\/\/www.theblackcowshop.com\/nl\/wp-json\/wp\/v2\/product\/30676","targetHints":{"allow":["GET"]}}],"collection":[{"href":"https:\/\/www.theblackcowshop.com\/nl\/wp-json\/wp\/v2\/product"}],"about":[{"href":"https:\/\/www.theblackcowshop.com\/nl\/wp-json\/wp\/v2\/types\/product"}],"version-history":[{"count":4,"href":"https:\/\/www.theblackcowshop.com\/nl\/wp-json\/wp\/v2\/product\/30676\/revisions"}],"predecessor-version":[{"id":32252,"href":"https:\/\/www.theblackcowshop.com\/nl\/wp-json\/wp\/v2\/product\/30676\/revisions\/32252"}],"wp:featuredmedia":[{"embeddable":true,"href":"https:\/\/www.theblackcowshop.com\/nl\/wp-json\/wp\/v2\/media\/30680"}],"wp:attachment":[{"href":"https:\/\/www.theblackcowshop.com\/nl\/wp-json\/wp\/v2\/media?parent=30676"}],"wp:term":[{"taxonomy":"brand","embeddable":true,"href":"https:\/\/www.theblackcowshop.com\/nl\/wp-json\/wp\/v2\/etheme_brands?post=30676"},{"taxonomy":"product_brand","embeddable":true,"href":"https:\/\/www.theblackcowshop.com\/nl\/wp-json\/wp\/v2\/product_brand?post=30676"},{"taxonomy":"product_cat","embeddable":true,"href":"https:\/\/www.theblackcowshop.com\/nl\/wp-json\/wp\/v2\/product_cat?post=30676"},{"taxonomy":"product_tag","embeddable":true,"href":"https:\/\/www.theblackcowshop.com\/nl\/wp-json\/wp\/v2\/product_tag?post=30676"}],"curies":[{"name":"wp","href":"https:\/\/api.w.org\/{rel}","templated":true}]}}