{"id":30683,"date":"2025-06-21T12:39:36","date_gmt":"2025-06-21T10:39:36","guid":{"rendered":"https:\/\/www.theblackcowshop.com\/?post_type=product&#038;p=30683"},"modified":"2026-04-14T13:03:16","modified_gmt":"2026-04-14T11:03:16","slug":"levure-en-paillettes-200g-vantastic","status":"publish","type":"product","link":"https:\/\/www.theblackcowshop.com\/nl\/product\/levure-en-paillettes-200g-vantastic\/","title":{"rendered":"Levure En Paillettes 200g &#8211; Go\u00fbt Fromager &#8211; Vantastic"},"content":{"rendered":"<p><span style=\"text-decoration: underline\">Ingr\u00e9dients<\/span> : Flocons de levure.<\/p>\n<p><strong><span style=\"text-decoration: underline\">Allerg\u00e8nes<\/span> : Peut contenir des traces de gluten.<\/strong><\/p>\n<p><em>\u00c0 conserver dans un endroit sec et \u00e0 l&rsquo;abri de la chaleur. Bien refermer apr\u00e8s utilisation<\/em><\/p>\n<p><span style=\"text-decoration: underline\">Utilisation<\/span> : \u00c0 incorporer ou saupoudrer sur vos plats pr\u00e9f\u00e9r\u00e9s !<\/p>\n<p><em>Les valeurs nutritionnelles se r\u00e9f\u00e8rent au produit sec.<\/em><\/p>\n<p><span style=\"text-decoration: underline\">Valeurs nutritionnelles pour 100g<\/span> :<\/p>\n<p>Energie 1416 kJ \/ 337 kcal<br \/>\nMati\u00e8res grasses 5,0 g<br \/>\ndont : Acides gras satur\u00e9s 1,8 g<br \/>\nGlucides 14 g<br \/>\ndont : Sucre 14 g<br \/>\nFibres 20 g<br \/>\nProt\u00e9ines 49 g<br \/>\nSel 0,50 g<\/p>\n<p>Produit en Allemagne par Vantastic Foods GmbH<\/p>","protected":false},"excerpt":{"rendered":"<p>Ingr\u00e9dients : Flocons de levure. Allerg\u00e8nes : Peut contenir des traces de gluten. \u00c0 conserver dans un endroit sec et \u00e0 l&rsquo;abri de la chaleur&#8230;.<\/p>","protected":false},"featured_media":30678,"template":"","meta":{"_acf_changed":false},"etheme_brands":[{"term_id":442,"name":"Vantastic Foods","slug":"vantastic-foods","term_group":0,"term_taxonomy_id":442,"taxonomy":"brand","description":"","parent":0,"count":15,"filter":"raw"}],"product_brand":[],"product_cat":[395,15,702,372],"product_tag":[],"class_list":{"0":"post-30683","1":"product","2":"type-product","3":"status-publish","4":"has-post-thumbnail","6":"brand-vantastic-foods","7":"product_cat-sauces-condiments-vegan","8":"product_cat-tout","9":"product_cat-nouveau","10":"product_cat-epicerie-vegan","12":"first","13":"instock","14":"taxable","15":"shipping-taxable","16":"purchasable","17":"product-type-simple"},"supplier_id":null,"supplier_sku":"","barcode":null,"atum_controlled":false,"out_stock_date":null,"out_stock_threshold":null,"inheritable":false,"inbound_stock":null,"stock_on_hold":0,"sold_today":0,"sales_last_days":0,"reserved_stock":null,"customer_returns":null,"warehouse_damage":null,"lost_in_post":null,"other_logs":null,"out_stock_days":0,"lost_sales":0,"has_location":null,"update_date":"2026-04-24T00:08:49","atum_locations":[],"atum_stock_status":"instock","restock_status":false,"low_stock_amount":"","sales_update_date":"2026-04-24T00:08:49","calc_backorders":null,"acf":[],"_links":{"self":[{"href":"https:\/\/www.theblackcowshop.com\/nl\/wp-json\/wp\/v2\/product\/30683","targetHints":{"allow":["GET"]}}],"collection":[{"href":"https:\/\/www.theblackcowshop.com\/nl\/wp-json\/wp\/v2\/product"}],"about":[{"href":"https:\/\/www.theblackcowshop.com\/nl\/wp-json\/wp\/v2\/types\/product"}],"version-history":[{"count":3,"href":"https:\/\/www.theblackcowshop.com\/nl\/wp-json\/wp\/v2\/product\/30683\/revisions"}],"predecessor-version":[{"id":30697,"href":"https:\/\/www.theblackcowshop.com\/nl\/wp-json\/wp\/v2\/product\/30683\/revisions\/30697"}],"wp:featuredmedia":[{"embeddable":true,"href":"https:\/\/www.theblackcowshop.com\/nl\/wp-json\/wp\/v2\/media\/30678"}],"wp:attachment":[{"href":"https:\/\/www.theblackcowshop.com\/nl\/wp-json\/wp\/v2\/media?parent=30683"}],"wp:term":[{"taxonomy":"brand","embeddable":true,"href":"https:\/\/www.theblackcowshop.com\/nl\/wp-json\/wp\/v2\/etheme_brands?post=30683"},{"taxonomy":"product_brand","embeddable":true,"href":"https:\/\/www.theblackcowshop.com\/nl\/wp-json\/wp\/v2\/product_brand?post=30683"},{"taxonomy":"product_cat","embeddable":true,"href":"https:\/\/www.theblackcowshop.com\/nl\/wp-json\/wp\/v2\/product_cat?post=30683"},{"taxonomy":"product_tag","embeddable":true,"href":"https:\/\/www.theblackcowshop.com\/nl\/wp-json\/wp\/v2\/product_tag?post=30683"}],"curies":[{"name":"wp","href":"https:\/\/api.w.org\/{rel}","templated":true}]}}