{"id":30910,"date":"2025-07-06T17:16:41","date_gmt":"2025-07-06T15:16:41","guid":{"rendered":"https:\/\/www.theblackcowshop.com\/?post_type=product&#038;p=30910"},"modified":"2026-04-14T14:40:03","modified_gmt":"2026-04-14T12:40:03","slug":"mayonnaise-vegetale-150ml-valsoia","status":"publish","type":"product","link":"https:\/\/www.theblackcowshop.com\/nl\/product\/mayonnaise-vegetale-150ml-valsoia\/","title":{"rendered":"Mayonnaise V\u00e9g\u00e9tale 150ml &#8211; Valsoia"},"content":{"rendered":"<p>Ingr\u00e9dients : Huile de tournesol, extrait de <span style=\"text-decoration: underline\"><strong>soja<\/strong><\/span> 26% (eau, <span style=\"text-decoration: underline\"><strong>soja<\/strong><\/span> 7,5%), dextrose, sucre, vinaigre de pomme, jus de citron reconstitu\u00e9, sel, <span style=\"text-decoration: underline\"><strong>moutarde<\/strong><\/span> (eau, <span style=\"text-decoration: underline\"><strong>graines de moutarde<\/strong><\/span>, vinaigre d\u2019eau, sel, \u00e9pices, ar\u00f4mes naturels), r\u00e9gulateur d\u2019acidit\u00e9 : acide lactique v\u00e9g\u00e9tal, amidon modifi\u00e9 de tapioca, prot\u00e9ines v\u00e9g\u00e9tales (pois) (0,05%), \u00e9paississant : gomme xanthane, colorant : b\u00eata-carot\u00e8ne, ar\u00f4me.<\/p>\n<p><strong><em>Allerg\u00e8nes : Contient du soja, graines de soja, moutarde et graines de moutarde.<\/em><\/strong><\/p>\n<p><span style=\"text-decoration: underline\">Valeurs nutritionnelles pour 100 ml<\/span> :<br \/>\nEnergie 2401 kJ \/ 583 kcal<br \/>\nMati\u00e8res grasses 61 g<br \/>\ndont acide gras satur\u00e9s 6,1 g<br \/>\nGlucides 7,5 g<br \/>\ndont sucres 7,2 g<br \/>\nFibres 0,1 g<br \/>\nProt\u00e9ines 0,9 g<br \/>\nSel 1,2 g<\/p>\n<p>Produit en ITALIE par VALSOIA<\/p>","protected":false},"excerpt":{"rendered":"<p>Ingr\u00e9dients : Huile de tournesol, extrait de soja 26% (eau, soja 7,5%), dextrose, sucre, vinaigre de pomme, jus de citron reconstitu\u00e9, sel, moutarde (eau, graines&#8230;<\/p>","protected":false},"featured_media":30904,"template":"","meta":{"_acf_changed":false},"etheme_brands":[{"term_id":495,"name":"Valsoia","slug":"valsoia","term_group":0,"term_taxonomy_id":495,"taxonomy":"brand","description":"","parent":0,"count":9,"filter":"raw"}],"product_brand":[],"product_cat":[395,15,372],"product_tag":[],"class_list":{"0":"post-30910","1":"product","2":"type-product","3":"status-publish","4":"has-post-thumbnail","6":"brand-valsoia","7":"product_cat-sauces-condiments-vegan","8":"product_cat-tout","9":"product_cat-epicerie-vegan","11":"first","12":"instock","13":"taxable","14":"shipping-taxable","15":"purchasable","16":"product-type-simple"},"supplier_id":null,"supplier_sku":"","barcode":null,"atum_controlled":false,"out_stock_date":null,"out_stock_threshold":null,"inheritable":false,"inbound_stock":null,"stock_on_hold":0,"sold_today":0,"sales_last_days":0,"reserved_stock":null,"customer_returns":null,"warehouse_damage":null,"lost_in_post":null,"other_logs":null,"out_stock_days":0,"lost_sales":0,"has_location":null,"update_date":"2026-04-21T00:06:55","atum_locations":[],"atum_stock_status":"instock","restock_status":false,"low_stock_amount":"","sales_update_date":"2026-04-21T00:06:55","calc_backorders":null,"acf":[],"_links":{"self":[{"href":"https:\/\/www.theblackcowshop.com\/nl\/wp-json\/wp\/v2\/product\/30910","targetHints":{"allow":["GET"]}}],"collection":[{"href":"https:\/\/www.theblackcowshop.com\/nl\/wp-json\/wp\/v2\/product"}],"about":[{"href":"https:\/\/www.theblackcowshop.com\/nl\/wp-json\/wp\/v2\/types\/product"}],"version-history":[{"count":2,"href":"https:\/\/www.theblackcowshop.com\/nl\/wp-json\/wp\/v2\/product\/30910\/revisions"}],"predecessor-version":[{"id":32080,"href":"https:\/\/www.theblackcowshop.com\/nl\/wp-json\/wp\/v2\/product\/30910\/revisions\/32080"}],"wp:featuredmedia":[{"embeddable":true,"href":"https:\/\/www.theblackcowshop.com\/nl\/wp-json\/wp\/v2\/media\/30904"}],"wp:attachment":[{"href":"https:\/\/www.theblackcowshop.com\/nl\/wp-json\/wp\/v2\/media?parent=30910"}],"wp:term":[{"taxonomy":"brand","embeddable":true,"href":"https:\/\/www.theblackcowshop.com\/nl\/wp-json\/wp\/v2\/etheme_brands?post=30910"},{"taxonomy":"product_brand","embeddable":true,"href":"https:\/\/www.theblackcowshop.com\/nl\/wp-json\/wp\/v2\/product_brand?post=30910"},{"taxonomy":"product_cat","embeddable":true,"href":"https:\/\/www.theblackcowshop.com\/nl\/wp-json\/wp\/v2\/product_cat?post=30910"},{"taxonomy":"product_tag","embeddable":true,"href":"https:\/\/www.theblackcowshop.com\/nl\/wp-json\/wp\/v2\/product_tag?post=30910"}],"curies":[{"name":"wp","href":"https:\/\/api.w.org\/{rel}","templated":true}]}}