{"id":30974,"date":"2025-08-29T13:58:19","date_gmt":"2025-08-29T11:58:19","guid":{"rendered":"https:\/\/www.theblackcowshop.com\/?post_type=product&#038;p=30974"},"modified":"2026-04-18T16:35:30","modified_gmt":"2026-04-18T14:35:30","slug":"steak-vegetal-paprika-2x80g","status":"publish","type":"product","link":"https:\/\/www.theblackcowshop.com\/nl\/product\/steak-vegetal-paprika-2x80g\/","title":{"rendered":"Steak V\u00e9g\u00e9tal Paprika 2x80g"},"content":{"rendered":"<p><span style=\"text-decoration: underline\">Ingr\u00e9dients<\/span> : Eau, prot\u00e9ines de <strong><span style=\"text-decoration: underline\">soja<\/span><\/strong>, huile de colza, poivrons 4,3%, farines (riz, haricots), \u00e9pices (contient<span style=\"text-decoration: underline\"><strong> moutarde<\/strong><\/span>), paprika en granul\u00e9s 1,0%, paprika fum\u00e9 0,1%, concentr\u00e9 de betterave, plantes aromatiques, vinaigre de pomme, vinaigre d&rsquo;alcool, extrait de levure, amidon de ma\u00efs, ferments, sel, vitamine B12.<\/p>\n<p><span style=\"text-decoration: underline\">Allerg\u00e8nes<\/span> : Contient du soja et moutarde.<\/p>\n<p><em>\u00c0 conserver entre 0\u00b0C et 4\u00b0C. \u00c0 consommer rapidement apr\u00e8s ouverture. <strong>Produit d\u00e9congel\u00e9, ne pas recongeler.<\/strong><\/em><\/p>\n<p><span style=\"text-decoration: underline\">Valeurs nutritionnelles pour 100g<\/span> :<\/p>\n<div class=\"nutrition-table\">\n<div class=\"nutrition-line\"><span class=\"label\">Energie <\/span><span class=\"value\">657 kJ \/ 158 kcal<\/span><\/div>\n<div class=\"nutrition-line\"><span class=\"label\">Mati\u00e8res grasses <\/span><span class=\"value\">7,6g<\/span><\/div>\n<div class=\"nutrition-line\"><span class=\"label\">dont satur\u00e9es <\/span><span class=\"value\">0,8g<\/span><\/div>\n<div class=\"nutrition-line\"><span class=\"label\">Glucides <\/span><span class=\"value\">5,2g<\/span><\/div>\n<div class=\"nutrition-line\"><span class=\"label\">dont sucres <\/span><span class=\"value\">2,3g<\/span><\/div>\n<div class=\"nutrition-line\"><span class=\"label\">Prot\u00e9ines <\/span><span class=\"value\">15g<\/span><\/div>\n<div class=\"nutrition-line\"><span class=\"label\">Sel <\/span><span class=\"value\">1,1g<\/span><\/div>\n<\/div>\n<div><\/div>\n<div>Produit par Planted en Suisse<\/div>","protected":false},"excerpt":{"rendered":"<p>Ingr\u00e9dients : Eau, prot\u00e9ines de soja, huile de colza, poivrons 4,3%, farines (riz, haricots), \u00e9pices (contient moutarde), paprika en granul\u00e9s 1,0%, paprika fum\u00e9 0,1%, concentr\u00e9&#8230;<\/p>","protected":false},"featured_media":30975,"template":"","meta":{"_acf_changed":false},"etheme_brands":[{"term_id":635,"name":"Planted.","slug":"planted","term_group":0,"term_taxonomy_id":635,"taxonomy":"brand","description":"","parent":0,"count":3,"filter":"raw"}],"product_brand":[],"product_cat":[710,15,375],"product_tag":[],"class_list":{"0":"post-30974","1":"product","2":"type-product","3":"status-publish","4":"has-post-thumbnail","6":"brand-planted","7":"product_cat-alternative-vegan-viande","8":"product_cat-tout","9":"product_cat-alternative-vegan-viande-boucherie","11":"first","12":"instock","13":"taxable","14":"shipping-taxable","15":"purchasable","16":"product-type-simple"},"supplier_id":null,"supplier_sku":"","barcode":null,"atum_controlled":false,"out_stock_date":null,"out_stock_threshold":null,"inheritable":false,"inbound_stock":null,"stock_on_hold":0,"sold_today":0,"sales_last_days":0,"reserved_stock":null,"customer_returns":null,"warehouse_damage":null,"lost_in_post":null,"other_logs":null,"out_stock_days":0,"lost_sales":0,"has_location":null,"update_date":"2026-04-20T00:05:57","atum_locations":[],"atum_stock_status":"instock","restock_status":false,"low_stock_amount":"","sales_update_date":"2026-04-20T00:05:57","calc_backorders":null,"acf":[],"_links":{"self":[{"href":"https:\/\/www.theblackcowshop.com\/nl\/wp-json\/wp\/v2\/product\/30974","targetHints":{"allow":["GET"]}}],"collection":[{"href":"https:\/\/www.theblackcowshop.com\/nl\/wp-json\/wp\/v2\/product"}],"about":[{"href":"https:\/\/www.theblackcowshop.com\/nl\/wp-json\/wp\/v2\/types\/product"}],"version-history":[{"count":1,"href":"https:\/\/www.theblackcowshop.com\/nl\/wp-json\/wp\/v2\/product\/30974\/revisions"}],"predecessor-version":[{"id":30977,"href":"https:\/\/www.theblackcowshop.com\/nl\/wp-json\/wp\/v2\/product\/30974\/revisions\/30977"}],"wp:featuredmedia":[{"embeddable":true,"href":"https:\/\/www.theblackcowshop.com\/nl\/wp-json\/wp\/v2\/media\/30975"}],"wp:attachment":[{"href":"https:\/\/www.theblackcowshop.com\/nl\/wp-json\/wp\/v2\/media?parent=30974"}],"wp:term":[{"taxonomy":"brand","embeddable":true,"href":"https:\/\/www.theblackcowshop.com\/nl\/wp-json\/wp\/v2\/etheme_brands?post=30974"},{"taxonomy":"product_brand","embeddable":true,"href":"https:\/\/www.theblackcowshop.com\/nl\/wp-json\/wp\/v2\/product_brand?post=30974"},{"taxonomy":"product_cat","embeddable":true,"href":"https:\/\/www.theblackcowshop.com\/nl\/wp-json\/wp\/v2\/product_cat?post=30974"},{"taxonomy":"product_tag","embeddable":true,"href":"https:\/\/www.theblackcowshop.com\/nl\/wp-json\/wp\/v2\/product_tag?post=30974"}],"curies":[{"name":"wp","href":"https:\/\/api.w.org\/{rel}","templated":true}]}}