{"id":30978,"date":"2025-08-29T14:08:01","date_gmt":"2025-08-29T12:08:01","guid":{"rendered":"https:\/\/www.theblackcowshop.com\/?post_type=product&#038;p=30978"},"modified":"2026-03-05T15:39:23","modified_gmt":"2026-03-05T14:39:23","slug":"krakow-280g-saucisse-vegan-de-seitan-fumee-amala","status":"publish","type":"product","link":"https:\/\/www.theblackcowshop.com\/nl\/product\/krakow-280g-saucisse-vegan-de-seitan-fumee-amala\/","title":{"rendered":"Krakow Fum\u00e9 280g &#8211; Saucisse de Cracovie Vegan &#8211; AMALA"},"content":{"rendered":"<p>Ingr\u00e9dients : Eau, prot\u00e9ine de\u00a0<span style=\"text-decoration: underline\"><b><strong>bl\u00e9<\/strong><\/b><\/span>, prot\u00e9ine de\u00a0<span style=\"text-decoration: underline\"><b><strong>soja<\/strong><\/b><\/span>\u00a0(4%) (sans OGM), f\u00e9cule de ma\u00efs (sans OGM), huile de coco, m\u00e9lange d\u2019\u00e9pices, \u00e9pices naturelles, \u00e9paississants\u00a0: extrait d\u2019algues, sel de mer, colorant\u00a0: oxyde de fer.<\/p>\n<p><strong><span style=\"text-decoration: underline\">Allerg\u00e8nes<\/span> : Contient du bl\u00e9, gluten, soja.<\/strong><\/p>\n<p style=\"font-weight: 400\"><em>\u00c0 conserver au frais entre 1\u00b0C \u00e0 7\u00b0C. Peut \u00eatre congel\u00e9.<\/em><\/p>\n<p style=\"font-weight: 400\"><span style=\"text-decoration: underline\">Attention<\/span> : Les saucisses sont recouvertes d&rsquo;un emballage en papier qualifi\u00e9 comme comestible par le fournisseur, nous vous recommandons fortement de l&rsquo;enlever avant de les utiliser.<\/p>\n<p style=\"font-weight: 400\"><span style=\"text-decoration: underline\">Valeurs nutritionnelles pour 100g<\/span> :<\/p>\n<div class=\"nutrition-line\"><span class=\"label\">Energie <\/span><span class=\"value\">1146 kJ\/ 248 kcal<\/span><\/div>\n<div class=\"nutrition-line\"><span class=\"label\">Mati\u00e8res grasses <\/span><span class=\"value\">11,5 g<\/span><\/div>\n<div class=\"nutrition-line\"><span class=\"label\">dont satur\u00e9es <\/span><span class=\"value\">9,2 g<\/span><\/div>\n<div class=\"nutrition-line\"><span class=\"label\">Glucides <\/span><span class=\"value\">7,4 g<\/span><\/div>\n<div class=\"nutrition-line\"><span class=\"label\">dont sucres <\/span><span class=\"value\">1,8 g<\/span><\/div>\n<div class=\"nutrition-line\"><span class=\"label\">Prot\u00e9ines <\/span><span class=\"value\">22,7 g<\/span><\/div>\n<div class=\"nutrition-line\"><span class=\"label\">Sel <\/span><span class=\"value\">2,4 g<\/span><\/div>\n<div><\/div>\n<div>Produit par Amala<\/div>","protected":false},"excerpt":{"rendered":"<p>Ingr\u00e9dients : Eau, prot\u00e9ine de\u00a0bl\u00e9, prot\u00e9ine de\u00a0soja\u00a0(4%) (sans OGM), f\u00e9cule de ma\u00efs (sans OGM), huile de coco, m\u00e9lange d\u2019\u00e9pices, \u00e9pices naturelles, \u00e9paississants\u00a0: extrait d\u2019algues, sel&#8230;<\/p>","protected":false},"featured_media":30976,"template":"","meta":{"_acf_changed":false},"etheme_brands":[{"term_id":502,"name":"Amala","slug":"amala","term_group":0,"term_taxonomy_id":502,"taxonomy":"brand","description":"","parent":0,"count":5,"filter":"raw"}],"product_brand":[],"product_cat":[648,15,375],"product_tag":[],"class_list":{"0":"post-30978","1":"product","2":"type-product","3":"status-publish","4":"has-post-thumbnail","6":"brand-amala","7":"product_cat-alternative-vegan-charcuterie","8":"product_cat-tout","9":"product_cat-alternative-vegan-viande-boucherie","11":"first","12":"outofstock","13":"taxable","14":"shipping-taxable","15":"purchasable","16":"product-type-simple"},"supplier_id":null,"supplier_sku":"","barcode":null,"atum_controlled":false,"out_stock_date":null,"out_stock_threshold":null,"inheritable":false,"inbound_stock":null,"stock_on_hold":0,"sold_today":0,"sales_last_days":0,"reserved_stock":null,"customer_returns":null,"warehouse_damage":null,"lost_in_post":null,"other_logs":null,"out_stock_days":0,"lost_sales":0,"has_location":null,"update_date":"2026-04-21T00:06:55","atum_locations":[],"atum_stock_status":"outofstock","restock_status":false,"low_stock_amount":"","sales_update_date":"2026-04-21T00:06:55","calc_backorders":null,"acf":[],"_links":{"self":[{"href":"https:\/\/www.theblackcowshop.com\/nl\/wp-json\/wp\/v2\/product\/30978","targetHints":{"allow":["GET"]}}],"collection":[{"href":"https:\/\/www.theblackcowshop.com\/nl\/wp-json\/wp\/v2\/product"}],"about":[{"href":"https:\/\/www.theblackcowshop.com\/nl\/wp-json\/wp\/v2\/types\/product"}],"version-history":[{"count":2,"href":"https:\/\/www.theblackcowshop.com\/nl\/wp-json\/wp\/v2\/product\/30978\/revisions"}],"predecessor-version":[{"id":31407,"href":"https:\/\/www.theblackcowshop.com\/nl\/wp-json\/wp\/v2\/product\/30978\/revisions\/31407"}],"wp:featuredmedia":[{"embeddable":true,"href":"https:\/\/www.theblackcowshop.com\/nl\/wp-json\/wp\/v2\/media\/30976"}],"wp:attachment":[{"href":"https:\/\/www.theblackcowshop.com\/nl\/wp-json\/wp\/v2\/media?parent=30978"}],"wp:term":[{"taxonomy":"brand","embeddable":true,"href":"https:\/\/www.theblackcowshop.com\/nl\/wp-json\/wp\/v2\/etheme_brands?post=30978"},{"taxonomy":"product_brand","embeddable":true,"href":"https:\/\/www.theblackcowshop.com\/nl\/wp-json\/wp\/v2\/product_brand?post=30978"},{"taxonomy":"product_cat","embeddable":true,"href":"https:\/\/www.theblackcowshop.com\/nl\/wp-json\/wp\/v2\/product_cat?post=30978"},{"taxonomy":"product_tag","embeddable":true,"href":"https:\/\/www.theblackcowshop.com\/nl\/wp-json\/wp\/v2\/product_tag?post=30978"}],"curies":[{"name":"wp","href":"https:\/\/api.w.org\/{rel}","templated":true}]}}