{"id":31082,"date":"2025-09-17T13:57:31","date_gmt":"2025-09-17T11:57:31","guid":{"rendered":"https:\/\/www.theblackcowshop.com\/?post_type=product&#038;p=31082"},"modified":"2026-04-07T13:07:51","modified_gmt":"2026-04-07T11:07:51","slug":"barre-choco-crunch-40g-fizi","status":"publish","type":"product","link":"https:\/\/www.theblackcowshop.com\/nl\/product\/barre-choco-crunch-40g-fizi\/","title":{"rendered":"Barre Choco Crunch 40g &#8211; Fizi"},"content":{"rendered":"<p><span style=\"text-decoration: underline\">Ingr\u00e9dients<\/span> : Caramel (extrait de noix de coco, sirop de maltitol, amidon de ma\u00efs), gla\u00e7age au chocolat (16,3%) (p\u00e2te de cacao, \u00e9dulcorant maltitol, beurre de cacao, cacao maigre en poudre, beurre de karit\u00e9, \u00e9mulsifiant l\u00e9cithine, ar\u00f4me naturel de vanille), croustillants (11,3%) (farine de ma\u00efs, farine d&rsquo;amarante), flocons d&rsquo;avoine sans gluten, <span style=\"text-decoration: underline\"><strong>cacahu\u00e8tes<\/strong><\/span> (10%), glyc\u00e9rine v\u00e9g\u00e9tale, isolats de prot\u00e9ines de pois (5%), fibre de tapioca, calcium, magn\u00e9sium, choline, vitamines (C, E, B6, A, B9, D3, B12).<\/p>\n<p><em><strong><span style=\"text-decoration: underline\">Allerg\u00e8nes<\/span> : Contient des cacahu\u00e8tes, arachides, fruits \u00e0 coque. Peut contenir des traces d&rsquo;autres fruits \u00e0 coque (noix de cajou, noisettes, amandes)<\/strong><\/em><\/p>\n<p><em>\u00c0 conserver dans un endroit frais, sec et sombre, \u00e0 l&rsquo;abris de la lumi\u00e8re directe du soleil.<\/em><\/p>\n<p><span style=\"text-decoration: underline\">Valeurs nutritionnelles pour 100g<\/span> :<br \/>\nEnergie 381kcal\/1586KJ<br \/>\nMati\u00e8res grasses 22,8g<br \/>\ndont satur\u00e9es 11,8g<br \/>\nGlucides 42,3g<br \/>\ndont sucres 1,3g<br \/>\nProt\u00e9ines 12,4g<br \/>\nSel 0,03g<\/p>\n<p>Produit en UKRAINE par FIZI<\/p>","protected":false},"excerpt":{"rendered":"<p>Ingr\u00e9dients : Caramel (extrait de noix de coco, sirop de maltitol, amidon de ma\u00efs), gla\u00e7age au chocolat (16,3%) (p\u00e2te de cacao, \u00e9dulcorant maltitol, beurre de&#8230;<\/p>","protected":false},"featured_media":31063,"template":"","meta":{"_acf_changed":false},"etheme_brands":[{"term_id":670,"name":"Fizi","slug":"fizi","term_group":0,"term_taxonomy_id":670,"taxonomy":"brand","description":"","parent":0,"count":3,"filter":"raw"}],"product_brand":[],"product_cat":[711,15,372],"product_tag":[],"class_list":{"0":"post-31082","1":"product","2":"type-product","3":"status-publish","4":"has-post-thumbnail","6":"brand-fizi","7":"product_cat-barres-chocolatees-vegan","8":"product_cat-tout","9":"product_cat-epicerie-vegan","11":"first","12":"instock","13":"taxable","14":"shipping-taxable","15":"purchasable","16":"product-type-simple"},"supplier_id":null,"supplier_sku":"","barcode":null,"atum_controlled":false,"out_stock_date":null,"out_stock_threshold":null,"inheritable":false,"inbound_stock":null,"stock_on_hold":0,"sold_today":0,"sales_last_days":0,"reserved_stock":null,"customer_returns":null,"warehouse_damage":null,"lost_in_post":null,"other_logs":null,"out_stock_days":0,"lost_sales":0,"has_location":null,"update_date":"2026-04-18T00:04:11","atum_locations":[],"atum_stock_status":"instock","restock_status":false,"low_stock_amount":"","sales_update_date":"2026-04-18T00:04:11","calc_backorders":null,"acf":[],"_links":{"self":[{"href":"https:\/\/www.theblackcowshop.com\/nl\/wp-json\/wp\/v2\/product\/31082","targetHints":{"allow":["GET"]}}],"collection":[{"href":"https:\/\/www.theblackcowshop.com\/nl\/wp-json\/wp\/v2\/product"}],"about":[{"href":"https:\/\/www.theblackcowshop.com\/nl\/wp-json\/wp\/v2\/types\/product"}],"version-history":[{"count":2,"href":"https:\/\/www.theblackcowshop.com\/nl\/wp-json\/wp\/v2\/product\/31082\/revisions"}],"predecessor-version":[{"id":32083,"href":"https:\/\/www.theblackcowshop.com\/nl\/wp-json\/wp\/v2\/product\/31082\/revisions\/32083"}],"wp:featuredmedia":[{"embeddable":true,"href":"https:\/\/www.theblackcowshop.com\/nl\/wp-json\/wp\/v2\/media\/31063"}],"wp:attachment":[{"href":"https:\/\/www.theblackcowshop.com\/nl\/wp-json\/wp\/v2\/media?parent=31082"}],"wp:term":[{"taxonomy":"brand","embeddable":true,"href":"https:\/\/www.theblackcowshop.com\/nl\/wp-json\/wp\/v2\/etheme_brands?post=31082"},{"taxonomy":"product_brand","embeddable":true,"href":"https:\/\/www.theblackcowshop.com\/nl\/wp-json\/wp\/v2\/product_brand?post=31082"},{"taxonomy":"product_cat","embeddable":true,"href":"https:\/\/www.theblackcowshop.com\/nl\/wp-json\/wp\/v2\/product_cat?post=31082"},{"taxonomy":"product_tag","embeddable":true,"href":"https:\/\/www.theblackcowshop.com\/nl\/wp-json\/wp\/v2\/product_tag?post=31082"}],"curies":[{"name":"wp","href":"https:\/\/api.w.org\/{rel}","templated":true}]}}