{"id":31085,"date":"2025-09-17T13:58:53","date_gmt":"2025-09-17T11:58:53","guid":{"rendered":"https:\/\/www.theblackcowshop.com\/?post_type=product&#038;p=31085"},"modified":"2026-04-04T12:57:34","modified_gmt":"2026-04-04T10:57:34","slug":"lait-de-coco-concentre-sucre-210g-biona","status":"publish","type":"product","link":"https:\/\/www.theblackcowshop.com\/nl\/product\/lait-de-coco-concentre-sucre-210g-biona\/","title":{"rendered":"Lait De Coco Concentr\u00e9 Sucr\u00e9 210g &#8211; Biona"},"content":{"rendered":"<p><span style=\"text-decoration: underline\">Ingr\u00e9dients<\/span> : Lait de Coco* (75%), Sucre de Canne* (25%).<\/p>\n<p><em>\u00c0 conserver dans un endroit frais et sec.<\/em><\/p>\n<p><span style=\"text-decoration: underline\">Valeurs nutritionnelles pour 100g<\/span> :<br \/>\n\u00c9nergie 1842 kJ \/ 440 kcal<br \/>\nLipides 27 g<br \/>\ndont satur\u00e9s 25 g<br \/>\nGlucides 44 g<br \/>\ndont sucres 34 g<br \/>\nFibre 1 g<br \/>\nProt\u00e9ines 5.3 g<br \/>\nSel 0.05 g<\/p>\n<p>Produit en ANGLETERRE par BIONA<\/p>","protected":false},"excerpt":{"rendered":"<p>Ingr\u00e9dients : Lait de Coco* (75%), Sucre de Canne* (25%). \u00c0 conserver dans un endroit frais et sec. Valeurs nutritionnelles pour 100g : \u00c9nergie 1842&#8230;<\/p>","protected":false},"featured_media":31066,"template":"","meta":{"_acf_changed":false},"etheme_brands":[{"term_id":479,"name":"Biona","slug":"biona","term_group":0,"term_taxonomy_id":479,"taxonomy":"brand","description":"","parent":0,"count":3,"filter":"raw"}],"product_brand":[],"product_cat":[728,715,15,372],"product_tag":[],"class_list":{"0":"post-31085","1":"product","2":"type-product","3":"status-publish","4":"has-post-thumbnail","6":"brand-biona","7":"product_cat-aides-culinaires-vegan","8":"product_cat-conserves-vegan","9":"product_cat-tout","10":"product_cat-epicerie-vegan","12":"first","13":"instock","14":"taxable","15":"shipping-taxable","16":"purchasable","17":"product-type-simple"},"supplier_id":null,"supplier_sku":"","barcode":null,"atum_controlled":false,"out_stock_date":null,"out_stock_threshold":null,"inheritable":false,"inbound_stock":null,"stock_on_hold":0,"sold_today":0,"sales_last_days":0,"reserved_stock":null,"customer_returns":null,"warehouse_damage":null,"lost_in_post":null,"other_logs":null,"out_stock_days":0,"lost_sales":0,"has_location":null,"update_date":"2026-04-17T00:03:49","atum_locations":[],"atum_stock_status":"instock","restock_status":false,"low_stock_amount":"","sales_update_date":"2026-04-17T00:03:49","calc_backorders":null,"acf":[],"_links":{"self":[{"href":"https:\/\/www.theblackcowshop.com\/nl\/wp-json\/wp\/v2\/product\/31085","targetHints":{"allow":["GET"]}}],"collection":[{"href":"https:\/\/www.theblackcowshop.com\/nl\/wp-json\/wp\/v2\/product"}],"about":[{"href":"https:\/\/www.theblackcowshop.com\/nl\/wp-json\/wp\/v2\/types\/product"}],"version-history":[{"count":2,"href":"https:\/\/www.theblackcowshop.com\/nl\/wp-json\/wp\/v2\/product\/31085\/revisions"}],"predecessor-version":[{"id":32084,"href":"https:\/\/www.theblackcowshop.com\/nl\/wp-json\/wp\/v2\/product\/31085\/revisions\/32084"}],"wp:featuredmedia":[{"embeddable":true,"href":"https:\/\/www.theblackcowshop.com\/nl\/wp-json\/wp\/v2\/media\/31066"}],"wp:attachment":[{"href":"https:\/\/www.theblackcowshop.com\/nl\/wp-json\/wp\/v2\/media?parent=31085"}],"wp:term":[{"taxonomy":"brand","embeddable":true,"href":"https:\/\/www.theblackcowshop.com\/nl\/wp-json\/wp\/v2\/etheme_brands?post=31085"},{"taxonomy":"product_brand","embeddable":true,"href":"https:\/\/www.theblackcowshop.com\/nl\/wp-json\/wp\/v2\/product_brand?post=31085"},{"taxonomy":"product_cat","embeddable":true,"href":"https:\/\/www.theblackcowshop.com\/nl\/wp-json\/wp\/v2\/product_cat?post=31085"},{"taxonomy":"product_tag","embeddable":true,"href":"https:\/\/www.theblackcowshop.com\/nl\/wp-json\/wp\/v2\/product_tag?post=31085"}],"curies":[{"name":"wp","href":"https:\/\/api.w.org\/{rel}","templated":true}]}}