{"id":31096,"date":"2025-09-17T14:13:46","date_gmt":"2025-09-17T12:13:46","guid":{"rendered":"https:\/\/www.theblackcowshop.com\/?post_type=product&#038;p=31096"},"modified":"2026-04-25T12:02:23","modified_gmt":"2026-04-25T10:02:23","slug":"pains-au-chocolat-vegan-x6-270g-la-boulangere","status":"publish","type":"product","link":"https:\/\/www.theblackcowshop.com\/nl\/product\/pains-au-chocolat-vegan-x6-270g-la-boulangere\/","title":{"rendered":"Pains Au Chocolat Vegan x6 270g &#8211; La Boulang\u00e8re"},"content":{"rendered":"<p><span style=\"text-decoration: underline\">Ingr\u00e9dients<\/span> : Farine de <span style=\"text-decoration: underline\"><strong>bl\u00e9<\/strong><\/span>* 39 %, chocolat 17 % (sucre, p\u00e2te de cacao, beurre de cacao, \u00e9mulsifiant : l\u00e9cithines, ar\u00f4me naturel de vanille*), eau, mati\u00e8re grasse de karit\u00e9 9,3 %, huile de tournesol 7,4 %, sucre, levain (eau, farines de <span style=\"text-decoration: underline\"><strong>bl\u00e9<\/strong><\/span>* 1,8 % et de <span style=\"text-decoration: underline\"><strong>seigle<\/strong><\/span>, levures), huile de colza 2,1 %, levure, \u00e9mulsifiant : mono- et diglyc\u00e9rides d\u2019acides gras (origine v\u00e9g\u00e9tale), sel, <span style=\"text-decoration: underline\"><strong>gluten de bl\u00e9<\/strong><\/span>, ar\u00f4me naturel de vanille (<span style=\"text-decoration: underline\"><strong>contient alcool<\/strong><\/span>), prot\u00e9ines v\u00e9g\u00e9tales, ar\u00f4me naturel, colorant : carot\u00e9no\u00efdes, antioxydant : extrait d\u2019ac\u00e9rola.<\/p>\n<p><em><strong><span style=\"text-decoration: underline\">Allerg\u00e8nes<\/span> : Contient du bl\u00e9, seigle, gluten. Peut contenir des traces de soja, de lait et d&rsquo;\u0153ufs. <\/strong><\/em><\/p>\n<p><em>Contient de l&rsquo;alcool.<\/em><\/p>\n<p><em>\u00c0 conserver dans un endroit sec et \u00e0 temp\u00e9rature ambiante.<br \/>\n<strong>Peut-\u00eatre congel\u00e9<\/strong> : 3 jours dans le compartiment \u00e0 glace de votre r\u00e9frig\u00e9rateur \/ <strong>Pendant 6 mois au cong\u00e9lateur (-18\u00b0C)<\/strong><\/em><\/p>\n<p><span style=\"text-decoration: underline\">Conseils de d\u00e9gustation<\/span> :<br \/>\n* Au four : Pr\u00e9chauffez votre four \u00e0 180\u00b0C. Au pr\u00e9alable, \u00f4tez l&#8217;emballage individuel puis d\u00e9posez les pains au chocolat vegan sur une plaque recouverte de papier cuisson. Enfournez \u00e0 mi-hauteur. Laissez cuire pendant 6 \u00e0 7 minutes tout en surveillant.<br \/>\n* Au micro-ondes : Au pr\u00e9alable, \u00f4tez l&#8217;emballage individuel de chaque pain au chocolat vegan, puis r\u00e9chauffez les pendant 20 secondes \u00e0 750w.<\/p>\n<p><span style=\"text-decoration: underline\">Valeurs nutritionnelles pour 100 g<\/span> :<br \/>\nEnergie 1823 kJ \/ 437 kcal<br \/>\nMati\u00e8res grasses 25 g<br \/>\ndont acide gras satur\u00e9s 10 g<br \/>\nGlucides 45 g<br \/>\ndont sucres 14 g<br \/>\nFibres alimentaires 2,8 g<br \/>\nProt\u00e9ines 6,5 g<br \/>\nSel 0,84 g<\/p>\n<p>Produit en FRANCE par LA BOULANG\u00c8RE<\/p>","protected":false},"excerpt":{"rendered":"<p>Ingr\u00e9dients : Farine de bl\u00e9* 39 %, chocolat 17 % (sucre, p\u00e2te de cacao, beurre de cacao, \u00e9mulsifiant : l\u00e9cithines, ar\u00f4me naturel de vanille*), eau,&#8230;<\/p>","protected":false},"featured_media":31073,"template":"","meta":{"_acf_changed":false},"etheme_brands":[{"term_id":673,"name":"La Boulang\u00e8re","slug":"la-boulangere","term_group":0,"term_taxonomy_id":673,"taxonomy":"brand","description":"","parent":0,"count":2,"filter":"raw"}],"product_brand":[],"product_cat":[613,15,372],"product_tag":[],"class_list":{"0":"post-31096","1":"product","2":"type-product","3":"status-publish","4":"has-post-thumbnail","6":"brand-la-boulangere","7":"product_cat-boulangerie-vegan","8":"product_cat-tout","9":"product_cat-epicerie-vegan","11":"first","12":"outofstock","13":"taxable","14":"shipping-taxable","15":"purchasable","16":"product-type-simple"},"supplier_id":null,"supplier_sku":"","barcode":null,"atum_controlled":false,"out_stock_date":null,"out_stock_threshold":null,"inheritable":false,"inbound_stock":null,"stock_on_hold":0,"sold_today":0,"sales_last_days":0,"reserved_stock":null,"customer_returns":null,"warehouse_damage":null,"lost_in_post":null,"other_logs":null,"out_stock_days":0,"lost_sales":0,"has_location":null,"update_date":"2026-04-25T10:02:25","atum_locations":[],"atum_stock_status":"outofstock","restock_status":false,"low_stock_amount":"","sales_update_date":"2026-04-25T00:11:33","calc_backorders":null,"acf":[],"_links":{"self":[{"href":"https:\/\/www.theblackcowshop.com\/nl\/wp-json\/wp\/v2\/product\/31096","targetHints":{"allow":["GET"]}}],"collection":[{"href":"https:\/\/www.theblackcowshop.com\/nl\/wp-json\/wp\/v2\/product"}],"about":[{"href":"https:\/\/www.theblackcowshop.com\/nl\/wp-json\/wp\/v2\/types\/product"}],"version-history":[{"count":2,"href":"https:\/\/www.theblackcowshop.com\/nl\/wp-json\/wp\/v2\/product\/31096\/revisions"}],"predecessor-version":[{"id":32086,"href":"https:\/\/www.theblackcowshop.com\/nl\/wp-json\/wp\/v2\/product\/31096\/revisions\/32086"}],"wp:featuredmedia":[{"embeddable":true,"href":"https:\/\/www.theblackcowshop.com\/nl\/wp-json\/wp\/v2\/media\/31073"}],"wp:attachment":[{"href":"https:\/\/www.theblackcowshop.com\/nl\/wp-json\/wp\/v2\/media?parent=31096"}],"wp:term":[{"taxonomy":"brand","embeddable":true,"href":"https:\/\/www.theblackcowshop.com\/nl\/wp-json\/wp\/v2\/etheme_brands?post=31096"},{"taxonomy":"product_brand","embeddable":true,"href":"https:\/\/www.theblackcowshop.com\/nl\/wp-json\/wp\/v2\/product_brand?post=31096"},{"taxonomy":"product_cat","embeddable":true,"href":"https:\/\/www.theblackcowshop.com\/nl\/wp-json\/wp\/v2\/product_cat?post=31096"},{"taxonomy":"product_tag","embeddable":true,"href":"https:\/\/www.theblackcowshop.com\/nl\/wp-json\/wp\/v2\/product_tag?post=31096"}],"curies":[{"name":"wp","href":"https:\/\/api.w.org\/{rel}","templated":true}]}}