{"id":31103,"date":"2025-09-17T14:19:52","date_gmt":"2025-09-17T12:19:52","guid":{"rendered":"https:\/\/www.theblackcowshop.com\/?post_type=product&#038;p=31103"},"modified":"2026-04-14T14:10:26","modified_gmt":"2026-04-14T12:10:26","slug":"croquetas-au-bacon-vegetal-140g-apero-vegan-la-vie","status":"publish","type":"product","link":"https:\/\/www.theblackcowshop.com\/nl\/product\/croquetas-au-bacon-vegetal-140g-apero-vegan-la-vie\/","title":{"rendered":"Croquetas Au Bacon V\u00e9g\u00e9tal 140g &#8211; Ap\u00e9ro Vegan &#8211; LaVieFood"},"content":{"rendered":"<p><span style=\"text-decoration: underline\">Ingr\u00e9dients<\/span> : Eau, farine de\u00a0<span style=\"text-decoration: underline\"><strong>bl\u00e9<\/strong><\/span>\u00a032%, huile tournesol, prot\u00e9ines de\u00a0<span style=\"text-decoration: underline\"><strong>soja<\/strong><\/span>\u00a0r\u00e9hydrat\u00e9es 7%, amidon de tapioca, correcteur d\u2019acidit\u00e9 : ac\u00e9tates de potassium, levure, conservateur : vinaigre tamponn\u00e9, colorant : anthocyanes, sel, ar\u00f4mes naturels, \u00e9pices<\/p>\n<p><em><strong><span style=\"text-decoration: underline\">Allerg\u00e8nes<\/span> : Contient du bl\u00e9, gluten et soja. Fabriqu\u00e9 dans un atelier qui utilise du lait, des \u0153ufs, du poisson, des crustac\u00e9s et du gluten.<\/strong><\/em><\/p>\n<p><em>\u00c0 conserver au r\u00e9frig\u00e9rateur.<br \/>\n\u00c0 consommer imm\u00e9diatement apr\u00e8s ouverture.<\/em><\/p>\n<p><span style=\"text-decoration: underline\">Conseil de pr\u00e9paration<\/span>\u00a0:<br \/>\n* Dans un four pr\u00e9chauff\u00e9 \u00e0 220\u00b0C, enfournez pendant 10 minutes<br \/>\n* Dans un airfryer pr\u00e9chauff\u00e9 \u00e0 200\u00b0C, r\u00e9chauffez pendant 6 minutes<\/p>\n<div class=\"valeurs-nutritionnelles\"><span style=\"text-decoration: underline\">Valeurs nutritionnelles pour 100g<\/span> :<br \/>\nEnergie <span class=\"unite\">1318 kJ \/ 316 kcal<br \/>\n<\/span>Mati\u00e8res grasses <span class=\"unite\">19 g<\/span><\/div>\n<div class=\"valeurs-nutritionnelles\">\n<div class=\"dont\">dont acide gras satur\u00e9s <span class=\"unite\">1.6 g<br \/>\n<\/span>Glucides <span class=\"unite\">28 g<br \/>\n<\/span>dont sucres <span class=\"unite\">2.3 g<\/span><\/div>\n<\/div>\n<div class=\"valeurs-nutritionnelles\">Fibres alimentaires <span class=\"unite\">2.3 g<\/span><\/div>\n<div class=\"valeurs-nutritionnelles\">Prot\u00e9ines <span class=\"unite\">6.5 g<\/span><\/div>\n<div class=\"valeurs-nutritionnelles\">Sel <span class=\"unite\">1.9 g<\/span><\/div>\n<div><\/div>\n<div>Produit en FRANCE par LA VIE<\/div>","protected":false},"excerpt":{"rendered":"<p>Ingr\u00e9dients : Eau, farine de\u00a0bl\u00e9\u00a032%, huile tournesol, prot\u00e9ines de\u00a0soja\u00a0r\u00e9hydrat\u00e9es 7%, amidon de tapioca, correcteur d\u2019acidit\u00e9 : ac\u00e9tates de potassium, levure, conservateur : vinaigre tamponn\u00e9, colorant&#8230;<\/p>","protected":false},"featured_media":31078,"template":"","meta":{"_acf_changed":false},"etheme_brands":[{"term_id":489,"name":"La Vie Foods","slug":"la-vie-foods","term_group":0,"term_taxonomy_id":489,"taxonomy":"brand","description":"","parent":0,"count":16,"filter":"raw"}],"product_brand":[],"product_cat":[710,15,375],"product_tag":[],"class_list":{"0":"post-31103","1":"product","2":"type-product","3":"status-publish","4":"has-post-thumbnail","6":"brand-la-vie-foods","7":"product_cat-alternative-vegan-viande","8":"product_cat-tout","9":"product_cat-alternative-vegan-viande-boucherie","11":"first","12":"outofstock","13":"taxable","14":"shipping-taxable","15":"purchasable","16":"product-type-simple"},"supplier_id":null,"supplier_sku":"","barcode":null,"atum_controlled":false,"out_stock_date":null,"out_stock_threshold":null,"inheritable":false,"inbound_stock":null,"stock_on_hold":0,"sold_today":0,"sales_last_days":0,"reserved_stock":null,"customer_returns":null,"warehouse_damage":null,"lost_in_post":null,"other_logs":null,"out_stock_days":0,"lost_sales":0,"has_location":null,"update_date":"2026-04-21T00:06:57","atum_locations":[],"atum_stock_status":"outofstock","restock_status":false,"low_stock_amount":"","sales_update_date":"2026-04-21T00:06:57","calc_backorders":null,"acf":[],"_links":{"self":[{"href":"https:\/\/www.theblackcowshop.com\/nl\/wp-json\/wp\/v2\/product\/31103","targetHints":{"allow":["GET"]}}],"collection":[{"href":"https:\/\/www.theblackcowshop.com\/nl\/wp-json\/wp\/v2\/product"}],"about":[{"href":"https:\/\/www.theblackcowshop.com\/nl\/wp-json\/wp\/v2\/types\/product"}],"version-history":[{"count":3,"href":"https:\/\/www.theblackcowshop.com\/nl\/wp-json\/wp\/v2\/product\/31103\/revisions"}],"predecessor-version":[{"id":32249,"href":"https:\/\/www.theblackcowshop.com\/nl\/wp-json\/wp\/v2\/product\/31103\/revisions\/32249"}],"wp:featuredmedia":[{"embeddable":true,"href":"https:\/\/www.theblackcowshop.com\/nl\/wp-json\/wp\/v2\/media\/31078"}],"wp:attachment":[{"href":"https:\/\/www.theblackcowshop.com\/nl\/wp-json\/wp\/v2\/media?parent=31103"}],"wp:term":[{"taxonomy":"brand","embeddable":true,"href":"https:\/\/www.theblackcowshop.com\/nl\/wp-json\/wp\/v2\/etheme_brands?post=31103"},{"taxonomy":"product_brand","embeddable":true,"href":"https:\/\/www.theblackcowshop.com\/nl\/wp-json\/wp\/v2\/product_brand?post=31103"},{"taxonomy":"product_cat","embeddable":true,"href":"https:\/\/www.theblackcowshop.com\/nl\/wp-json\/wp\/v2\/product_cat?post=31103"},{"taxonomy":"product_tag","embeddable":true,"href":"https:\/\/www.theblackcowshop.com\/nl\/wp-json\/wp\/v2\/product_tag?post=31103"}],"curies":[{"name":"wp","href":"https:\/\/api.w.org\/{rel}","templated":true}]}}