{"id":31123,"date":"2025-09-18T21:37:11","date_gmt":"2025-09-18T19:37:11","guid":{"rendered":"https:\/\/www.theblackcowshop.com\/?post_type=product&#038;p=31123"},"modified":"2026-04-14T13:22:54","modified_gmt":"2026-04-14T11:22:54","slug":"gondino-rape-150g-style-parmesan-rape-vegan-pangea-food","status":"publish","type":"product","link":"https:\/\/www.theblackcowshop.com\/nl\/product\/gondino-rape-150g-style-parmesan-rape-vegan-pangea-food\/","title":{"rendered":"Gondino R\u00e2p\u00e9 150g &#8211; Style Parmesan R\u00e2p\u00e9 Vegan &#8211; Pangea Food"},"content":{"rendered":"<p><span style=\"text-decoration: underline\">Ingr\u00e9dients<\/span> : Eau, f\u00e9cule de pomme de terre, huile de coco, farine de pois chiche, levure nutritionnelle, sel, ar\u00f4mes naturels<\/p>\n<div>\n<p><strong><span style=\"text-decoration: underline\">Allerg\u00e8nes<\/span> : Peut contenir des traces de : SOJA, FRUITS A COQUE, SESAME.<\/strong><\/p>\n<p><em>\u00c0 conserver au frais \u00e0 +4\u00b0C.<\/em><\/p>\n<p><span style=\"text-decoration: underline\">Valeurs nutritionnelles pour 100g<\/span> :<\/p>\n<\/div>\n<div class=\"nutrition-table\">\n<div class=\"nutrition-line\"><span class=\"label\">Energie <\/span><span class=\"value\">1350 kJ \/ 326 kcal<\/span><\/div>\n<div class=\"nutrition-line\"><span class=\"label\">Mati\u00e8res grasses <\/span><span class=\"value\">22g<\/span><\/div>\n<div class=\"nutrition-line\"><span class=\"label\">dont satur\u00e9es <\/span><span class=\"value\">19g<\/span><\/div>\n<div class=\"nutrition-line\"><span class=\"label\">Glucides <\/span><span class=\"value\">26.7g<\/span><\/div>\n<div class=\"nutrition-line\"><span class=\"label\">dont sucres <\/span><span class=\"value\">0.8g<\/span><\/div>\n<div class=\"nutrition-line\"><span class=\"label\">Prot\u00e9ines <\/span><span class=\"value\">5.7g<\/span><\/div>\n<div class=\"nutrition-line\"><span class=\"label\">Sel <\/span><span class=\"value\">2.1g<\/span><\/div>\n<div><\/div>\n<div class=\"nutrition-line\">Produit en ITALIE par PANGEA FOOD<\/div>\n<\/div>","protected":false},"excerpt":{"rendered":"<p>Ingr\u00e9dients : Eau, f\u00e9cule de pomme de terre, huile de coco, farine de pois chiche, levure nutritionnelle, sel, ar\u00f4mes naturels Allerg\u00e8nes : Peut contenir des&#8230;<\/p>","protected":false},"featured_media":31124,"template":"","meta":{"_acf_changed":false},"etheme_brands":[{"term_id":444,"name":"Pangea Food","slug":"pangea-food","term_group":0,"term_taxonomy_id":444,"taxonomy":"brand","description":"","parent":0,"count":6,"filter":"raw"}],"product_brand":[],"product_cat":[738,736,15,702,370],"product_tag":[],"class_list":{"0":"post-31123","1":"product","2":"type-product","3":"status-publish","4":"has-post-thumbnail","6":"brand-pangea-food","7":"product_cat-alternative-vegan-fromage-affine","8":"product_cat-alternative-vegan-fromage-rape","9":"product_cat-tout","10":"product_cat-nouveau","11":"product_cat-alternatives-vegan-fromage","13":"first","14":"instock","15":"taxable","16":"shipping-taxable","17":"purchasable","18":"product-type-simple"},"supplier_id":null,"supplier_sku":"","barcode":null,"atum_controlled":false,"out_stock_date":null,"out_stock_threshold":null,"inheritable":false,"inbound_stock":null,"stock_on_hold":0,"sold_today":0,"sales_last_days":1,"reserved_stock":null,"customer_returns":null,"warehouse_damage":null,"lost_in_post":null,"other_logs":null,"out_stock_days":0,"lost_sales":0,"has_location":null,"update_date":"2026-04-17T00:03:50","atum_locations":[],"atum_stock_status":"instock","restock_status":false,"low_stock_amount":"","sales_update_date":"2026-04-17T00:03:50","calc_backorders":null,"acf":[],"_links":{"self":[{"href":"https:\/\/www.theblackcowshop.com\/nl\/wp-json\/wp\/v2\/product\/31123","targetHints":{"allow":["GET"]}}],"collection":[{"href":"https:\/\/www.theblackcowshop.com\/nl\/wp-json\/wp\/v2\/product"}],"about":[{"href":"https:\/\/www.theblackcowshop.com\/nl\/wp-json\/wp\/v2\/types\/product"}],"version-history":[{"count":2,"href":"https:\/\/www.theblackcowshop.com\/nl\/wp-json\/wp\/v2\/product\/31123\/revisions"}],"predecessor-version":[{"id":32351,"href":"https:\/\/www.theblackcowshop.com\/nl\/wp-json\/wp\/v2\/product\/31123\/revisions\/32351"}],"wp:featuredmedia":[{"embeddable":true,"href":"https:\/\/www.theblackcowshop.com\/nl\/wp-json\/wp\/v2\/media\/31124"}],"wp:attachment":[{"href":"https:\/\/www.theblackcowshop.com\/nl\/wp-json\/wp\/v2\/media?parent=31123"}],"wp:term":[{"taxonomy":"brand","embeddable":true,"href":"https:\/\/www.theblackcowshop.com\/nl\/wp-json\/wp\/v2\/etheme_brands?post=31123"},{"taxonomy":"product_brand","embeddable":true,"href":"https:\/\/www.theblackcowshop.com\/nl\/wp-json\/wp\/v2\/product_brand?post=31123"},{"taxonomy":"product_cat","embeddable":true,"href":"https:\/\/www.theblackcowshop.com\/nl\/wp-json\/wp\/v2\/product_cat?post=31123"},{"taxonomy":"product_tag","embeddable":true,"href":"https:\/\/www.theblackcowshop.com\/nl\/wp-json\/wp\/v2\/product_tag?post=31123"}],"curies":[{"name":"wp","href":"https:\/\/api.w.org\/{rel}","templated":true}]}}