{"id":31189,"date":"2025-10-02T16:47:34","date_gmt":"2025-10-02T14:47:34","guid":{"rendered":"https:\/\/www.theblackcowshop.com\/?post_type=product&#038;p=31189"},"modified":"2026-04-04T12:57:16","modified_gmt":"2026-04-04T10:57:16","slug":"sel-noir-kala-namak-100g-ecoidees","status":"publish","type":"product","link":"https:\/\/www.theblackcowshop.com\/nl\/product\/sel-noir-kala-namak-100g-ecoidees\/","title":{"rendered":"Sel Noir Kala Namak 100g &#8211; Ecoid\u00e9es"},"content":{"rendered":"<p><span style=\"text-decoration: underline\">Ingr\u00e9dients<\/span> :\u00a0<span class=\"PBLongTxt PBItemDesc\">Sel noir de l&rsquo;Himalaya Kala Namak.<\/span><\/p>\n<p><span class=\"PBLongTxt PBItemDesc\">Origine : Pakistan.<\/span><\/p>\n<p><em>\u00c0 conserver au sec et \u00e0 l&rsquo;abri de la chaleur.<\/em><\/p>","protected":false},"excerpt":{"rendered":"<p>Le sel de Kala Namak a naturellement un go\u00fbt d&rsquo;oeuf par sa nature souffr\u00e9e. Il s&rsquo;utilise dans les recettes d&rsquo;oeufs brouill\u00e9s ou omelette v\u00e9g\u00e9tale en le m\u00e9langeant par exemple avec de la farine de pois chiche ou encore du tofu soyeux.<\/p>","protected":false},"featured_media":31199,"template":"","meta":{"_acf_changed":false},"etheme_brands":[{"term_id":675,"name":"Ecoid\u00e9es","slug":"ecoidees","term_group":0,"term_taxonomy_id":675,"taxonomy":"brand","description":"","parent":0,"count":3,"filter":"raw"}],"product_brand":[],"product_cat":[395,15,372],"product_tag":[],"class_list":{"0":"post-31189","1":"product","2":"type-product","3":"status-publish","4":"has-post-thumbnail","6":"brand-ecoidees","7":"product_cat-sauces-condiments-vegan","8":"product_cat-tout","9":"product_cat-epicerie-vegan","11":"first","12":"instock","13":"taxable","14":"shipping-taxable","15":"purchasable","16":"product-type-simple"},"supplier_id":null,"supplier_sku":"","barcode":null,"atum_controlled":false,"out_stock_date":null,"out_stock_threshold":null,"inheritable":false,"inbound_stock":null,"stock_on_hold":0,"sold_today":0,"sales_last_days":0,"reserved_stock":null,"customer_returns":null,"warehouse_damage":null,"lost_in_post":null,"other_logs":null,"out_stock_days":0,"lost_sales":0,"has_location":null,"update_date":"2026-04-17T00:03:49","atum_locations":[],"atum_stock_status":"instock","restock_status":false,"low_stock_amount":"","sales_update_date":"2026-04-17T00:03:49","calc_backorders":null,"acf":[],"_links":{"self":[{"href":"https:\/\/www.theblackcowshop.com\/nl\/wp-json\/wp\/v2\/product\/31189","targetHints":{"allow":["GET"]}}],"collection":[{"href":"https:\/\/www.theblackcowshop.com\/nl\/wp-json\/wp\/v2\/product"}],"about":[{"href":"https:\/\/www.theblackcowshop.com\/nl\/wp-json\/wp\/v2\/types\/product"}],"version-history":[{"count":2,"href":"https:\/\/www.theblackcowshop.com\/nl\/wp-json\/wp\/v2\/product\/31189\/revisions"}],"predecessor-version":[{"id":31322,"href":"https:\/\/www.theblackcowshop.com\/nl\/wp-json\/wp\/v2\/product\/31189\/revisions\/31322"}],"wp:featuredmedia":[{"embeddable":true,"href":"https:\/\/www.theblackcowshop.com\/nl\/wp-json\/wp\/v2\/media\/31199"}],"wp:attachment":[{"href":"https:\/\/www.theblackcowshop.com\/nl\/wp-json\/wp\/v2\/media?parent=31189"}],"wp:term":[{"taxonomy":"brand","embeddable":true,"href":"https:\/\/www.theblackcowshop.com\/nl\/wp-json\/wp\/v2\/etheme_brands?post=31189"},{"taxonomy":"product_brand","embeddable":true,"href":"https:\/\/www.theblackcowshop.com\/nl\/wp-json\/wp\/v2\/product_brand?post=31189"},{"taxonomy":"product_cat","embeddable":true,"href":"https:\/\/www.theblackcowshop.com\/nl\/wp-json\/wp\/v2\/product_cat?post=31189"},{"taxonomy":"product_tag","embeddable":true,"href":"https:\/\/www.theblackcowshop.com\/nl\/wp-json\/wp\/v2\/product_tag?post=31189"}],"curies":[{"name":"wp","href":"https:\/\/api.w.org\/{rel}","templated":true}]}}