{"id":31203,"date":"2025-10-02T16:55:00","date_gmt":"2025-10-02T14:55:00","guid":{"rendered":"https:\/\/www.theblackcowshop.com\/?post_type=product&#038;p=31203"},"modified":"2026-03-20T16:03:39","modified_gmt":"2026-03-20T15:03:39","slug":"ravioli-farci-bolognaise-250g-dangelo","status":"publish","type":"product","link":"https:\/\/www.theblackcowshop.com\/nl\/product\/ravioli-farci-bolognaise-250g-dangelo\/","title":{"rendered":"Ravioli Far\u00e7i Bolognaise 250g &#8211; D&rsquo;Angelo"},"content":{"rendered":"<p><span style=\"text-decoration: underline\">Ingr\u00e9dients<\/span> : Semoule de\u00a0<span style=\"text-decoration: underline\"><strong>bl\u00e9<\/strong><\/span>\u00a0dur*, eau, 5% de prot\u00e9ines de pois textur\u00e9es* (concentr\u00e9 de prot\u00e9ines de pois*, sel),\u00a0<span style=\"text-decoration: underline\"><strong>chapelure<\/strong><\/span>* (farine de\u00a0<span style=\"text-decoration: underline\"><strong>bl\u00e9<\/strong><\/span>*,<strong>\u00a0<span style=\"text-decoration: underline\">levure<\/span><\/strong>*), flocons de pommes de terre*, huile de tournesol*, 2,2% de poudre de tomate*, lentilles rouges moulues*,\u00a0<span style=\"text-decoration: underline\"><strong>c\u00e9leri<\/strong><\/span>*, sel marin, carotte*, poireau*, oignon*, ail*, basilic*, origan*, thym*, poivre*<\/p>\n<p>*issu de l&rsquo;agriculture biologique.<\/p>\n<p><em><strong><span style=\"text-decoration: underline\">Allerg\u00e8nes<\/span> : Contient du bl\u00e9, gluten et c\u00e9leri. Peut contenir des traces de soja et de lait.<\/strong><\/em><\/p>\n<p><em>Une fois ouvert, \u00e0 conserver au r\u00e9frig\u00e9rateur et \u00e0 consommer rapidement.<\/em><\/p>\n<p><span style=\"text-decoration: underline\">Valeurs nutritionnelles pour 100g<\/span> :<br \/>\nEnergie 1137 kJ \/ 269 kcal<br \/>\nMati\u00e8res grasses 4.5 g<br \/>\ndont acide gras satur\u00e9s 0.70 g<br \/>\nGlucides 44 g<br \/>\ndont sucres 4.2 g<br \/>\nFibres alimentaires 5.50 g<br \/>\nProt\u00e9ines 10 g<br \/>\nSel 1.30 g<\/p>\n<p>Produit en Allemagne par D&rsquo;Angelo<\/p>","protected":false},"excerpt":{"rendered":"<p>Ingr\u00e9dients : Semoule de\u00a0bl\u00e9\u00a0dur*, eau, 5% de prot\u00e9ines de pois textur\u00e9es* (concentr\u00e9 de prot\u00e9ines de pois*, sel),\u00a0chapelure* (farine de\u00a0bl\u00e9*,\u00a0levure*), flocons de pommes de terre*, huile&#8230;<\/p>","protected":false},"featured_media":31193,"template":"","meta":{"_acf_changed":false},"etheme_brands":[{"term_id":467,"name":"D'Angelo Pasta","slug":"dangelo-pasta","term_group":0,"term_taxonomy_id":467,"taxonomy":"brand","description":"","parent":0,"count":9,"filter":"raw"}],"product_brand":[],"product_cat":[611,15,372],"product_tag":[],"class_list":{"0":"post-31203","1":"product","2":"type-product","3":"status-publish","4":"has-post-thumbnail","6":"brand-dangelo-pasta","7":"product_cat-pates-vegan","8":"product_cat-tout","9":"product_cat-epicerie-vegan","11":"first","12":"instock","13":"taxable","14":"shipping-taxable","15":"purchasable","16":"product-type-simple"},"supplier_id":null,"supplier_sku":"","barcode":null,"atum_controlled":false,"out_stock_date":null,"out_stock_threshold":null,"inheritable":false,"inbound_stock":null,"stock_on_hold":0,"sold_today":0,"sales_last_days":0,"reserved_stock":null,"customer_returns":null,"warehouse_damage":null,"lost_in_post":null,"other_logs":null,"out_stock_days":0,"lost_sales":0,"has_location":null,"update_date":"2026-04-17T00:03:48","atum_locations":[],"atum_stock_status":"instock","restock_status":false,"low_stock_amount":"","sales_update_date":"2026-04-17T00:03:48","calc_backorders":null,"acf":[],"_links":{"self":[{"href":"https:\/\/www.theblackcowshop.com\/nl\/wp-json\/wp\/v2\/product\/31203","targetHints":{"allow":["GET"]}}],"collection":[{"href":"https:\/\/www.theblackcowshop.com\/nl\/wp-json\/wp\/v2\/product"}],"about":[{"href":"https:\/\/www.theblackcowshop.com\/nl\/wp-json\/wp\/v2\/types\/product"}],"version-history":[{"count":2,"href":"https:\/\/www.theblackcowshop.com\/nl\/wp-json\/wp\/v2\/product\/31203\/revisions"}],"predecessor-version":[{"id":31285,"href":"https:\/\/www.theblackcowshop.com\/nl\/wp-json\/wp\/v2\/product\/31203\/revisions\/31285"}],"wp:featuredmedia":[{"embeddable":true,"href":"https:\/\/www.theblackcowshop.com\/nl\/wp-json\/wp\/v2\/media\/31193"}],"wp:attachment":[{"href":"https:\/\/www.theblackcowshop.com\/nl\/wp-json\/wp\/v2\/media?parent=31203"}],"wp:term":[{"taxonomy":"brand","embeddable":true,"href":"https:\/\/www.theblackcowshop.com\/nl\/wp-json\/wp\/v2\/etheme_brands?post=31203"},{"taxonomy":"product_brand","embeddable":true,"href":"https:\/\/www.theblackcowshop.com\/nl\/wp-json\/wp\/v2\/product_brand?post=31203"},{"taxonomy":"product_cat","embeddable":true,"href":"https:\/\/www.theblackcowshop.com\/nl\/wp-json\/wp\/v2\/product_cat?post=31203"},{"taxonomy":"product_tag","embeddable":true,"href":"https:\/\/www.theblackcowshop.com\/nl\/wp-json\/wp\/v2\/product_tag?post=31203"}],"curies":[{"name":"wp","href":"https:\/\/api.w.org\/{rel}","templated":true}]}}