{"id":31204,"date":"2025-10-02T16:57:19","date_gmt":"2025-10-02T14:57:19","guid":{"rendered":"https:\/\/www.theblackcowshop.com\/?post_type=product&#038;p=31204"},"modified":"2026-04-03T18:27:48","modified_gmt":"2026-04-03T16:27:48","slug":"bloc-saveur-gouda-fume-250g-green-vie","status":"publish","type":"product","link":"https:\/\/www.theblackcowshop.com\/nl\/product\/bloc-saveur-gouda-fume-250g-green-vie\/","title":{"rendered":"Bloc Saveur Gouda Fum\u00e9 250g &#8211; Green Vie"},"content":{"rendered":"<p><span style=\"text-decoration: underline\">Ingr\u00e9dients<\/span> : Eau, huile de coco (24%), amidon modifi\u00e9, sel, extrait d&rsquo;olive, r\u00e9gulateur d&rsquo;acidit\u00e9 : acide lactique, ar\u00f4mes v\u00e9g\u00e9taliens, colorant : b\u00eata-carot\u00e8ne naturel, vitamine B12.<\/p>\n<p><em>\u00c0 conserver au r\u00e9frig\u00e9rateur entre 2\u00b0C et 8\u00b0C.<\/em><\/p>\n<p><span style=\"text-decoration: underline\">Valeurs nutritionnelles pour 100g<\/span> :<br \/>\n\u00c9nergie 1288 kJ \/ 310 kcal<br \/>\nMati\u00e8res grasses 24.7 g<br \/>\n&#8211; dont acides gras satur\u00e9s 22.2 g<br \/>\n&#8211; dont acides gras trans &lt;0.01 g<br \/>\nGlucides 23.1 g<br \/>\n&#8211; dont sucres &lt;0.5 g<br \/>\nFibres &lt;0.5 g<br \/>\nProt\u00e9ines &lt;0.5 g<br \/>\nSel 1.8 g<br \/>\nVitamine B12 2.5 \u03bcg<\/p>\n<p>Produit en Gr\u00e8ce par Green Vie<\/p>","protected":false},"excerpt":{"rendered":"<p>Ingr\u00e9dients : Eau, huile de coco (24%), amidon modifi\u00e9, sel, extrait d&rsquo;olive, r\u00e9gulateur d&rsquo;acidit\u00e9 : acide lactique, ar\u00f4mes v\u00e9g\u00e9taliens, colorant : b\u00eata-carot\u00e8ne naturel, vitamine B12&#8230;.<\/p>","protected":false},"featured_media":31195,"template":"","meta":{"_acf_changed":false},"etheme_brands":[{"term_id":482,"name":"Green Vie","slug":"green-vie","term_group":0,"term_taxonomy_id":482,"taxonomy":"brand","description":"","parent":0,"count":9,"filter":"raw"}],"product_brand":[],"product_cat":[737,15,370],"product_tag":[],"class_list":{"0":"post-31204","1":"product","2":"type-product","3":"status-publish","4":"has-post-thumbnail","6":"brand-green-vie","7":"product_cat-alternative-vegan-fromage-bloc","8":"product_cat-tout","9":"product_cat-alternatives-vegan-fromage","11":"first","12":"instock","13":"taxable","14":"shipping-taxable","15":"purchasable","16":"product-type-simple"},"supplier_id":null,"supplier_sku":"","barcode":null,"atum_controlled":false,"out_stock_date":null,"out_stock_threshold":null,"inheritable":false,"inbound_stock":null,"stock_on_hold":0,"sold_today":0,"sales_last_days":0,"reserved_stock":null,"customer_returns":null,"warehouse_damage":null,"lost_in_post":null,"other_logs":null,"out_stock_days":0,"lost_sales":0,"has_location":null,"update_date":"2026-04-17T00:03:47","atum_locations":[],"atum_stock_status":"instock","restock_status":false,"low_stock_amount":"","sales_update_date":"2026-04-17T00:03:47","calc_backorders":null,"acf":[],"_links":{"self":[{"href":"https:\/\/www.theblackcowshop.com\/nl\/wp-json\/wp\/v2\/product\/31204","targetHints":{"allow":["GET"]}}],"collection":[{"href":"https:\/\/www.theblackcowshop.com\/nl\/wp-json\/wp\/v2\/product"}],"about":[{"href":"https:\/\/www.theblackcowshop.com\/nl\/wp-json\/wp\/v2\/types\/product"}],"version-history":[{"count":2,"href":"https:\/\/www.theblackcowshop.com\/nl\/wp-json\/wp\/v2\/product\/31204\/revisions"}],"predecessor-version":[{"id":31286,"href":"https:\/\/www.theblackcowshop.com\/nl\/wp-json\/wp\/v2\/product\/31204\/revisions\/31286"}],"wp:featuredmedia":[{"embeddable":true,"href":"https:\/\/www.theblackcowshop.com\/nl\/wp-json\/wp\/v2\/media\/31195"}],"wp:attachment":[{"href":"https:\/\/www.theblackcowshop.com\/nl\/wp-json\/wp\/v2\/media?parent=31204"}],"wp:term":[{"taxonomy":"brand","embeddable":true,"href":"https:\/\/www.theblackcowshop.com\/nl\/wp-json\/wp\/v2\/etheme_brands?post=31204"},{"taxonomy":"product_brand","embeddable":true,"href":"https:\/\/www.theblackcowshop.com\/nl\/wp-json\/wp\/v2\/product_brand?post=31204"},{"taxonomy":"product_cat","embeddable":true,"href":"https:\/\/www.theblackcowshop.com\/nl\/wp-json\/wp\/v2\/product_cat?post=31204"},{"taxonomy":"product_tag","embeddable":true,"href":"https:\/\/www.theblackcowshop.com\/nl\/wp-json\/wp\/v2\/product_tag?post=31204"}],"curies":[{"name":"wp","href":"https:\/\/api.w.org\/{rel}","templated":true}]}}