{"id":31209,"date":"2025-10-02T17:01:26","date_gmt":"2025-10-02T15:01:26","guid":{"rendered":"https:\/\/www.theblackcowshop.com\/?post_type=product&#038;p=31209"},"modified":"2026-03-31T13:55:32","modified_gmt":"2026-03-31T11:55:32","slug":"tranches-raclette-vegan-250g-violife","status":"publish","type":"product","link":"https:\/\/www.theblackcowshop.com\/nl\/product\/tranches-raclette-vegan-250g-violife\/","title":{"rendered":"Tranches Raclette Vegan 250g &#8211; Violife"},"content":{"rendered":"<p><span style=\"text-decoration: underline\">Ingr\u00e9dients<\/span> : Eau, Amidon modifi\u00e9, Huile de noix de coco (23%), Sel marin, Ar\u00f4mes, Extrait de Sorbier, Saveur Fum\u00e9e, Acide citrique, Extrait d&rsquo;olive, Colorant (B\u00eata-Carot\u00e8ne), Vitamine B12.<\/p>\n<p><em>\u00c0 conserver \u00e0 une temp\u00e9rature entre 4\u00b0C et 8\u00b0C. Apr\u00e8s ouverture, consommez dans les 3 jours<\/em><\/p>\n<p><span class=\"label\"><span style=\"text-decoration: underline\">Valeurs nutritionnelles pour 100g<\/span> :<br \/>\nEnergie <\/span><span class=\"value\">298 kcal \/ 1167 KJ<br \/>\n<\/span><span class=\"label\">Mati\u00e8res grasses <\/span><span class=\"value\">23g<br \/>\n<\/span><span class=\"label\">dont satur\u00e9es <\/span><span class=\"value\">20g<br \/>\n<\/span><span class=\"label\">Glucides <\/span><span class=\"value\">22g<br \/>\n<\/span><span class=\"label\">dont sucres <\/span><span class=\"value\">0g<br \/>\n<\/span><span class=\"label\">Prot\u00e9ines <\/span><span class=\"value\">0.1g<br \/>\n<\/span><span class=\"label\">Sel <\/span><span class=\"value\">2.3g<\/span><\/p>\n<p>Produit en Gr\u00e8ce par Violife<\/p>","protected":false},"excerpt":{"rendered":"<p>Ingr\u00e9dients : Eau, Amidon modifi\u00e9, Huile de noix de coco (23%), Sel marin, Ar\u00f4mes, Extrait de Sorbier, Saveur Fum\u00e9e, Acide citrique, Extrait d&rsquo;olive, Colorant (B\u00eata-Carot\u00e8ne),&#8230;<\/p>","protected":false},"featured_media":31190,"template":"","meta":{"_acf_changed":false},"etheme_brands":[{"term_id":483,"name":"Violife","slug":"violife","term_group":0,"term_taxonomy_id":483,"taxonomy":"brand","description":"","parent":0,"count":6,"filter":"raw"}],"product_brand":[],"product_cat":[740,741,15,370],"product_tag":[],"class_list":{"0":"post-31209","1":"product","2":"type-product","3":"status-publish","4":"has-post-thumbnail","6":"brand-violife","7":"product_cat-alternative-vegan-fromage-en-tranches","8":"product_cat-raclette-fondue-vegan","9":"product_cat-tout","10":"product_cat-alternatives-vegan-fromage","12":"first","13":"instock","14":"taxable","15":"shipping-taxable","16":"purchasable","17":"product-type-simple"},"supplier_id":null,"supplier_sku":"","barcode":null,"atum_controlled":false,"out_stock_date":null,"out_stock_threshold":null,"inheritable":false,"inbound_stock":null,"stock_on_hold":0,"sold_today":0,"sales_last_days":0,"reserved_stock":null,"customer_returns":null,"warehouse_damage":null,"lost_in_post":null,"other_logs":null,"out_stock_days":0,"lost_sales":0,"has_location":null,"update_date":"2026-04-18T00:04:11","atum_locations":[],"atum_stock_status":"instock","restock_status":false,"low_stock_amount":"","sales_update_date":"2026-04-18T00:04:11","calc_backorders":null,"acf":[],"_links":{"self":[{"href":"https:\/\/www.theblackcowshop.com\/nl\/wp-json\/wp\/v2\/product\/31209","targetHints":{"allow":["GET"]}}],"collection":[{"href":"https:\/\/www.theblackcowshop.com\/nl\/wp-json\/wp\/v2\/product"}],"about":[{"href":"https:\/\/www.theblackcowshop.com\/nl\/wp-json\/wp\/v2\/types\/product"}],"version-history":[{"count":2,"href":"https:\/\/www.theblackcowshop.com\/nl\/wp-json\/wp\/v2\/product\/31209\/revisions"}],"predecessor-version":[{"id":31287,"href":"https:\/\/www.theblackcowshop.com\/nl\/wp-json\/wp\/v2\/product\/31209\/revisions\/31287"}],"wp:featuredmedia":[{"embeddable":true,"href":"https:\/\/www.theblackcowshop.com\/nl\/wp-json\/wp\/v2\/media\/31190"}],"wp:attachment":[{"href":"https:\/\/www.theblackcowshop.com\/nl\/wp-json\/wp\/v2\/media?parent=31209"}],"wp:term":[{"taxonomy":"brand","embeddable":true,"href":"https:\/\/www.theblackcowshop.com\/nl\/wp-json\/wp\/v2\/etheme_brands?post=31209"},{"taxonomy":"product_brand","embeddable":true,"href":"https:\/\/www.theblackcowshop.com\/nl\/wp-json\/wp\/v2\/product_brand?post=31209"},{"taxonomy":"product_cat","embeddable":true,"href":"https:\/\/www.theblackcowshop.com\/nl\/wp-json\/wp\/v2\/product_cat?post=31209"},{"taxonomy":"product_tag","embeddable":true,"href":"https:\/\/www.theblackcowshop.com\/nl\/wp-json\/wp\/v2\/product_tag?post=31209"}],"curies":[{"name":"wp","href":"https:\/\/api.w.org\/{rel}","templated":true}]}}