{"id":31213,"date":"2025-06-20T00:22:37","date_gmt":"2025-06-19T22:22:37","guid":{"rendered":"https:\/\/www.theblackcowshop.com\/?post_type=product&#038;p=31213"},"modified":"2026-04-04T12:47:49","modified_gmt":"2026-04-04T10:47:49","slug":"gondino-arome-truffe-150g-alternative-vegan-parmesan-2","status":"publish","type":"product","link":"https:\/\/www.theblackcowshop.com\/nl\/product\/gondino-arome-truffe-150g-alternative-vegan-parmesan-2\/","title":{"rendered":"Gondino Ar\u00f4me Truffe 150g &#8211; Alternative Vegan Parmesan"},"content":{"rendered":"<p><span style=\"text-decoration: underline\">Ingr\u00e9dients<\/span> : Eau, f\u00e9cule de pomme de terre, huile de coco, farine de pois chiches 11%, levure nutritionnelle, sel marin, champignons de Paris s\u00e9ch\u00e9s, ar\u00f4mes naturels.<\/p>\n<p><strong><span style=\"text-decoration: underline\">Allerg\u00e8nes<\/span> : Peut contenir des traces de soja, fruits \u00e0 coque, s\u00e9same.<\/strong><\/p>\n<p><em>\u00c0 conserver au frais \u00e0 +4\u00b0C.<\/em><\/p>\n<p><span style=\"text-decoration: underline\">Valeurs nutritionnelles pour 100g<\/span> :<\/p>\n<p>\u00c9nergie 1047 kJ \/ 251 kcal<br \/>\nMati\u00e8res grasses 17 g<br \/>\n&#8211; dont acides gras satur\u00e9s 14,7 g<br \/>\nGlucides 20,2 g<br \/>\n&#8211; dont sucres 0,6 g<br \/>\nFibres 2,3 g<br \/>\nProt\u00e9ines 4,3 g<br \/>\nSel 2,25 g<\/p>\n<p>Produit en Italie par Pangea Food<\/p>","protected":false},"excerpt":{"rendered":"<p>Ingr\u00e9dients : Eau, f\u00e9cule de pomme de terre, huile de coco, farine de pois chiches 11%, levure nutritionnelle, sel marin, champignons de Paris s\u00e9ch\u00e9s, ar\u00f4mes&#8230;<\/p>","protected":false},"featured_media":30657,"template":"","meta":{"_acf_changed":false},"etheme_brands":[{"term_id":444,"name":"Pangea Food","slug":"pangea-food","term_group":0,"term_taxonomy_id":444,"taxonomy":"brand","description":"","parent":0,"count":6,"filter":"raw"}],"product_brand":[],"product_cat":[738,15,370],"product_tag":[],"class_list":{"0":"post-31213","1":"product","2":"type-product","3":"status-publish","4":"has-post-thumbnail","6":"brand-pangea-food","7":"product_cat-alternative-vegan-fromage-affine","8":"product_cat-tout","9":"product_cat-alternatives-vegan-fromage","11":"first","12":"instock","13":"taxable","14":"shipping-taxable","15":"purchasable","16":"product-type-simple"},"supplier_id":null,"supplier_sku":"","barcode":null,"atum_controlled":false,"out_stock_date":null,"out_stock_threshold":null,"inheritable":false,"inbound_stock":null,"stock_on_hold":0,"sold_today":0,"sales_last_days":0,"reserved_stock":null,"customer_returns":null,"warehouse_damage":null,"lost_in_post":null,"other_logs":null,"out_stock_days":0,"lost_sales":0,"has_location":null,"update_date":"2026-04-18T00:04:11","atum_locations":[],"atum_stock_status":"instock","restock_status":false,"low_stock_amount":"","sales_update_date":"2026-04-18T00:04:11","calc_backorders":null,"acf":[],"_links":{"self":[{"href":"https:\/\/www.theblackcowshop.com\/nl\/wp-json\/wp\/v2\/product\/31213","targetHints":{"allow":["GET"]}}],"collection":[{"href":"https:\/\/www.theblackcowshop.com\/nl\/wp-json\/wp\/v2\/product"}],"about":[{"href":"https:\/\/www.theblackcowshop.com\/nl\/wp-json\/wp\/v2\/types\/product"}],"version-history":[{"count":1,"href":"https:\/\/www.theblackcowshop.com\/nl\/wp-json\/wp\/v2\/product\/31213\/revisions"}],"predecessor-version":[{"id":31215,"href":"https:\/\/www.theblackcowshop.com\/nl\/wp-json\/wp\/v2\/product\/31213\/revisions\/31215"}],"wp:featuredmedia":[{"embeddable":true,"href":"https:\/\/www.theblackcowshop.com\/nl\/wp-json\/wp\/v2\/media\/30657"}],"wp:attachment":[{"href":"https:\/\/www.theblackcowshop.com\/nl\/wp-json\/wp\/v2\/media?parent=31213"}],"wp:term":[{"taxonomy":"brand","embeddable":true,"href":"https:\/\/www.theblackcowshop.com\/nl\/wp-json\/wp\/v2\/etheme_brands?post=31213"},{"taxonomy":"product_brand","embeddable":true,"href":"https:\/\/www.theblackcowshop.com\/nl\/wp-json\/wp\/v2\/product_brand?post=31213"},{"taxonomy":"product_cat","embeddable":true,"href":"https:\/\/www.theblackcowshop.com\/nl\/wp-json\/wp\/v2\/product_cat?post=31213"},{"taxonomy":"product_tag","embeddable":true,"href":"https:\/\/www.theblackcowshop.com\/nl\/wp-json\/wp\/v2\/product_tag?post=31213"}],"curies":[{"name":"wp","href":"https:\/\/api.w.org\/{rel}","templated":true}]}}