{"id":31226,"date":"2025-10-02T18:28:20","date_gmt":"2025-10-02T16:28:20","guid":{"rendered":"https:\/\/www.theblackcowshop.com\/?post_type=product&#038;p=31226"},"modified":"2026-04-14T13:20:42","modified_gmt":"2026-04-14T11:20:42","slug":"assaisonnement-saveur-fromage-italien-75g","status":"publish","type":"product","link":"https:\/\/www.theblackcowshop.com\/nl\/product\/assaisonnement-saveur-fromage-italien-75g\/","title":{"rendered":"Assaisonnement \u00ab\u00a0Go\u00fbt Fromage Italien\u00a0\u00bb 75g &#8211; V\u00e9T\u00e9Jal"},"content":{"rendered":"<p><span style=\"text-decoration: underline\">Ingr\u00e9dients<\/span> : Farine de ma\u00efs*, sel, oignon*, ar\u00f4mes naturels.<\/p>\n<p><em>\u00c0 conserver dans un endroit frais et sec<\/em><\/p>\n<p><span style=\"text-decoration: underline\">Utilisation<\/span> : Incorporez dans tous vos plats comme une \u00e9pice ou m\u00e9langez simplement nos assaisonnements \u00e0 la cr\u00e8me de votre choix pour r\u00e9aliser des sauces extraordinaires !<\/p>\n<div class=\"nutrition-table\">\n<div class=\"nutrition-line\"><span class=\"label\"><span style=\"text-decoration: underline\">Valeurs nutritionnelles pour 100g<\/span> : <\/span><\/div>\n<div class=\"nutrition-line\"><span class=\"label\">Energie <\/span><span class=\"value\">293 kcal \/ 1225 KJ<\/span><\/div>\n<div class=\"nutrition-line\"><span class=\"label\">Mati\u00e8res grasses <\/span><span class=\"value\">3.7g<\/span><\/div>\n<div class=\"nutrition-line\"><span class=\"label\">dont satur\u00e9es <\/span><span class=\"value\">0g<\/span><\/div>\n<div class=\"nutrition-line\"><span class=\"label\">Glucides <\/span><span class=\"value\">60.7g<\/span><\/div>\n<div class=\"nutrition-line\"><span class=\"label\">dont sucres <\/span><span class=\"value\">3.7g<\/span><\/div>\n<div class=\"nutrition-line\"><span class=\"label\">Prot\u00e9ines <\/span><span class=\"value\">7.1g<\/span><\/div>\n<div class=\"nutrition-line\"><span class=\"label\">Sel <\/span><span class=\"value\">12.5g<\/span><\/div>\n<div><\/div>\n<div class=\"nutrition-line\">Produit en France par V\u00e9T\u00e9Jal<\/div>\n<\/div>","protected":false},"excerpt":{"rendered":"<p>Ingr\u00e9dients : Farine de ma\u00efs*, sel, oignon*, ar\u00f4mes naturels. \u00c0 conserver dans un endroit frais et sec Utilisation : Incorporez dans tous vos plats comme&#8230;<\/p>","protected":false},"featured_media":31227,"template":"","meta":{"_acf_changed":false},"etheme_brands":[{"term_id":677,"name":"V\u00e9T\u00e9Jal","slug":"vetejal","term_group":0,"term_taxonomy_id":677,"taxonomy":"brand","description":"","parent":0,"count":8,"filter":"raw"}],"product_brand":[],"product_cat":[395,15,372],"product_tag":[],"class_list":{"0":"post-31226","1":"product","2":"type-product","3":"status-publish","4":"has-post-thumbnail","6":"brand-vetejal","7":"product_cat-sauces-condiments-vegan","8":"product_cat-tout","9":"product_cat-epicerie-vegan","11":"first","12":"instock","13":"taxable","14":"shipping-taxable","15":"purchasable","16":"product-type-simple"},"supplier_id":null,"supplier_sku":"","barcode":null,"atum_controlled":false,"out_stock_date":null,"out_stock_threshold":null,"inheritable":false,"inbound_stock":null,"stock_on_hold":0,"sold_today":0,"sales_last_days":0,"reserved_stock":null,"customer_returns":null,"warehouse_damage":null,"lost_in_post":null,"other_logs":null,"out_stock_days":0,"lost_sales":0,"has_location":null,"update_date":"2026-04-18T00:04:12","atum_locations":[],"atum_stock_status":"instock","restock_status":false,"low_stock_amount":"","sales_update_date":"2026-04-18T00:04:12","calc_backorders":null,"acf":[],"_links":{"self":[{"href":"https:\/\/www.theblackcowshop.com\/nl\/wp-json\/wp\/v2\/product\/31226","targetHints":{"allow":["GET"]}}],"collection":[{"href":"https:\/\/www.theblackcowshop.com\/nl\/wp-json\/wp\/v2\/product"}],"about":[{"href":"https:\/\/www.theblackcowshop.com\/nl\/wp-json\/wp\/v2\/types\/product"}],"version-history":[{"count":5,"href":"https:\/\/www.theblackcowshop.com\/nl\/wp-json\/wp\/v2\/product\/31226\/revisions"}],"predecessor-version":[{"id":32068,"href":"https:\/\/www.theblackcowshop.com\/nl\/wp-json\/wp\/v2\/product\/31226\/revisions\/32068"}],"wp:featuredmedia":[{"embeddable":true,"href":"https:\/\/www.theblackcowshop.com\/nl\/wp-json\/wp\/v2\/media\/31227"}],"wp:attachment":[{"href":"https:\/\/www.theblackcowshop.com\/nl\/wp-json\/wp\/v2\/media?parent=31226"}],"wp:term":[{"taxonomy":"brand","embeddable":true,"href":"https:\/\/www.theblackcowshop.com\/nl\/wp-json\/wp\/v2\/etheme_brands?post=31226"},{"taxonomy":"product_brand","embeddable":true,"href":"https:\/\/www.theblackcowshop.com\/nl\/wp-json\/wp\/v2\/product_brand?post=31226"},{"taxonomy":"product_cat","embeddable":true,"href":"https:\/\/www.theblackcowshop.com\/nl\/wp-json\/wp\/v2\/product_cat?post=31226"},{"taxonomy":"product_tag","embeddable":true,"href":"https:\/\/www.theblackcowshop.com\/nl\/wp-json\/wp\/v2\/product_tag?post=31226"}],"curies":[{"name":"wp","href":"https:\/\/api.w.org\/{rel}","templated":true}]}}